{"id":23172,"date":"2022-09-12T11:50:45","date_gmt":"2022-09-12T11:50:45","guid":{"rendered":"https:\/\/www.wallamascotas.com\/web3\/?page_id=23172"},"modified":"2026-02-14T00:55:35","modified_gmt":"2026-02-14T00:55:35","slug":"plataforma","status":"publish","type":"page","link":"https:\/\/www.wallamascotas.com\/web3\/plataforma\/","title":{"rendered":"PLATAFORMA"},"content":{"rendered":"\n\t<section class=\"section\" id=\"section_1201475049\">\n\t\t<div class=\"bg section-bg fill bg-fill  bg-loaded\" >\n\n\t\t\t\n\t\t\t\n\t\t\t\n\n\t\t<\/div>\n\n\t\t\n\n\t\t<div class=\"section-content relative\">\n\t\t\t\n\n<div class=\"row row-large align-equal\"  id=\"row-634073687\">\n\n\n\t<div id=\"col-916856746\" class=\"col medium-6 small-12 large-6\"  >\n\t\t\t\t<div class=\"col-inner\"  >\n\t\t\t\n\t\t\t\n\n\t<div id=\"text-4174079659\" class=\"text\">\n\t\t\n\n<h6 style=\"text-align: center;\">WALLAMASCOTAS<\/h6>\n\t\t\n<style>\n#text-4174079659 {\n  font-size: 2.25rem;\n  line-height: 1.25;\n}\n<\/style>\n\t<\/div>\n\t\n<p style=\"text-align: justify;\">Asociaci\u00f3n sin \u00e1nimo de lucro dada de alta en el registro nacional de asociaciones con CIF 8871123G que ofrece una plataforma para poner en contacto a personas, asociaciones y protectoras que tienen animales para dar en adopci\u00f3n con personas que quieren adoptar a un animal, por lo tanto <strong>nosotros no tenemos a los animales<\/strong><\/p>\n\t<div id=\"gap-627434016\" class=\"gap-element clearfix\" style=\"display:block; height:auto;\">\n\t\t\n<style>\n#gap-627434016 {\n  padding-top: 25px;\n}\n<\/style>\n\t<\/div>\n\t\n\n\n  <div class=\"banner has-hover\" id=\"banner-1846875829\">\n          <div class=\"banner-inner fill\">\n        <div class=\"banner-bg fill\" >\n            <div class=\"bg fill bg-fill \"><\/div>\n                                    \n                    <\/div>\n\t\t\n        <div class=\"banner-layers container\">\n            <div class=\"fill banner-link\"><\/div>            \n\n   <div id=\"text-box-558377985\" class=\"text-box banner-layer x50 md-x50 lg-x50 y50 md-y50 lg-y50 res-text\">\n                                <div class=\"text-box-content text dark\">\n              \n              <div class=\"text-inner text-center\">\n                  \n\n\n              <\/div>\n           <\/div>\n                            \n<style>\n#text-box-558377985 {\n  width: 60%;\n}\n#text-box-558377985 .text-box-content {\n  font-size: 100%;\n}\n@media (min-width:550px) {\n  #text-box-558377985 {\n    width: 60%;\n  }\n}\n<\/style>\n    <\/div>\n \n\n        <\/div>\n      <\/div>\n\n            \n<style>\n#banner-1846875829 {\n  padding-top: 40%;\n  background-color: rgba(255, 255, 255, 0);\n}\n#banner-1846875829 .bg.bg-loaded {\n  background-image: url(https:\/\/www.wallamascotas.com\/web3\/wp-content\/uploads\/2022\/09\/porta_0-65d79159-300x202.jpg);\n}\n@media (min-width:550px) {\n  #banner-1846875829 {\n    padding-top: 300px;\n  }\n}\n<\/style>\n  <\/div>\n\n\n\n\t\t<\/div>\n\t\t\t\t\t<\/div>\n\n\t\n\n\t<div id=\"col-256410910\" class=\"col medium-6 small-12 large-6\"  >\n\t\t\t\t<div class=\"col-inner\"  >\n\t\t\t\n\t\t\t\n\n\t<div id=\"gap-778752284\" class=\"gap-element clearfix\" style=\"display:block; height:auto;\">\n\t\t\n<style>\n#gap-778752284 {\n  padding-top: 30px;\n}\n<\/style>\n\t<\/div>\n\t\n\n<h3><strong>ADOPTAR<\/strong><\/h3>\n<p style=\"text-align: justify;\">Si usted quiere adoptar una mascota pulse <a href=\"https:\/\/www.wallamascotas.com\/web3\/zona_adoptar\/\">aqu\u00ed.<\/a> Le recordamos que nosotros no tenemos a los animales, dentro de cada ficha de mascota se encuentran los datos de contacto con su actual cuidador para empezar los tr\u00e1mites de la adopci\u00f3n, nosotros como Wallamascotas no intervenimos en el proceso.<\/p>\n<a href=\"https:\/\/www.wallamascotas.com\/web3\/2026_adoptar\/\" class=\"button primary\"  style=\"border-radius:10px;\">\n    <span>ADOPTAR<\/span>\n  <i class=\"icon-star\" aria-hidden=\"true\" ><\/i><\/a>\n\n\n\t<div id=\"gap-1280172594\" class=\"gap-element clearfix\" style=\"display:block; height:auto;\">\n\t\t\n<style>\n#gap-1280172594 {\n  padding-top: 30px;\n}\n<\/style>\n\t<\/div>\n\t\n\n<h3><strong>DAR EN ADOPCI\u00d3N<\/strong><\/h3>\n<p style=\"text-align: justify;\">Si usted quiere dar en adopci\u00f3n a su mascota nosotros le podemos ayudar, lo primero es darse de alta en la plataforma para luego crear una publicaci\u00f3n con la adopci\u00f3n de su mascota<\/p>\n<a href=\"https:\/\/www.wallamascotas.com\/web3\/2026_dar_adopcion\/\" class=\"button primary\"  style=\"border-radius:10px;\">\n    <span>DAR EN ADOPCI\u00d3N<\/span>\n  <i class=\"icon-star\" aria-hidden=\"true\" ><\/i><\/a>\n\n\n\t<div id=\"gap-93954689\" class=\"gap-element clearfix\" style=\"display:block; height:auto;\">\n\t\t\n<style>\n#gap-93954689 {\n  padding-top: 30px;\n}\n<\/style>\n\t<\/div>\n\t\n\n<h3><strong>ASOCIACIONES<\/strong><\/h3>\n<p style=\"text-align: justify;\">Actualmente colaboramos con m\u00e1s de 115 asociaciones a nivel nacional, donde publican sus adopciones para as\u00ed darles mayor difusi\u00f3n y que consigan antes un nuevo hogar. Si colaboras con una asociaci\u00f3n y quieres formar parte de la familia Wallamascotas pulsa <a href=\"https:\/\/www.wallamascotas.com\/web3\/contacto\/\">aqu\u00ed.<\/a><\/p>\n<a href=\"https:\/\/www.wallamascotas.com\/web3\/mascotas\/adoptar-perro-gato-adoptar-mascota-es\/asociaciones\/\" class=\"button primary\"  style=\"border-radius:10px;\">\n    <span>ASOCIACIONES<\/span>\n  <i class=\"icon-star\" aria-hidden=\"true\" ><\/i><\/a>\n\n\n\t<div id=\"gap-473900615\" class=\"gap-element clearfix\" style=\"display:block; height:auto;\">\n\t\t\n<style>\n#gap-473900615 {\n  padding-top: 30px;\n}\n<\/style>\n\t<\/div>\n\t\n\n<h3><strong>DONACIONES<\/strong><\/h3>\n<p style=\"text-align: justify;\">La asociaci\u00f3n sin \u00e1nimo de lucro Wallamascotas no tiene ning\u00fan tipo de financiaci\u00f3n, as\u00ed que si usted quisiera colaborar con nosotros para puede realizar una donaci\u00f3n a trav\u00e9s de Paypal<\/p>\n\n\n<div id=\"donate-button-container\">\n<div id=\"donate-button\"><\/div>\n<script src=\"https:\/\/www.paypalobjects.com\/donate\/sdk\/donate-sdk.js\" charset=\"UTF-8\"><\/script>\n<script>\nPayPal.Donation.Button({\nenv:'production',\nhosted_button_id:'4KH294VNMREF4',\nimage: {\nsrc:'https:\/\/www.paypalobjects.com\/es_ES\/ES\/i\/btn\/btn_donate_LG.gif',\nalt:'Bot\u00f3n\u00a0Donar con PayPal',\ntitle:'PayPal - The safer, easier way to pay online!',\n}\n}).render('#donate-button');\n<\/script>\n<\/div>\n\n\t<div id=\"gap-1373349039\" class=\"gap-element clearfix\" style=\"display:block; height:auto;\">\n\t\t\n<style>\n#gap-1373349039 {\n  padding-top: 30px;\n}\n<\/style>\n\t<\/div>\n\t\n\n\n\n\n\n\n\t\t<\/div>\n\t\t\t\t\t<\/div>\n\n\t\n\n<\/div>\n\n\t\t<\/div>\n\n\t\t\n<style>\n#section_1201475049 {\n  padding-top: 50px;\n  padding-bottom: 50px;\n}\n<\/style>\n\t<\/section>\n\t\n\n","protected":false},"excerpt":{"rendered":"","protected":false},"author":1,"featured_media":0,"parent":0,"menu_order":0,"comment_status":"closed","ping_status":"closed","template":"","meta":{"_acf_changed":false,"footnotes":""},"class_list":["post-23172","page","type-page","status-publish","hentry"],"acf":[],"_links":{"self":[{"href":"https:\/\/www.wallamascotas.com\/web3\/wp-json\/wp\/v2\/pages\/23172","targetHints":{"allow":["GET"]}}],"collection":[{"href":"https:\/\/www.wallamascotas.com\/web3\/wp-json\/wp\/v2\/pages"}],"about":[{"href":"https:\/\/www.wallamascotas.com\/web3\/wp-json\/wp\/v2\/types\/page"}],"author":[{"embeddable":true,"href":"https:\/\/www.wallamascotas.com\/web3\/wp-json\/wp\/v2\/users\/1"}],"replies":[{"embeddable":true,"href":"https:\/\/www.wallamascotas.com\/web3\/wp-json\/wp\/v2\/comments?post=23172"}],"version-history":[{"count":0,"href":"https:\/\/www.wallamascotas.com\/web3\/wp-json\/wp\/v2\/pages\/23172\/revisions"}],"wp:attachment":[{"href":"https:\/\/www.wallamascotas.com\/web3\/wp-json\/wp\/v2\/media?parent=23172"}],"curies":[{"name":"wp","href":"https:\/\/api.w.org\/{rel}","templated":true}]}}