{"id":10045,"date":"2019-03-15T09:59:26","date_gmt":"2019-03-15T09:59:26","guid":{"rendered":"http:\/\/www.wallamascotas.com\/web3\/?post_type=product&#038;p=10045"},"modified":"2026-03-25T18:20:09","modified_gmt":"2026-03-25T18:20:09","slug":"mike-1-mes-guadalajara","status":"publish","type":"product","link":"https:\/\/www.wallamascotas.com\/web3\/mascota\/mike-1-mes-guadalajara\/","title":{"rendered":"MIKE \u2013 1 MES"},"content":{"rendered":"<p><span style=\"color: #33cccc; font-size: 130%;\"><strong>ADOPTADO<\/strong><\/span><\/p>\n<p style=\"text-align: justify;\">Recogido con sus tres hermanos, fruto de una camada indeseada. Sus padres son de tama\u00f1o peque\u00f1o (no mini). Nacido el 25 de enero de 2019, ser\u00e1 de tama\u00f1o peque\u00f1o cuando sea adulto. Se entregar\u00e1 en adopci\u00f3n a partir del 25 de marzo, al d\u00eda a nivel veterinario seg\u00fan su edad, con contrato, seguimiento y compromiso de castraci\u00f3n.<\/p>\n","protected":false},"excerpt":{"rendered":"<p><span style=\"color: #33cccc;\"><strong>ADOPTADO.<\/strong> <\/span>Muy juguet\u00f3n<\/p>\n","protected":false},"featured_media":0,"template":"","meta":{"_acf_changed":false},"product_brand":[],"product_cat":[51,1000],"product_tag":[],"class_list":{"0":"post-10045","1":"product","2":"type-product","3":"status-publish","5":"product_cat-adoptados","6":"product_cat-adoptar-perro-gato-adoptar-mascota-es","7":"pa_fecha_nacimiento-1-mes-y-medio","8":"pa_fecha-alta-15-03-2019","9":"pa_origen-a-p-a-sonando-feliz","10":"pa_pais-espana","11":"pa_provincia-guadalajara","12":"pa_tamano-b","14":"first","15":"instock","16":"taxable","17":"shipping-taxable","18":"product-type-simple"},"acf":[],"_links":{"self":[{"href":"https:\/\/www.wallamascotas.com\/web3\/wp-json\/wp\/v2\/product\/10045","targetHints":{"allow":["GET"]}}],"collection":[{"href":"https:\/\/www.wallamascotas.com\/web3\/wp-json\/wp\/v2\/product"}],"about":[{"href":"https:\/\/www.wallamascotas.com\/web3\/wp-json\/wp\/v2\/types\/product"}],"wp:attachment":[{"href":"https:\/\/www.wallamascotas.com\/web3\/wp-json\/wp\/v2\/media?parent=10045"}],"wp:term":[{"taxonomy":"product_brand","embeddable":true,"href":"https:\/\/www.wallamascotas.com\/web3\/wp-json\/wp\/v2\/product_brand?post=10045"},{"taxonomy":"product_cat","embeddable":true,"href":"https:\/\/www.wallamascotas.com\/web3\/wp-json\/wp\/v2\/product_cat?post=10045"},{"taxonomy":"product_tag","embeddable":true,"href":"https:\/\/www.wallamascotas.com\/web3\/wp-json\/wp\/v2\/product_tag?post=10045"}],"curies":[{"name":"wp","href":"https:\/\/api.w.org\/{rel}","templated":true}]}}