{"id":10224,"date":"2019-04-04T12:03:30","date_gmt":"2019-04-04T12:03:30","guid":{"rendered":"http:\/\/www.wallamascotas.com\/web3\/?post_type=product&#038;p=10224"},"modified":"2026-03-25T18:20:09","modified_gmt":"2026-03-25T18:20:09","slug":"tiffany-tarragona","status":"publish","type":"product","link":"https:\/\/www.wallamascotas.com\/web3\/mascota\/tiffany-tarragona\/","title":{"rendered":"TIFFANY"},"content":{"rendered":"<p><a href=\"http:\/\/www.wallamascotas.com\/web3\/wp-content\/uploads\/2018\/10\/banner_publicidad_wallamascotas_colabora2-1.jpg\"><img loading=\"lazy\" decoding=\"async\" class=\"alignnone size-full wp-image-7248\" src=\"http:\/\/www.wallamascotas.com\/web3\/wp-content\/uploads\/2018\/10\/banner_publicidad_wallamascotas_colabora2-1.jpg\" alt=\"\" width=\"750\" height=\"220\" \/><\/a><\/p>\n<p>Tiffany es una gata adulta rescatada de una colonia de la calle. Al ver que cojeaba se la llev\u00f3 al veterinario donde las radiograf\u00edas que se le hicieron revelaron que ya estaba castrada y operada de un traumatismo en su pata trasera izquierda donde llevaba un tornillo que se hab\u00eda desplazado produci\u00e9ndole dolor y cojera. Adem\u00e1s tiene las ultimas vertebras aplastadas lo que le provoca que arrastre la cola. Posiblemente tanto el desplazamiento del tornillo como \u00a0esto \u00faltimo se deba a otro traumatismo muy posterior al primer accidente por el que le tuvieron que poner el tornillo, quiz\u00e1s un atropello, un fuerte golpe con una pala, una ca\u00edda desde una ventana&#8230;<\/p>\n<p>Se le interviene para retirar dicho tornillo y se procede a amputar la cola. Tiffany respondi\u00f3 muy bien a la nueva intervenci\u00f3n, no tiene ya dolor y camina con normalidad. El problema es que debido al traumatismo en la columna se han visto afectado el control de los esf\u00ednteres, por lo que cuando sus intestinos \u00a0est\u00e1n llenos defeca involuntariamente y cuando se sienta se vac\u00eda su vejiga.<\/p>\n<p>El test de inmunodeficiencia y leucemia felinas ha dado negativo en ambas enfermedades. Pero su incontinencia hace pr\u00e1cticamente inviable su adopci\u00f3n. Y por el momento nadie la ha reclamado.<\/p>\n<p>Por eso, buscamos a alguien con experiencia en vaciar vejiga y con un ENORME CORAZ\u00d3N para darle un hogar y una familia a Tiffany. Se lo merece despu\u00e9s de todo lo que ha sufrido.<\/p>\n<p>Se dar\u00e1 con contrato de adopci\u00f3n y chip. Por favor, necesitamos encontrarle ya a su familia perfecta. <a href=\"http:\/\/www.wallamascotas.com\/web3\/wp-content\/uploads\/2018\/10\/banner_publicidad_wallamascotas_no_compres-1.jpg\"><img loading=\"lazy\" decoding=\"async\" class=\"alignnone size-full wp-image-7183\" src=\"http:\/\/www.wallamascotas.com\/web3\/wp-content\/uploads\/2018\/10\/banner_publicidad_wallamascotas_no_compres-1.jpg\" alt=\"\" width=\"750\" height=\"140\" srcset=\"https:\/\/www.wallamascotas.com\/web3\/wp-content\/uploads\/2018\/10\/banner_publicidad_wallamascotas_no_compres-1.jpg 750w, https:\/\/www.wallamascotas.com\/web3\/wp-content\/uploads\/2018\/10\/banner_publicidad_wallamascotas_no_compres-1-300x56.jpg 300w, https:\/\/www.wallamascotas.com\/web3\/wp-content\/uploads\/2018\/10\/banner_publicidad_wallamascotas_no_compres-1-600x112.jpg 600w\" sizes=\"auto, (max-width: 750px) 100vw, 750px\" \/><\/a><\/p>\n<p><a href=\"http:\/\/www.wallamascotas.com\/web3\/wp-content\/uploads\/2018\/10\/banner_colabora.jpg\"><img loading=\"lazy\" decoding=\"async\" class=\"alignnone size-full wp-image-7179\" src=\"http:\/\/www.wallamascotas.com\/web3\/wp-content\/uploads\/2018\/10\/banner_colabora.jpg\" alt=\"\" width=\"750\" height=\"140\" srcset=\"https:\/\/www.wallamascotas.com\/web3\/wp-content\/uploads\/2018\/10\/banner_colabora.jpg 750w, https:\/\/www.wallamascotas.com\/web3\/wp-content\/uploads\/2018\/10\/banner_colabora-300x56.jpg 300w, https:\/\/www.wallamascotas.com\/web3\/wp-content\/uploads\/2018\/10\/banner_colabora-600x112.jpg 600w\" sizes=\"auto, (max-width: 750px) 100vw, 750px\" \/><\/a><\/p>\n<div class=\"fb-page\" data-href=\"https:\/\/www.facebook.com\/wallamascotas\" data-width=\"340\" data-hide-cover=\"false\" data-show-facepile=\"true\"><\/div>\n","protected":false},"excerpt":{"rendered":"<p style=\"text-align: justify;\"><span style=\"color: #33cccc;\"><strong>ADOPTADA.<\/strong><\/span> Busca un hogar<\/p>\n","protected":false},"featured_media":0,"template":"","meta":{"_acf_changed":false},"product_brand":[],"product_cat":[51],"product_tag":[],"class_list":{"0":"post-10224","1":"product","2":"type-product","3":"status-publish","5":"product_cat-adoptados","6":"pa_fecha-alta-04-04-2019","7":"pa_origen-particular","8":"pa_provincia-tarragona","9":"pa_tamano-c","11":"first","12":"instock","13":"taxable","14":"shipping-taxable","15":"product-type-simple"},"acf":[],"_links":{"self":[{"href":"https:\/\/www.wallamascotas.com\/web3\/wp-json\/wp\/v2\/product\/10224","targetHints":{"allow":["GET"]}}],"collection":[{"href":"https:\/\/www.wallamascotas.com\/web3\/wp-json\/wp\/v2\/product"}],"about":[{"href":"https:\/\/www.wallamascotas.com\/web3\/wp-json\/wp\/v2\/types\/product"}],"wp:attachment":[{"href":"https:\/\/www.wallamascotas.com\/web3\/wp-json\/wp\/v2\/media?parent=10224"}],"wp:term":[{"taxonomy":"product_brand","embeddable":true,"href":"https:\/\/www.wallamascotas.com\/web3\/wp-json\/wp\/v2\/product_brand?post=10224"},{"taxonomy":"product_cat","embeddable":true,"href":"https:\/\/www.wallamascotas.com\/web3\/wp-json\/wp\/v2\/product_cat?post=10224"},{"taxonomy":"product_tag","embeddable":true,"href":"https:\/\/www.wallamascotas.com\/web3\/wp-json\/wp\/v2\/product_tag?post=10224"}],"curies":[{"name":"wp","href":"https:\/\/api.w.org\/{rel}","templated":true}]}}