{"id":10424,"date":"2019-04-20T11:03:37","date_gmt":"2019-04-20T11:03:37","guid":{"rendered":"http:\/\/www.wallamascotas.com\/web3\/?post_type=product&#038;p=10424"},"modified":"2019-05-13T10:04:30","modified_gmt":"2019-05-13T10:04:30","slug":"lagun-10-meses-guadalajara","status":"publish","type":"product","link":"https:\/\/www.wallamascotas.com\/web3\/mascota\/lagun-10-meses-guadalajara\/","title":{"rendered":"LAGUN \u2013 10 MESES"},"content":{"rendered":"<p><span style=\"color: #33cccc; font-size: 130%;\"><strong>ADOPTADO<\/strong><\/span><\/p>\n<p style=\"text-align: justify;\">LAGUN ES UN PRECIOSO B\u00d3XER QUE EST\u00c1 BUSCANDO FAMILIA. TIENE UN CAR\u00c1CTER EXCEPCIONAL. SE ENTREGA CASTRADO, CON CONTRATO DE ADOPCI\u00d3N Y SEGUIMIENTO. GASTOS POR CUENTA DEL ADOPTANTE.<\/p>\n","protected":false},"excerpt":{"rendered":"<p style=\"text-align: justify;\"><span style=\"color: #33cccc;\"><strong>ADOPTADO.<\/strong><\/span> Muy cari\u00f1oso<\/p>\n","protected":false},"featured_media":0,"template":"","meta":{"_acf_changed":false},"product_brand":[],"product_cat":[1000],"product_tag":[],"class_list":{"0":"post-10424","1":"product","2":"type-product","3":"status-publish","5":"product_cat-adoptar-perro-gato-adoptar-mascota-es","6":"pa_chip-si","7":"pa_fecha-alta-24-07-2018","8":"pa_origen-a-p-a-sonando-feliz","9":"pa_pais-espana","10":"pa_provincia-guadalajara","11":"pa_raza-gato-comun","12":"pa_sexo-macho","13":"pa_tamano-c","15":"first","16":"instock","17":"taxable","18":"shipping-taxable","19":"product-type-simple"},"acf":[],"_links":{"self":[{"href":"https:\/\/www.wallamascotas.com\/web3\/wp-json\/wp\/v2\/product\/10424","targetHints":{"allow":["GET"]}}],"collection":[{"href":"https:\/\/www.wallamascotas.com\/web3\/wp-json\/wp\/v2\/product"}],"about":[{"href":"https:\/\/www.wallamascotas.com\/web3\/wp-json\/wp\/v2\/types\/product"}],"wp:attachment":[{"href":"https:\/\/www.wallamascotas.com\/web3\/wp-json\/wp\/v2\/media?parent=10424"}],"wp:term":[{"taxonomy":"product_brand","embeddable":true,"href":"https:\/\/www.wallamascotas.com\/web3\/wp-json\/wp\/v2\/product_brand?post=10424"},{"taxonomy":"product_cat","embeddable":true,"href":"https:\/\/www.wallamascotas.com\/web3\/wp-json\/wp\/v2\/product_cat?post=10424"},{"taxonomy":"product_tag","embeddable":true,"href":"https:\/\/www.wallamascotas.com\/web3\/wp-json\/wp\/v2\/product_tag?post=10424"}],"curies":[{"name":"wp","href":"https:\/\/api.w.org\/{rel}","templated":true}]}}