{"id":11106,"date":"2019-06-13T08:22:52","date_gmt":"2019-06-13T08:22:52","guid":{"rendered":"http:\/\/www.wallamascotas.com\/web3\/?post_type=product&#038;p=11106"},"modified":"2026-03-25T18:20:09","modified_gmt":"2026-03-25T18:20:09","slug":"curie-2-meses-granada","status":"publish","type":"product","link":"https:\/\/www.wallamascotas.com\/web3\/mascota\/curie-2-meses-granada\/","title":{"rendered":"CURIE \u2013 2 MESES"},"content":{"rendered":"<p><span style=\"color: #33cccc; font-size: 130%;\"><strong>ADOPTADA<\/strong><\/span><\/p>\n<p>Atenci\u00f3n, atenci\u00f3n! Os presentamos a estas dos preciosuras, Frida y Curie, hermanitas y compa\u00f1eras de batallas. Nosotros ya las conoc\u00edamos, pero hasta ahora no os las hab\u00edamos ense\u00f1ado porque eran demasiado peque\u00f1as para volar de su casa de acogida. Fueron rescatadas con apenas unos d\u00edas de vida, y han sido cuidadas por una preciosa familia humana y gatuna, que se ha desvelado por ellas y sus cuidados, sus tomas de biber\u00f3n, sus caquitas&#8230; Ahora es el momento de que encuentren su propio camino, preferentemente juntas, o con otros gatos, para que puedan seguir aprendiendo las cosas que solo los de su misma especie les pueden ense\u00f1ar. Os recordamos que se entregan testadas, vacunadas, desparasitadas, con chip y pasaporte y con compromiso de esterilizaci\u00f3n cuando tengan la edad.<\/p>\n","protected":false},"excerpt":{"rendered":"<p style=\"text-align: justify;\"><span style=\"color: #33cccc;\"><strong>ADOPTADA.<\/strong><\/span> Busca un hogar<\/p>\n","protected":false},"featured_media":0,"template":"","meta":{"_acf_changed":false},"product_brand":[],"product_cat":[51,1000],"product_tag":[],"class_list":{"0":"post-11106","1":"product","2":"type-product","3":"status-publish","5":"product_cat-adoptados","6":"product_cat-adoptar-perro-gato-adoptar-mascota-es","7":"pa_fecha_nacimiento-2-meses","8":"pa_origen-maullidos-invisibles","9":"pa_provincia-granada","11":"first","12":"instock","13":"taxable","14":"shipping-taxable","15":"product-type-simple"},"acf":[],"_links":{"self":[{"href":"https:\/\/www.wallamascotas.com\/web3\/wp-json\/wp\/v2\/product\/11106","targetHints":{"allow":["GET"]}}],"collection":[{"href":"https:\/\/www.wallamascotas.com\/web3\/wp-json\/wp\/v2\/product"}],"about":[{"href":"https:\/\/www.wallamascotas.com\/web3\/wp-json\/wp\/v2\/types\/product"}],"wp:attachment":[{"href":"https:\/\/www.wallamascotas.com\/web3\/wp-json\/wp\/v2\/media?parent=11106"}],"wp:term":[{"taxonomy":"product_brand","embeddable":true,"href":"https:\/\/www.wallamascotas.com\/web3\/wp-json\/wp\/v2\/product_brand?post=11106"},{"taxonomy":"product_cat","embeddable":true,"href":"https:\/\/www.wallamascotas.com\/web3\/wp-json\/wp\/v2\/product_cat?post=11106"},{"taxonomy":"product_tag","embeddable":true,"href":"https:\/\/www.wallamascotas.com\/web3\/wp-json\/wp\/v2\/product_tag?post=11106"}],"curies":[{"name":"wp","href":"https:\/\/api.w.org\/{rel}","templated":true}]}}