{"id":11120,"date":"2019-06-14T09:44:41","date_gmt":"2019-06-14T09:44:41","guid":{"rendered":"http:\/\/www.wallamascotas.com\/web3\/?post_type=product&#038;p=11120"},"modified":"2026-03-25T18:20:09","modified_gmt":"2026-03-25T18:20:09","slug":"chincheta-y-mofletes-2-meses-granada","status":"publish","type":"product","link":"https:\/\/www.wallamascotas.com\/web3\/mascota\/chincheta-y-mofletes-2-meses-granada\/","title":{"rendered":"MOFLETES \u2013 2 MESES"},"content":{"rendered":"<p>Mofletes siguen esperando su turno para conocer su hogar definitivo. \u00a1Qu\u00e9 nervios!<br \/>\nAcaban de cumplir los dos meses y se llevan fenomenal con otros gatos, perros y todas las personas del mundo porque son s\u00faper sociables.<br \/>\nHan sido ya testados (son negativos), desparasitados y tienen su primera vacuna puesta. En pocos d\u00edas recibir\u00e1n el segundo pinchazo.<\/p>\n<p>Os recordamos que los gatos que se adoptan a trav\u00e9s de Maullidos Invisibles se entregan bajo contrato y con revisi\u00f3n hecha, testados, desparasitados, con las vacunas del primer a\u00f1o incluidas, castrados o con compromiso de castraci\u00f3n en nuestras cl\u00ednicas cuando cumplan la edad, con pasaporte europeo y chip a nombre de la familia que decida llev\u00e1rselo a casa.<\/p>\n","protected":false},"excerpt":{"rendered":"<p style=\"text-align: justify;\"><span style=\"color: #33cccc;\"><strong>ADOPTADO.<\/strong><\/span> Busca un hogar<\/p>\n","protected":false},"featured_media":0,"template":"","meta":{"_acf_changed":false},"product_brand":[],"product_cat":[51,1000],"product_tag":[],"class_list":{"0":"post-11120","1":"product","2":"type-product","3":"status-publish","5":"product_cat-adoptados","6":"product_cat-adoptar-perro-gato-adoptar-mascota-es","7":"pa_chip-si","8":"pa_fecha_nacimiento-7-meses","9":"pa_origen-maullidos-invisibles","10":"pa_provincia-granada","11":"pa_sexo-hembra","12":"pa_sexo-macho","14":"first","15":"instock","16":"taxable","17":"shipping-taxable","18":"product-type-simple"},"acf":[],"_links":{"self":[{"href":"https:\/\/www.wallamascotas.com\/web3\/wp-json\/wp\/v2\/product\/11120","targetHints":{"allow":["GET"]}}],"collection":[{"href":"https:\/\/www.wallamascotas.com\/web3\/wp-json\/wp\/v2\/product"}],"about":[{"href":"https:\/\/www.wallamascotas.com\/web3\/wp-json\/wp\/v2\/types\/product"}],"wp:attachment":[{"href":"https:\/\/www.wallamascotas.com\/web3\/wp-json\/wp\/v2\/media?parent=11120"}],"wp:term":[{"taxonomy":"product_brand","embeddable":true,"href":"https:\/\/www.wallamascotas.com\/web3\/wp-json\/wp\/v2\/product_brand?post=11120"},{"taxonomy":"product_cat","embeddable":true,"href":"https:\/\/www.wallamascotas.com\/web3\/wp-json\/wp\/v2\/product_cat?post=11120"},{"taxonomy":"product_tag","embeddable":true,"href":"https:\/\/www.wallamascotas.com\/web3\/wp-json\/wp\/v2\/product_tag?post=11120"}],"curies":[{"name":"wp","href":"https:\/\/api.w.org\/{rel}","templated":true}]}}