{"id":1149,"date":"2017-11-01T17:26:08","date_gmt":"2017-11-01T17:26:08","guid":{"rendered":"http:\/\/www.wallamascotas.com\/web3\/?post_type=product&#038;p=1149"},"modified":"2026-03-25T18:20:09","modified_gmt":"2026-03-25T18:20:09","slug":"circus-granada","status":"publish","type":"product","link":"https:\/\/www.wallamascotas.com\/web3\/mascota\/circus-granada\/","title":{"rendered":"CIRCUS"},"content":{"rendered":"<p><span style=\"color: #33cccc; font-size: 140%;\"><strong>ADOPTADO<\/strong><\/span><\/p>\n<p style=\"text-align: justify;\">Se encuentra en el refugio de la Asociaci\u00f3n Huellas Accitanas de Guadix (Granada). \u00a1NOS DESALOJAN! Necesitamos una adopci\u00f3n o acogida para \u00e9l y evitar que se lo lleven a la perrera. Es muy cari\u00f1osa y mimosa, casi pegajosa. Se lleva bien con otros machos y hembras pero NO con los cachorros (no sabemos por qu\u00e9). Su nombre habla de su historia, la dej\u00f3 abandonada un circo y creemos que ten\u00eda alg\u00fan tipo de entrenamiento porque sabe trepar&#8230;s\u00ed s\u00ed como lo lees, ella trepa por la valla. No es conveniente para un piso pues es activa y saltarina y necesita terreno para correr y vivir a sus anchas.<br \/>\nEmail contacto:\u00a0<a href=\"mailto:huellasaccitanasayuda@gmail.com\">huellasaccitanasayuda@gmail.com<\/a><br \/>\nTel\u00e9fono contacto: 645469335 Sandra<\/p>\n","protected":false},"excerpt":{"rendered":"<p style=\"text-align: justify;\"><span style=\"color: #33cccc;\"><strong>ADOPTADO.<\/strong> <\/span>Es un encanto y muy obediente<\/p>\n","protected":false},"featured_media":1153,"template":"","meta":{"_acf_changed":false},"product_brand":[],"product_cat":[51],"product_tag":[],"class_list":{"0":"post-1149","1":"product","2":"type-product","3":"status-publish","4":"has-post-thumbnail","6":"product_cat-adoptados","7":"pa_chip-no","8":"pa_fecha_nacimiento-18-meses","9":"pa_fecha-alta-310","10":"pa_origen-asociacion-huellas-accitanas-de-guadix","11":"pa_provincia-granada","12":"pa_tamano-c","14":"first","15":"instock","16":"taxable","17":"shipping-taxable","18":"product-type-simple"},"acf":[],"_links":{"self":[{"href":"https:\/\/www.wallamascotas.com\/web3\/wp-json\/wp\/v2\/product\/1149","targetHints":{"allow":["GET"]}}],"collection":[{"href":"https:\/\/www.wallamascotas.com\/web3\/wp-json\/wp\/v2\/product"}],"about":[{"href":"https:\/\/www.wallamascotas.com\/web3\/wp-json\/wp\/v2\/types\/product"}],"wp:featuredmedia":[{"embeddable":true,"href":"https:\/\/www.wallamascotas.com\/web3\/wp-json\/wp\/v2\/media\/1153"}],"wp:attachment":[{"href":"https:\/\/www.wallamascotas.com\/web3\/wp-json\/wp\/v2\/media?parent=1149"}],"wp:term":[{"taxonomy":"product_brand","embeddable":true,"href":"https:\/\/www.wallamascotas.com\/web3\/wp-json\/wp\/v2\/product_brand?post=1149"},{"taxonomy":"product_cat","embeddable":true,"href":"https:\/\/www.wallamascotas.com\/web3\/wp-json\/wp\/v2\/product_cat?post=1149"},{"taxonomy":"product_tag","embeddable":true,"href":"https:\/\/www.wallamascotas.com\/web3\/wp-json\/wp\/v2\/product_tag?post=1149"}],"curies":[{"name":"wp","href":"https:\/\/api.w.org\/{rel}","templated":true}]}}