{"id":1154,"date":"2017-11-01T17:31:42","date_gmt":"2017-11-01T17:31:42","guid":{"rendered":"http:\/\/www.wallamascotas.com\/web3\/?post_type=product&#038;p=1154"},"modified":"2026-03-25T18:20:09","modified_gmt":"2026-03-25T18:20:09","slug":"yeti-granada","status":"publish","type":"product","link":"https:\/\/www.wallamascotas.com\/web3\/mascota\/yeti-granada\/","title":{"rendered":"YETI"},"content":{"rendered":"<p><span style=\"color: #33cccc; font-size: 140%;\"><strong>ADOPTADO<\/strong><\/span><\/p>\n<p style=\"text-align: justify;\">Se encuentra en el refugio de la Asociaci\u00f3n Huellas Accitanas de Guadix (Granada). \u00a1NOS DESALOJAN! Necesitamos una adopci\u00f3n o acogida para \u00e9l y evitar que se lo lleven a la perrera. Es muy simp\u00e1tico sociable y cari\u00f1oso,le gusta que le acaricien y es fan de las atenciones. Se lleva muy bien con otros perros. Un d\u00eda al llegar las compa\u00f1eras al refugio se lo encontraron all\u00ed, muerto de miedo y en malas condiciones, pues estaba delgado y muerto de fr\u00edo (foto 1). Ahora est\u00e1 guap\u00edsimo y es muy contento.<br \/>\nEmail contacto:\u00a0<a href=\"mailto:huellasaccitanasayuda@gmail.com\">huellasaccitanasayuda@gmail.com<\/a><br \/>\nTel\u00e9fono contacto: 645469335 Sandra<\/p>\n","protected":false},"excerpt":{"rendered":"<p style=\"text-align: justify;\"><span style=\"color: #33cccc;\"><strong>ADOPTADO.<\/strong> <\/span>Es muy simp\u00e1tico y sociable<\/p>\n","protected":false},"featured_media":1157,"template":"","meta":{"_acf_changed":false},"product_brand":[],"product_cat":[51],"product_tag":[],"class_list":{"0":"post-1154","1":"product","2":"type-product","3":"status-publish","4":"has-post-thumbnail","6":"product_cat-adoptados","7":"pa_origen-asociacion-huellas-accitanas-de-guadix","8":"pa_provincia-granada","9":"pa_sexo-macho","10":"pa_tamano-c","12":"first","13":"instock","14":"taxable","15":"shipping-taxable","16":"product-type-simple"},"acf":[],"_links":{"self":[{"href":"https:\/\/www.wallamascotas.com\/web3\/wp-json\/wp\/v2\/product\/1154","targetHints":{"allow":["GET"]}}],"collection":[{"href":"https:\/\/www.wallamascotas.com\/web3\/wp-json\/wp\/v2\/product"}],"about":[{"href":"https:\/\/www.wallamascotas.com\/web3\/wp-json\/wp\/v2\/types\/product"}],"wp:featuredmedia":[{"embeddable":true,"href":"https:\/\/www.wallamascotas.com\/web3\/wp-json\/wp\/v2\/media\/1157"}],"wp:attachment":[{"href":"https:\/\/www.wallamascotas.com\/web3\/wp-json\/wp\/v2\/media?parent=1154"}],"wp:term":[{"taxonomy":"product_brand","embeddable":true,"href":"https:\/\/www.wallamascotas.com\/web3\/wp-json\/wp\/v2\/product_brand?post=1154"},{"taxonomy":"product_cat","embeddable":true,"href":"https:\/\/www.wallamascotas.com\/web3\/wp-json\/wp\/v2\/product_cat?post=1154"},{"taxonomy":"product_tag","embeddable":true,"href":"https:\/\/www.wallamascotas.com\/web3\/wp-json\/wp\/v2\/product_tag?post=1154"}],"curies":[{"name":"wp","href":"https:\/\/api.w.org\/{rel}","templated":true}]}}