{"id":1160,"date":"2017-11-01T17:43:20","date_gmt":"2017-11-01T17:43:20","guid":{"rendered":"http:\/\/www.wallamascotas.com\/web3\/?post_type=product&#038;p=1160"},"modified":"2026-03-25T18:20:09","modified_gmt":"2026-03-25T18:20:09","slug":"chocolate-granada","status":"publish","type":"product","link":"https:\/\/www.wallamascotas.com\/web3\/mascota\/chocolate-granada\/","title":{"rendered":"CHOCOLATE"},"content":{"rendered":"<p><span style=\"color: #33cccc; font-size: 140%;\"><strong>ADOPTADO<\/strong><\/span><\/p>\n<p style=\"text-align: justify;\">Se encuentra en el refugio de la Asociaci\u00f3n Huellas Accitanas de Guadix (Granada). \u00a1NOS DESALOJAN! Necesitamos una adopci\u00f3n o acogida para \u00e9l y evitar que se lo lleven a la perrera. De primeras es muy t\u00edmido y tiene que ir cogiendo poco a poco confianza \u00e9l solo. Tiene miedo de las personas al principio porque fue un perro maltratado, pero cuando ya conf\u00eda en ti es cari\u00f1oso y tan dulce como su nombre.<br \/>\nEmail contacto:\u00a0<a href=\"mailto:huellasaccitanasayuda@gmail.com\">huellasaccitanasayuda@gmail.com<\/a><br \/>\nTel\u00e9fono contacto: 645469335 Sandra<\/p>\n","protected":false},"excerpt":{"rendered":"<p style=\"text-align: justify;\"><span style=\"color: #33cccc;\"><strong>ADOPTADO.<\/strong>\u00a0<\/span>T\u00edmido y guapet\u00f3n<\/p>\n","protected":false},"featured_media":1162,"template":"","meta":{"_acf_changed":false},"product_brand":[],"product_cat":[51],"product_tag":[],"class_list":{"0":"post-1160","1":"product","2":"type-product","3":"status-publish","4":"has-post-thumbnail","6":"product_cat-adoptados","7":"pa_origen-asociacion-huellas-accitanas-de-guadix","8":"pa_provincia-granada","9":"pa_sexo-macho","10":"pa_tamano-c","12":"first","13":"instock","14":"taxable","15":"shipping-taxable","16":"product-type-simple"},"acf":[],"_links":{"self":[{"href":"https:\/\/www.wallamascotas.com\/web3\/wp-json\/wp\/v2\/product\/1160","targetHints":{"allow":["GET"]}}],"collection":[{"href":"https:\/\/www.wallamascotas.com\/web3\/wp-json\/wp\/v2\/product"}],"about":[{"href":"https:\/\/www.wallamascotas.com\/web3\/wp-json\/wp\/v2\/types\/product"}],"wp:featuredmedia":[{"embeddable":true,"href":"https:\/\/www.wallamascotas.com\/web3\/wp-json\/wp\/v2\/media\/1162"}],"wp:attachment":[{"href":"https:\/\/www.wallamascotas.com\/web3\/wp-json\/wp\/v2\/media?parent=1160"}],"wp:term":[{"taxonomy":"product_brand","embeddable":true,"href":"https:\/\/www.wallamascotas.com\/web3\/wp-json\/wp\/v2\/product_brand?post=1160"},{"taxonomy":"product_cat","embeddable":true,"href":"https:\/\/www.wallamascotas.com\/web3\/wp-json\/wp\/v2\/product_cat?post=1160"},{"taxonomy":"product_tag","embeddable":true,"href":"https:\/\/www.wallamascotas.com\/web3\/wp-json\/wp\/v2\/product_tag?post=1160"}],"curies":[{"name":"wp","href":"https:\/\/api.w.org\/{rel}","templated":true}]}}