{"id":1164,"date":"2017-11-01T17:48:21","date_gmt":"2017-11-01T17:48:21","guid":{"rendered":"http:\/\/www.wallamascotas.com\/web3\/?post_type=product&#038;p=1164"},"modified":"2026-03-25T18:20:09","modified_gmt":"2026-03-25T18:20:09","slug":"tin-granada","status":"publish","type":"product","link":"https:\/\/www.wallamascotas.com\/web3\/mascota\/tin-granada\/","title":{"rendered":"TIN"},"content":{"rendered":"<h3><strong><span style=\"color: #33cccc;\">ADOPTADO<\/span><\/strong><\/h3>\n<p style=\"text-align: justify;\">Se encuentra en el refugio de la Asociaci\u00f3n Huellas Accitanas de Guadix (Granada). \u00a1NOS DESALOJAN! Necesitamos una adopci\u00f3n o acogida para \u00e9l y evitar que se lo lleven a la perrera. Es muy juguet\u00f3n, sociable y cari\u00f1oso. Se deja hacer de todo sin enfadarse ni un poquito. Tiene muy buen car\u00e1cter. Ideal para convivir con otros perros y ni\u00f1os. Cuando ten\u00eda 3 meses fue rescatado por los bomberos de una tuber\u00eda. Estaba en perfectas condiciones pero muerto de miedo y asustado. A pocos d\u00edas de estar en el refugio, se convirti\u00f3 en la alegr\u00eda de la huerta.<br \/>\nEmail contacto:\u00a0<a href=\"mailto:huellasaccitanasayuda@gmail.com\">huellasaccitanasayuda@gmail.com<\/a><br \/>\nTel\u00e9fono contacto: 645469335 Sandra<\/p>\n","protected":false},"excerpt":{"rendered":"<p style=\"text-align: justify;\"><span style=\"color: #33cccc;\"><strong>ADOPTADO.<\/strong> <\/span>Es muy juguet\u00f3n y sociable<\/p>\n","protected":false},"featured_media":1166,"template":"","meta":{"_acf_changed":false},"product_brand":[],"product_cat":[51],"product_tag":[],"class_list":{"0":"post-1164","1":"product","2":"type-product","3":"status-publish","4":"has-post-thumbnail","6":"product_cat-adoptados","7":"pa_origen-asociacion-huellas-accitanas-de-guadix","8":"pa_provincia-granada","9":"pa_sexo-macho","10":"pa_tamano-b","12":"first","13":"instock","14":"taxable","15":"shipping-taxable","16":"product-type-simple"},"acf":[],"_links":{"self":[{"href":"https:\/\/www.wallamascotas.com\/web3\/wp-json\/wp\/v2\/product\/1164","targetHints":{"allow":["GET"]}}],"collection":[{"href":"https:\/\/www.wallamascotas.com\/web3\/wp-json\/wp\/v2\/product"}],"about":[{"href":"https:\/\/www.wallamascotas.com\/web3\/wp-json\/wp\/v2\/types\/product"}],"wp:featuredmedia":[{"embeddable":true,"href":"https:\/\/www.wallamascotas.com\/web3\/wp-json\/wp\/v2\/media\/1166"}],"wp:attachment":[{"href":"https:\/\/www.wallamascotas.com\/web3\/wp-json\/wp\/v2\/media?parent=1164"}],"wp:term":[{"taxonomy":"product_brand","embeddable":true,"href":"https:\/\/www.wallamascotas.com\/web3\/wp-json\/wp\/v2\/product_brand?post=1164"},{"taxonomy":"product_cat","embeddable":true,"href":"https:\/\/www.wallamascotas.com\/web3\/wp-json\/wp\/v2\/product_cat?post=1164"},{"taxonomy":"product_tag","embeddable":true,"href":"https:\/\/www.wallamascotas.com\/web3\/wp-json\/wp\/v2\/product_tag?post=1164"}],"curies":[{"name":"wp","href":"https:\/\/api.w.org\/{rel}","templated":true}]}}