{"id":1172,"date":"2017-11-01T17:58:55","date_gmt":"2017-11-01T17:58:55","guid":{"rendered":"http:\/\/www.wallamascotas.com\/web3\/?post_type=product&#038;p=1172"},"modified":"2026-03-25T18:20:09","modified_gmt":"2026-03-25T18:20:09","slug":"sanson-y-dalila-granada","status":"publish","type":"product","link":"https:\/\/www.wallamascotas.com\/web3\/mascota\/sanson-y-dalila-granada\/","title":{"rendered":"SANSON Y DALILA"},"content":{"rendered":"<p><span style=\"color: #33cccc; font-size: 140%;\"><strong>ADOPTADO<\/strong><\/span><\/p>\n<p style=\"text-align: justify;\">Se encuentra en el refugio de la Asociaci\u00f3n Huellas Accitanas de Guadix (Granada). \u00a1NOS DESALOJAN! Necesitamos una adopci\u00f3n o acogida para \u00e9l y evitar que se lo lleven a la perrera. Son hermanos, est\u00e1n juntos de siempre y se quieren un mont\u00f3n&#8230;ser\u00eda una l\u00e1stima separarlos, por eso buscamos una adopci\u00f3n conjunta. Son adorables los dos y te enamoran. SANS\u00d3N es el marr\u00f3n oscurito (macho) y DALILA es la marr\u00f3n clarito (hembra).<br \/>\nEmail contacto:\u00a0<a href=\"mailto:huellasaccitanasayuda@gmail.com\">huellasaccitanasayuda@gmail.com<\/a><br \/>\nTel\u00e9fono contacto: 645469335 Sandra<\/p>\n","protected":false},"excerpt":{"rendered":"<p style=\"text-align: justify;\"><span style=\"color: #33cccc;\"><strong>ADOPTADO.<\/strong> <\/span>Son hermanos y se quieren un mont\u00f3n<\/p>\n","protected":false},"featured_media":1176,"template":"","meta":{"_acf_changed":false},"product_brand":[],"product_cat":[51],"product_tag":[],"class_list":{"0":"post-1172","1":"product","2":"type-product","3":"status-publish","4":"has-post-thumbnail","6":"product_cat-adoptados","7":"pa_origen-asociacion-huellas-accitanas-de-guadix","8":"pa_provincia-granada","9":"pa_sexo-hembra","10":"pa_sexo-macho","11":"pa_tamano-a","13":"first","14":"instock","15":"taxable","16":"shipping-taxable","17":"product-type-simple"},"acf":[],"_links":{"self":[{"href":"https:\/\/www.wallamascotas.com\/web3\/wp-json\/wp\/v2\/product\/1172","targetHints":{"allow":["GET"]}}],"collection":[{"href":"https:\/\/www.wallamascotas.com\/web3\/wp-json\/wp\/v2\/product"}],"about":[{"href":"https:\/\/www.wallamascotas.com\/web3\/wp-json\/wp\/v2\/types\/product"}],"wp:featuredmedia":[{"embeddable":true,"href":"https:\/\/www.wallamascotas.com\/web3\/wp-json\/wp\/v2\/media\/1176"}],"wp:attachment":[{"href":"https:\/\/www.wallamascotas.com\/web3\/wp-json\/wp\/v2\/media?parent=1172"}],"wp:term":[{"taxonomy":"product_brand","embeddable":true,"href":"https:\/\/www.wallamascotas.com\/web3\/wp-json\/wp\/v2\/product_brand?post=1172"},{"taxonomy":"product_cat","embeddable":true,"href":"https:\/\/www.wallamascotas.com\/web3\/wp-json\/wp\/v2\/product_cat?post=1172"},{"taxonomy":"product_tag","embeddable":true,"href":"https:\/\/www.wallamascotas.com\/web3\/wp-json\/wp\/v2\/product_tag?post=1172"}],"curies":[{"name":"wp","href":"https:\/\/api.w.org\/{rel}","templated":true}]}}