{"id":11741,"date":"2019-08-13T08:48:43","date_gmt":"2019-08-13T08:48:43","guid":{"rendered":"http:\/\/www.wallamascotas.com\/web3\/?post_type=product&#038;p=11741"},"modified":"2026-03-25T18:20:09","modified_gmt":"2026-03-25T18:20:09","slug":"kala-3-meses-granada","status":"publish","type":"product","link":"https:\/\/www.wallamascotas.com\/web3\/mascota\/kala-3-meses-granada\/","title":{"rendered":"KALA \u2013 3 MESES"},"content":{"rendered":"<p><a href=\"http:\/\/www.wallamascotas.com\/web3\/wp-content\/uploads\/2018\/10\/banner_publicidad_wallamascotas_colabora2-1.jpg\"><img loading=\"lazy\" decoding=\"async\" class=\"alignnone size-full wp-image-7248\" src=\"http:\/\/www.wallamascotas.com\/web3\/wp-content\/uploads\/2018\/10\/banner_publicidad_wallamascotas_colabora2-1.jpg\" alt=\"\" width=\"750\" height=\"220\" \/><\/a><\/p>\n<p>No recuerdo cuantos d\u00edas llevaba en la calle, no se me da bien eso de medir&#8230;cuando tienes tanta hambre y sed todo se vuelve confuso y cada minuto parece una hora. Hay humanos que van y vienen y cada vez me alejo m\u00e1s y m\u00e1s de donde sal\u00ed. Esta noche estoy refugiada en un tubo donde apenas entra mi peque\u00f1a cabecita. Aqu\u00ed me siento segura y, sin embargo&#8230; esa sed me empuja a salir, ma\u00fallo a los humanos que tan deprisa van, tengo miedo y dudas pero&#8230;\u00bfy si pudieran ayudarme? Pasan muchos coches, hacen un ruido horrible, pero no puedo dejar de intentarlo&#8230;alguna moto casi me pasa por encima, no conozco muy bien este sitio&#8230; \u00bfTan peque\u00f1a soy que nadie me ve? \u00a1Ayuda! Ma\u00fallo, voy, vengo, me escondo&#8230;solo hay dos personas que se paran, miran mis ojitos aterrorizados y&#8230;ellos tambi\u00e9n dudan, van, vuelven&#8230;uno de ellos busca un transport\u00edn y comida para &#8220;convencerme&#8221; a entrar. Cuando vuelve, ya estoy en brazos de la otra humana, sin ninguna intenci\u00f3n de resistirme a cambiar de vida. Lo consegu\u00ed, estoy salvada, solo ten\u00eda que confiar&#8230;como conf\u00edo en encontrar mi casita definitiva, porque los humanos que me rescataron tienen otra gatita enferma y yo&#8230;\u00a1paradoja! \u00a1Tan callejera y tan sana a rabiar! Tienen miedo de acogerme por si a su lado fuera a enfermar, as\u00ed que me van a llevar a un sitio con otros gatitos donde la gente me ver\u00e1 y donde espero que se enamoren pronto de m\u00ed, pues yo estoy hecha para estar con los humanos y dormir acurrucada a su lado.<\/p>\n","protected":false},"excerpt":{"rendered":"<p style=\"text-align: justify;\"><span style=\"color: #33cccc;\"><strong>ADOPTADA<\/strong><\/span><\/p>\n","protected":false},"featured_media":0,"template":"","meta":{"_acf_changed":false},"product_brand":[],"product_cat":[51,1000],"product_tag":[],"class_list":{"0":"post-11741","1":"product","2":"type-product","3":"status-publish","5":"product_cat-adoptados","6":"product_cat-adoptar-perro-gato-adoptar-mascota-es","7":"pa_fecha_nacimiento-3-meses","8":"pa_fecha-alta-13-08-2019","9":"pa_origen-maullidos-invisibles","10":"pa_pais-espana","11":"pa_provincia-granada","12":"pa_sexo-hembra","14":"first","15":"instock","16":"taxable","17":"shipping-taxable","18":"product-type-simple"},"acf":[],"_links":{"self":[{"href":"https:\/\/www.wallamascotas.com\/web3\/wp-json\/wp\/v2\/product\/11741","targetHints":{"allow":["GET"]}}],"collection":[{"href":"https:\/\/www.wallamascotas.com\/web3\/wp-json\/wp\/v2\/product"}],"about":[{"href":"https:\/\/www.wallamascotas.com\/web3\/wp-json\/wp\/v2\/types\/product"}],"wp:attachment":[{"href":"https:\/\/www.wallamascotas.com\/web3\/wp-json\/wp\/v2\/media?parent=11741"}],"wp:term":[{"taxonomy":"product_brand","embeddable":true,"href":"https:\/\/www.wallamascotas.com\/web3\/wp-json\/wp\/v2\/product_brand?post=11741"},{"taxonomy":"product_cat","embeddable":true,"href":"https:\/\/www.wallamascotas.com\/web3\/wp-json\/wp\/v2\/product_cat?post=11741"},{"taxonomy":"product_tag","embeddable":true,"href":"https:\/\/www.wallamascotas.com\/web3\/wp-json\/wp\/v2\/product_tag?post=11741"}],"curies":[{"name":"wp","href":"https:\/\/api.w.org\/{rel}","templated":true}]}}