{"id":11875,"date":"2019-09-02T07:34:33","date_gmt":"2019-09-02T07:34:33","guid":{"rendered":"http:\/\/www.wallamascotas.com\/web3\/?post_type=product&#038;p=11875"},"modified":"2026-03-25T18:20:09","modified_gmt":"2026-03-25T18:20:09","slug":"nika-9-meses-granada","status":"publish","type":"product","link":"https:\/\/www.wallamascotas.com\/web3\/mascota\/nika-9-meses-granada\/","title":{"rendered":"NIKA \u2013 9 MESES"},"content":{"rendered":"<p><span style=\"color: #33cccc; font-size: 130%;\"><strong>ADOPTADA<\/strong><\/span><\/p>\n<p>Nika es una perrita muy obediente, cari\u00f1osa y tranquila. Con los gatos no se llevan muy bien, \u00a0pero con ni\u00f1os, personas y otros perritos se comporta genial. \u00a0Fue encontrada en un pueblo de Granada, estaba perdida desnutrida y muy sucia. En palabras de su acogida: &#8220;la llam\u00e9 y vino corriendo y llorando. La recog\u00ed, le di un poquito de comida y tom\u00f3 confianza. Le dimos un ba\u00f1ito y apareci\u00f3 una perrita muy glamurosa. En casa ladra cuando viene alguien, en cambio no es nada agresiva. Cuando paseamos vamos al ritmo, cuando la llamas viene&#8221;.<\/p>\n<p>Nika est\u00e1 buscando una familia llena de amor que pueda darle todo lo que necesite y m\u00e1s.<\/p>\n<p><a href=\"http:\/\/www.wallamascotas.com\/web3\/wp-content\/uploads\/2018\/10\/banner_publicidad_wallamascotas_no_compres-1.jpg\"><img loading=\"lazy\" decoding=\"async\" class=\"alignnone size-full wp-image-7183\" src=\"http:\/\/www.wallamascotas.com\/web3\/wp-content\/uploads\/2018\/10\/banner_publicidad_wallamascotas_no_compres-1.jpg\" alt=\"\" width=\"750\" height=\"140\" srcset=\"https:\/\/www.wallamascotas.com\/web3\/wp-content\/uploads\/2018\/10\/banner_publicidad_wallamascotas_no_compres-1.jpg 750w, https:\/\/www.wallamascotas.com\/web3\/wp-content\/uploads\/2018\/10\/banner_publicidad_wallamascotas_no_compres-1-300x56.jpg 300w, https:\/\/www.wallamascotas.com\/web3\/wp-content\/uploads\/2018\/10\/banner_publicidad_wallamascotas_no_compres-1-600x112.jpg 600w\" sizes=\"auto, (max-width: 750px) 100vw, 750px\" \/><\/a><\/p>\n<p><a href=\"http:\/\/www.wallamascotas.com\/web3\/wp-content\/uploads\/2018\/10\/banner_colabora.jpg\"><img loading=\"lazy\" decoding=\"async\" class=\"alignnone size-full wp-image-7179\" src=\"http:\/\/www.wallamascotas.com\/web3\/wp-content\/uploads\/2018\/10\/banner_colabora.jpg\" alt=\"\" width=\"750\" height=\"140\" srcset=\"https:\/\/www.wallamascotas.com\/web3\/wp-content\/uploads\/2018\/10\/banner_colabora.jpg 750w, https:\/\/www.wallamascotas.com\/web3\/wp-content\/uploads\/2018\/10\/banner_colabora-300x56.jpg 300w, https:\/\/www.wallamascotas.com\/web3\/wp-content\/uploads\/2018\/10\/banner_colabora-600x112.jpg 600w\" sizes=\"auto, (max-width: 750px) 100vw, 750px\" \/><\/a><\/p>\n<div class=\"fb-page\" data-href=\"https:\/\/www.facebook.com\/wallamascotas\" data-width=\"340\" data-hide-cover=\"false\" data-show-facepile=\"true\"><\/div>\n","protected":false},"excerpt":{"rendered":"<p><span style=\"color: #33cccc;\"><strong>ADOPTADA.<\/strong><\/span> Necesita un hogar<\/p>\n","protected":false},"featured_media":0,"template":"","meta":{"_acf_changed":false},"product_brand":[],"product_cat":[51,1000],"product_tag":[],"class_list":{"0":"post-11875","1":"product","2":"type-product","3":"status-publish","5":"product_cat-adoptados","6":"product_cat-adoptar-perro-gato-adoptar-mascota-es","7":"pa_chip-si","8":"pa_fecha-alta-02-09-2019","9":"pa_origen-asociacion-ladridos-vagabundos","10":"pa_pais-espana","11":"pa_provincia-granada","12":"pa_sexo-hembra","13":"pa_tamano-c","15":"first","16":"instock","17":"taxable","18":"shipping-taxable","19":"product-type-simple"},"acf":[],"_links":{"self":[{"href":"https:\/\/www.wallamascotas.com\/web3\/wp-json\/wp\/v2\/product\/11875","targetHints":{"allow":["GET"]}}],"collection":[{"href":"https:\/\/www.wallamascotas.com\/web3\/wp-json\/wp\/v2\/product"}],"about":[{"href":"https:\/\/www.wallamascotas.com\/web3\/wp-json\/wp\/v2\/types\/product"}],"wp:attachment":[{"href":"https:\/\/www.wallamascotas.com\/web3\/wp-json\/wp\/v2\/media?parent=11875"}],"wp:term":[{"taxonomy":"product_brand","embeddable":true,"href":"https:\/\/www.wallamascotas.com\/web3\/wp-json\/wp\/v2\/product_brand?post=11875"},{"taxonomy":"product_cat","embeddable":true,"href":"https:\/\/www.wallamascotas.com\/web3\/wp-json\/wp\/v2\/product_cat?post=11875"},{"taxonomy":"product_tag","embeddable":true,"href":"https:\/\/www.wallamascotas.com\/web3\/wp-json\/wp\/v2\/product_tag?post=11875"}],"curies":[{"name":"wp","href":"https:\/\/api.w.org\/{rel}","templated":true}]}}