{"id":11954,"date":"2019-09-16T10:35:41","date_gmt":"2019-09-16T10:35:41","guid":{"rendered":"http:\/\/www.wallamascotas.com\/web3\/?post_type=product&#038;p=11954"},"modified":"2026-03-25T18:20:09","modified_gmt":"2026-03-25T18:20:09","slug":"jolly-1-mes-cadiz","status":"publish","type":"product","link":"https:\/\/www.wallamascotas.com\/web3\/mascota\/jolly-1-mes-cadiz\/","title":{"rendered":"JOLLY \u2013 1 MES"},"content":{"rendered":"<p><a href=\"http:\/\/www.wallamascotas.com\/web3\/wp-content\/uploads\/2018\/10\/banner_publicidad_wallamascotas_colabora2-1.jpg\"><img loading=\"lazy\" decoding=\"async\" class=\"alignnone size-full wp-image-7248\" src=\"http:\/\/www.wallamascotas.com\/web3\/wp-content\/uploads\/2018\/10\/banner_publicidad_wallamascotas_colabora2-1.jpg\" alt=\"\" width=\"750\" height=\"220\" \/><\/a><\/p>\n<p><span style=\"color: #33cccc; font-size: 130%;\"><strong>ADOPTADA<\/strong><\/span><\/p>\n<div class=\"fb-page\" data-href=\"https:\/\/www.facebook.com\/wallamascotas\" data-width=\"340\" data-hide-cover=\"false\" data-show-facepile=\"true\">\n<p>?JOLLY?<\/p>\n<p>Pues os presentamos a una de las peques que tanta necesidad ten\u00edan de encontrar una casita de acogida.<br \/>\nAgradecer ante todo a aquellas personas que les ha brindado un hueco en su hogar hasta que tengan la suya propia.<br \/>\nVienen de una mala vida, mala alimentaci\u00f3n y con un destino que ser\u00eda para todos ellos totalmente oscuro.<br \/>\nNosotras no pudimos volver la vista a un lado y a\u00fan menos tras ser conocedoras de sus historias; siempre dentro de nuestras posibilidades tendemos nuestra mano a como d\u00e9 lugar.<br \/>\nHemos conocido tras estas caritas unas miradas rotas, temblorosas y sin luz.<br \/>\nPero vamos a cambiar el rumbo de sus vidas, ofrecerles una oportunidad pues tod@s tienen derecho a tenerla y conseguirles una familia.<br \/>\nLo \u00fanico que necesitan es tener qui\u00e9n pueda adentrarles en sus vidas, que se queden en ella y entregar su coraz\u00f3n; pero sin darle una oportunidad ser\u00e1 imposible demostrarlo.<br \/>\nReconocer de esta forma entre tus brazos que no existir\u00e1 m\u00e1s espera, llegaron a su destino porque y\u00e1 tienen una familia.<br \/>\n#TuDecisionEsLaQueEspera<br \/>\n#LaUnicaQueCambiaraSuRumbo<\/p>\n<p>-Raza: cruce de Bodeguero.<br \/>\n-Fecha de nacimiento: 20\/07\/19.<br \/>\n&#8211; Peso aproximado de adulta : 10 kg.<br \/>\n-Car\u00e1cter: cari\u00f1osa, sociable, bien con otros perros, gatos y le chifla los ni\u00f1os.<br \/>\n-Situaci\u00f3n actual: se encuentra en Jerez (Cadiz).<br \/>\n-Condiciones para adoptar : se entrega con contrato de adopci\u00f3n,<br \/>\nvacuna, chip, pasaporte, compromiso de esterilizaci\u00f3n, seguimiento, desparasitada, se env\u00eda por todas las provincias de Espa\u00f1a excepto Canarias y Baleares.<\/p>\n<\/div>\n","protected":false},"excerpt":{"rendered":"<p><span style=\"color: #33cccc;\"><strong>ADOPTADA.<\/strong><\/span> Busca un hogar<\/p>\n","protected":false},"featured_media":0,"template":"","meta":{"_acf_changed":false},"product_brand":[],"product_cat":[51],"product_tag":[],"class_list":{"0":"post-11954","1":"product","2":"type-product","3":"status-publish","5":"product_cat-adoptados","6":"pa_fecha-alta-16-09-2019","7":"pa_origen-asociacion-maskeperros","8":"pa_provincia-cadiz","9":"pa_tamano-b","11":"first","12":"instock","13":"taxable","14":"shipping-taxable","15":"product-type-simple"},"acf":[],"_links":{"self":[{"href":"https:\/\/www.wallamascotas.com\/web3\/wp-json\/wp\/v2\/product\/11954","targetHints":{"allow":["GET"]}}],"collection":[{"href":"https:\/\/www.wallamascotas.com\/web3\/wp-json\/wp\/v2\/product"}],"about":[{"href":"https:\/\/www.wallamascotas.com\/web3\/wp-json\/wp\/v2\/types\/product"}],"wp:attachment":[{"href":"https:\/\/www.wallamascotas.com\/web3\/wp-json\/wp\/v2\/media?parent=11954"}],"wp:term":[{"taxonomy":"product_brand","embeddable":true,"href":"https:\/\/www.wallamascotas.com\/web3\/wp-json\/wp\/v2\/product_brand?post=11954"},{"taxonomy":"product_cat","embeddable":true,"href":"https:\/\/www.wallamascotas.com\/web3\/wp-json\/wp\/v2\/product_cat?post=11954"},{"taxonomy":"product_tag","embeddable":true,"href":"https:\/\/www.wallamascotas.com\/web3\/wp-json\/wp\/v2\/product_tag?post=11954"}],"curies":[{"name":"wp","href":"https:\/\/api.w.org\/{rel}","templated":true}]}}