{"id":12395,"date":"2019-12-02T10:40:39","date_gmt":"2019-12-02T10:40:39","guid":{"rendered":"http:\/\/www.wallamascotas.com\/web3\/?post_type=product&#038;p=12395"},"modified":"2026-03-25T18:20:09","modified_gmt":"2026-03-25T18:20:09","slug":"ergon-2-meses-cadiz","status":"publish","type":"product","link":"https:\/\/www.wallamascotas.com\/web3\/mascota\/ergon-2-meses-cadiz\/","title":{"rendered":"ERGON \u2013 2 MESES"},"content":{"rendered":"<p><a href=\"http:\/\/www.wallamascotas.com\/web3\/wp-content\/uploads\/2018\/10\/banner_publicidad_wallamascotas_colabora2-1.jpg\"><img loading=\"lazy\" decoding=\"async\" class=\"alignnone size-full wp-image-7248\" src=\"http:\/\/www.wallamascotas.com\/web3\/wp-content\/uploads\/2018\/10\/banner_publicidad_wallamascotas_colabora2-1.jpg\" alt=\"\" width=\"750\" height=\"220\" \/><\/a><\/p>\n<div class=\"fb-page\" data-href=\"https:\/\/www.facebook.com\/wallamascotas\" data-width=\"340\" data-hide-cover=\"false\" data-show-facepile=\"true\">\n<p><span style=\"color: #33cccc; font-size: 130%;\"><strong>ADOPTADO<\/strong><\/span><\/p>\n<p>&nbsp;<\/p>\n<p>Os presentamos a 1 de los 8 peques que llegaron a nuestra tutela.<\/p>\n<p>As\u00ed de guapeton luce en estas fotos con esa cara\u00a0 tan tierna que va con un s\u00f3lo fin, ablandar un coraz\u00f3n que ser\u00e1 qui\u00e9n se ofrezca en darle a un hogar.<\/p>\n<p>Date la oportunidad con el y te jurar\u00e1 amor eterno.<\/p>\n<p>&nbsp;<\/p>\n<p>-Raza: mestizo.<\/p>\n<p>-Fecha de nacimiento: 23\/09\/19.<\/p>\n<p>-Tama\u00f1o de adulto : mediano.<\/p>\n<p>-Car\u00e1cter: cari\u00f1oso, sociable, bien con otros perros, gatos y le chifla los ni\u00f1os.<\/p>\n<p>-Situaci\u00f3n actual: se encuentra en Jerez (Cadiz).<\/p>\n<p>-Condiciones para adoptar : se entrega con contrato de adopci\u00f3n,<\/p>\n<p>vacuna,chip,pasaporte, compromiso de castraci\u00f3n, seguimiento, desparasitado,se env\u00eda por todas las provincias de Espa\u00f1a excepto Canarias y Baleares.<\/p>\n<\/div>\n","protected":false},"excerpt":{"rendered":"<p><span style=\"color: #33cccc;\"><strong>ADOPTADO<\/strong><\/span><\/p>\n","protected":false},"featured_media":0,"template":"","meta":{"_acf_changed":false},"product_brand":[],"product_cat":[51],"product_tag":[],"class_list":{"0":"post-12395","1":"product","2":"type-product","3":"status-publish","5":"product_cat-adoptados","6":"pa_fecha-alta-02-12-2019","7":"pa_origen-asociacion-maskeperros","8":"pa_provincia-cadiz","9":"pa_tamano-c","11":"first","12":"instock","13":"taxable","14":"shipping-taxable","15":"product-type-simple"},"acf":[],"_links":{"self":[{"href":"https:\/\/www.wallamascotas.com\/web3\/wp-json\/wp\/v2\/product\/12395","targetHints":{"allow":["GET"]}}],"collection":[{"href":"https:\/\/www.wallamascotas.com\/web3\/wp-json\/wp\/v2\/product"}],"about":[{"href":"https:\/\/www.wallamascotas.com\/web3\/wp-json\/wp\/v2\/types\/product"}],"wp:attachment":[{"href":"https:\/\/www.wallamascotas.com\/web3\/wp-json\/wp\/v2\/media?parent=12395"}],"wp:term":[{"taxonomy":"product_brand","embeddable":true,"href":"https:\/\/www.wallamascotas.com\/web3\/wp-json\/wp\/v2\/product_brand?post=12395"},{"taxonomy":"product_cat","embeddable":true,"href":"https:\/\/www.wallamascotas.com\/web3\/wp-json\/wp\/v2\/product_cat?post=12395"},{"taxonomy":"product_tag","embeddable":true,"href":"https:\/\/www.wallamascotas.com\/web3\/wp-json\/wp\/v2\/product_tag?post=12395"}],"curies":[{"name":"wp","href":"https:\/\/api.w.org\/{rel}","templated":true}]}}