{"id":12588,"date":"2020-01-02T11:39:43","date_gmt":"2020-01-02T11:39:43","guid":{"rendered":"http:\/\/www.wallamascotas.com\/web3\/?post_type=product&#038;p=12588"},"modified":"2026-03-25T18:20:09","modified_gmt":"2026-03-25T18:20:09","slug":"faruk-1-ano-cadiz","status":"publish","type":"product","link":"https:\/\/www.wallamascotas.com\/web3\/mascota\/faruk-1-ano-cadiz\/","title":{"rendered":"FARUK \u2013 1 A\u00d1O"},"content":{"rendered":"<p><a href=\"http:\/\/www.wallamascotas.com\/web3\/wp-content\/uploads\/2018\/10\/banner_publicidad_wallamascotas_colabora2-1.jpg\"><img loading=\"lazy\" decoding=\"async\" class=\"alignnone size-full wp-image-7248\" src=\"http:\/\/www.wallamascotas.com\/web3\/wp-content\/uploads\/2018\/10\/banner_publicidad_wallamascotas_colabora2-1.jpg\" alt=\"\" width=\"750\" height=\"220\" \/><\/a><\/p>\n<div class=\"fb-page\" data-href=\"https:\/\/www.facebook.com\/wallamascotas\" data-width=\"340\" data-hide-cover=\"false\" data-show-facepile=\"true\">\n<div dir=\"auto\">\n<div dir=\"auto\">\n<div dir=\"auto\">\n<p><span style=\"color: #33cccc; font-size: 130%;\"><strong>ADOPTADO<\/strong><\/span><\/p>\n<p>&nbsp;<\/p>\n<p>Qui\u00e9n se anima en dar una oportunidad a este peque\u00f1in ratoncito ??<\/p>\n<p>Tiene una carita que derrite y unos orejitas&#8230;?<\/p>\n<p>Es s\u00faper, s\u00faper gracioso no hay ser al que no consiga sacar una risa.<\/p>\n<p>No tardes, sin ti&#8230;no es lo mismo.<\/p>\n<p>El te espera desde una casa de acogida impaciente de conocerte y que seas su amor verdadero.<\/p>\n<p>??SIMPLEMENTE PERM\u00cdTELE QUE FORME PARTE T\u00cd Y TE MARQUE DE AMOR PARA SIEMPRE??<\/p>\n<p>&nbsp;<\/p>\n<p>-Raza: cruce de Chihuahua.<\/p>\n<p>-Fecha de nacimiento: 01\/09\/18.<\/p>\n<p>-Peso actual : 4 kg.<\/p>\n<p>-Tama\u00f1o : peque\u00f1o.<\/p>\n<p>-Car\u00e1cter: cari\u00f1oso, sociable, bien con otros perros, no comprobado con gatos y el mejor compa\u00f1ero de los ni\u00f1os. -Situaci\u00f3n actual: se encuentra en Chiclana (Cadiz).<\/p>\n<p>-Condiciones para adoptar : se entrega con contrato de adopci\u00f3n,<\/p>\n<p>vacuna, chip, pasaporte, castrado, seguimiento, desparasitado, se env\u00eda por todas las provincias de Espa\u00f1a excepto Canarias y Baleares.<\/p>\n<\/div>\n<\/div>\n<\/div>\n<\/div>\n","protected":false},"excerpt":{"rendered":"<p><span style=\"color: #33cccc;\"><strong>ADOPTADO<\/strong><\/span><\/p>\n","protected":false},"featured_media":0,"template":"","meta":{"_acf_changed":false},"product_brand":[],"product_cat":[51,1000],"product_tag":[],"class_list":{"0":"post-12588","1":"product","2":"type-product","3":"status-publish","5":"product_cat-adoptados","6":"product_cat-adoptar-perro-gato-adoptar-mascota-es","7":"pa_fecha-alta-02-01-2020","8":"pa_origen-asociacion-maskeperros","9":"pa_provincia-cadiz","10":"pa_tamano-b","12":"first","13":"instock","14":"taxable","15":"shipping-taxable","16":"product-type-simple"},"acf":[],"_links":{"self":[{"href":"https:\/\/www.wallamascotas.com\/web3\/wp-json\/wp\/v2\/product\/12588","targetHints":{"allow":["GET"]}}],"collection":[{"href":"https:\/\/www.wallamascotas.com\/web3\/wp-json\/wp\/v2\/product"}],"about":[{"href":"https:\/\/www.wallamascotas.com\/web3\/wp-json\/wp\/v2\/types\/product"}],"wp:attachment":[{"href":"https:\/\/www.wallamascotas.com\/web3\/wp-json\/wp\/v2\/media?parent=12588"}],"wp:term":[{"taxonomy":"product_brand","embeddable":true,"href":"https:\/\/www.wallamascotas.com\/web3\/wp-json\/wp\/v2\/product_brand?post=12588"},{"taxonomy":"product_cat","embeddable":true,"href":"https:\/\/www.wallamascotas.com\/web3\/wp-json\/wp\/v2\/product_cat?post=12588"},{"taxonomy":"product_tag","embeddable":true,"href":"https:\/\/www.wallamascotas.com\/web3\/wp-json\/wp\/v2\/product_tag?post=12588"}],"curies":[{"name":"wp","href":"https:\/\/api.w.org\/{rel}","templated":true}]}}