{"id":12600,"date":"2020-01-02T11:49:00","date_gmt":"2020-01-02T11:49:00","guid":{"rendered":"http:\/\/www.wallamascotas.com\/web3\/?post_type=product&#038;p=12600"},"modified":"2026-03-25T18:20:09","modified_gmt":"2026-03-25T18:20:09","slug":"harmony-1-mes-cadiz","status":"publish","type":"product","link":"https:\/\/www.wallamascotas.com\/web3\/mascota\/harmony-1-mes-cadiz\/","title":{"rendered":"HARMONY \u2013 2 MESES"},"content":{"rendered":"<p><a href=\"http:\/\/www.wallamascotas.com\/web3\/wp-content\/uploads\/2018\/10\/banner_publicidad_wallamascotas_colabora2-1.jpg\"><img loading=\"lazy\" decoding=\"async\" class=\"alignnone size-full wp-image-7248\" src=\"http:\/\/www.wallamascotas.com\/web3\/wp-content\/uploads\/2018\/10\/banner_publicidad_wallamascotas_colabora2-1.jpg\" alt=\"\" width=\"750\" height=\"220\" \/><\/a><\/p>\n<div class=\"fb-page\" data-href=\"https:\/\/www.facebook.com\/wallamascotas\" data-width=\"340\" data-hide-cover=\"false\" data-show-facepile=\"true\">\n<div dir=\"auto\">\n<div dir=\"auto\">\n<div dir=\"auto\">\n<div dir=\"auto\"><span style=\"color: #33cccc; font-size: 130%;\"><strong>ADOPTADO<\/strong><\/span><\/div>\n<div dir=\"auto\">?HARMONY?<\/div>\n<div dir=\"auto\"><\/div>\n<div dir=\"auto\">No mostrar\u00e1 inter\u00e9s por tu nombre y mucho menos por tu\u00a0 f\u00edsico.<\/div>\n<div dir=\"auto\">Siempre te admirar\u00e1 a trav\u00e9s de esos ojos dulces si le ofreces de tus caricias, porque lo que ella busca va m\u00e1s all\u00e1 de c\u00f3mo seas.<\/div>\n<div dir=\"auto\">La riqueza que admira no se encuentra en una cartera, porque no hay mayor y valiosa riqueza que la de tener una vida con qui\u00e9n pueda ser compartida.<\/div>\n<div dir=\"auto\">Valorar\u00e1 tu ternura y a cambio recibir\u00e1s su nobleza.<\/div>\n<div dir=\"auto\">Desde el 27 de Diciembre espera tener qui\u00e9n la ame, que a\u00fan no llega, pues ella amar\u00e1 sin l\u00edmite y sin frontera.<\/div>\n<div dir=\"auto\">Cuando m\u00e1s necesites una amiga incondicional recibir\u00e1s su patita amiga.<\/div>\n<div dir=\"auto\">Porque est\u00e1 comprobado que una vez que compartes tu vida con un peludo, la vida sin \u00e9l no tiene el mismo sentido.<\/div>\n<div dir=\"auto\">#LaLealtadDeUnAnimal<\/div>\n<div dir=\"auto\">#NoConoceLimites<\/div>\n<div dir=\"auto\"><\/div>\n<div dir=\"auto\">-Raza: mestiza.<\/div>\n<div dir=\"auto\">-Fecha de nacimiento: 25\/11\/19.<\/div>\n<div dir=\"auto\">-Peso actual : 1&#8217;900 kg.<\/div>\n<div dir=\"auto\">-Tama\u00f1o de adulta : medianita.<\/div>\n<div dir=\"auto\">-Peso de adulto : 9\/10 kg aproximadamente.<\/div>\n<div dir=\"auto\">-Car\u00e1cter: cari\u00f1osa, sociable, bien con otros perros, gatos y le chifla los ni\u00f1os.<\/div>\n<div dir=\"auto\">-Situaci\u00f3n actual: se encuentra en Jerez (Cadiz).<\/div>\n<div dir=\"auto\">-Condiciones para adoptar : se entrega con contrato de adopci\u00f3n,<\/div>\n<div dir=\"auto\">vacuna, chip, pasaporte, compromiso de esterilizaci\u00f3n, seguimiento, desparasitada,se env\u00eda por todas las provincias de Espa\u00f1a excepto Canarias y Baleares.<\/div>\n<\/div>\n<\/div>\n<\/div>\n<\/div>\n","protected":false},"excerpt":{"rendered":"<p><span style=\"color: #33cccc;\"><strong>ADOPTADO<\/strong><\/span><\/p>\n","protected":false},"featured_media":0,"template":"","meta":{"_acf_changed":false},"product_brand":[],"product_cat":[51,1000],"product_tag":[],"class_list":{"0":"post-12600","1":"product","2":"type-product","3":"status-publish","5":"product_cat-adoptados","6":"product_cat-adoptar-perro-gato-adoptar-mascota-es","7":"pa_fecha-alta-02-01-2020","8":"pa_origen-asociacion-maskeperros","9":"pa_provincia-cadiz","10":"pa_sexo-hembra","11":"pa_tamano-c","13":"first","14":"instock","15":"taxable","16":"shipping-taxable","17":"product-type-simple"},"acf":[],"_links":{"self":[{"href":"https:\/\/www.wallamascotas.com\/web3\/wp-json\/wp\/v2\/product\/12600","targetHints":{"allow":["GET"]}}],"collection":[{"href":"https:\/\/www.wallamascotas.com\/web3\/wp-json\/wp\/v2\/product"}],"about":[{"href":"https:\/\/www.wallamascotas.com\/web3\/wp-json\/wp\/v2\/types\/product"}],"wp:attachment":[{"href":"https:\/\/www.wallamascotas.com\/web3\/wp-json\/wp\/v2\/media?parent=12600"}],"wp:term":[{"taxonomy":"product_brand","embeddable":true,"href":"https:\/\/www.wallamascotas.com\/web3\/wp-json\/wp\/v2\/product_brand?post=12600"},{"taxonomy":"product_cat","embeddable":true,"href":"https:\/\/www.wallamascotas.com\/web3\/wp-json\/wp\/v2\/product_cat?post=12600"},{"taxonomy":"product_tag","embeddable":true,"href":"https:\/\/www.wallamascotas.com\/web3\/wp-json\/wp\/v2\/product_tag?post=12600"}],"curies":[{"name":"wp","href":"https:\/\/api.w.org\/{rel}","templated":true}]}}