{"id":12607,"date":"2020-01-02T11:52:12","date_gmt":"2020-01-02T11:52:12","guid":{"rendered":"http:\/\/www.wallamascotas.com\/web3\/?post_type=product&#038;p=12607"},"modified":"2026-03-25T18:20:09","modified_gmt":"2026-03-25T18:20:09","slug":"neo-1-mes-cadiz","status":"publish","type":"product","link":"https:\/\/www.wallamascotas.com\/web3\/mascota\/neo-1-mes-cadiz\/","title":{"rendered":"NEO \u2013 1 MES"},"content":{"rendered":"<p><a href=\"http:\/\/www.wallamascotas.com\/web3\/wp-content\/uploads\/2018\/10\/banner_publicidad_wallamascotas_colabora2-1.jpg\"><img loading=\"lazy\" decoding=\"async\" class=\"alignnone size-full wp-image-7248\" src=\"http:\/\/www.wallamascotas.com\/web3\/wp-content\/uploads\/2018\/10\/banner_publicidad_wallamascotas_colabora2-1.jpg\" alt=\"\" width=\"750\" height=\"220\" \/><\/a><\/p>\n<div class=\"fb-page\" data-href=\"https:\/\/www.facebook.com\/wallamascotas\" data-width=\"340\" data-hide-cover=\"false\" data-show-facepile=\"true\">\n<div dir=\"auto\">\n<div dir=\"auto\">\n<div dir=\"auto\">\n<p><span style=\"color: #33cccc; font-size: 130%;\"><strong>ADOPTADO<\/strong><\/span><\/p>\n<p>NEO, EL DERRETIDOR?<\/p>\n<p>&nbsp;<\/p>\n<p>Se asegura con su compa\u00f1\u00eda momentos de ternura infinita, esa ternura que s\u00f3lo emerge desde lo m\u00e1s profundo del coraz\u00f3n cuando ves y sientes la necesidad de arropar, cuidar y dar lo m\u00e1ximo de ti a alguien que lo necesita.<\/p>\n<p>Nunca jam\u00e1s veas m\u00e1s que un tama\u00f1o o una apariencia pues ellos jam\u00e1s ver\u00e1n eso en ti pues buscamos una persona o familia responsable que sepa quererlo, cuidarlo y mimarlo porque el compensar\u00e1 de la misma forma.<\/p>\n<p>El te espera desde una casa de acogida impaciente de conocerte y que seas su amor verdadero.<\/p>\n<p>&nbsp;<\/p>\n<p>PERM\u00cdTELE QUE FORME PARTE T\u00cd Y DE TU VIDA<\/p>\n<p>&nbsp;<\/p>\n<p>-Raza: mestizo.<\/p>\n<p>-Fecha de nacimiento: 01\/12\/19.<\/p>\n<p>&#8211; Peso aproximado de adulto : 6 kg\u00a0 aproximadamente.<\/p>\n<p>-Tama\u00f1o de adulto : peque\u00f1o.<\/p>\n<p>-Car\u00e1cter: cari\u00f1oso, sociable, bien con otros perros, gatos y el mejor compa\u00f1ero de los ni\u00f1os.<\/p>\n<p>-Situaci\u00f3n actual: se encuentra en el Puerto de Santamaria (Cadiz).<\/p>\n<p>-Condiciones para adoptar : se entrega con contrato de adopci\u00f3n,<\/p>\n<p>vacuna, chip, pasaporte, compromiso de castraci\u00f3n, seguimiento, desparasitado, se env\u00eda por todas las provincias de Espa\u00f1a excepto Canarias y Baleares.<\/p>\n<\/div>\n<\/div>\n<\/div>\n<\/div>\n","protected":false},"excerpt":{"rendered":"<p><span style=\"color: #33cccc;\"><strong>ADOPTADO<\/strong><\/span><\/p>\n","protected":false},"featured_media":0,"template":"","meta":{"_acf_changed":false},"product_brand":[],"product_cat":[51,1000],"product_tag":[],"class_list":{"0":"post-12607","1":"product","2":"type-product","3":"status-publish","5":"product_cat-adoptados","6":"product_cat-adoptar-perro-gato-adoptar-mascota-es","7":"pa_fecha-alta-02-01-2020","8":"pa_origen-asociacion-maskeperros","9":"pa_provincia-cadiz","10":"pa_sexo-macho","11":"pa_tamano-b","13":"first","14":"instock","15":"taxable","16":"shipping-taxable","17":"product-type-simple"},"acf":[],"_links":{"self":[{"href":"https:\/\/www.wallamascotas.com\/web3\/wp-json\/wp\/v2\/product\/12607","targetHints":{"allow":["GET"]}}],"collection":[{"href":"https:\/\/www.wallamascotas.com\/web3\/wp-json\/wp\/v2\/product"}],"about":[{"href":"https:\/\/www.wallamascotas.com\/web3\/wp-json\/wp\/v2\/types\/product"}],"wp:attachment":[{"href":"https:\/\/www.wallamascotas.com\/web3\/wp-json\/wp\/v2\/media?parent=12607"}],"wp:term":[{"taxonomy":"product_brand","embeddable":true,"href":"https:\/\/www.wallamascotas.com\/web3\/wp-json\/wp\/v2\/product_brand?post=12607"},{"taxonomy":"product_cat","embeddable":true,"href":"https:\/\/www.wallamascotas.com\/web3\/wp-json\/wp\/v2\/product_cat?post=12607"},{"taxonomy":"product_tag","embeddable":true,"href":"https:\/\/www.wallamascotas.com\/web3\/wp-json\/wp\/v2\/product_tag?post=12607"}],"curies":[{"name":"wp","href":"https:\/\/api.w.org\/{rel}","templated":true}]}}