{"id":1275,"date":"2017-11-02T22:22:34","date_gmt":"2017-11-02T22:22:34","guid":{"rendered":"http:\/\/www.wallamascotas.com\/web3\/?post_type=product&#038;p=1275"},"modified":"2026-03-25T18:20:09","modified_gmt":"2026-03-25T18:20:09","slug":"wendy-5-meses-castellon","status":"publish","type":"product","link":"https:\/\/www.wallamascotas.com\/web3\/mascota\/wendy-5-meses-castellon\/","title":{"rendered":"WENDY \u2013 5 A\u00d1OS"},"content":{"rendered":"<p style=\"text-align: justify;\"><span style=\"font-size: 130%;\"><strong><span style=\"color: #33cccc;\">ADOPTADA.<\/span> <\/strong><\/span>La pobre wendy lleva mas de 5 meses en la perrera, donde nunca sale de su jaula, nunca tiene caricias, siempre llora de pena, ella no puede entender porque nadie la quiere, quiza si fuera tama\u00f1o peque\u00f1o ya estar\u00eda fuera,pero como no lo es,hay esta muerta del asco y pas\u00e1ndolo super mal, no merece esto, no merece estar as\u00ed,es muy triste verla en esa jaula y no poder hacer nada, estamos hartas de difundirla y explicar lo que pasa, pero aun asi all\u00ed sigue y seguir\u00e1. Es sociable con otros perros, con personas es un amor, es cari\u00f1osa, lista, obediente . .que mas se puede pedir? animate a conocerla y si no puedes, ayuda a difundir, porque en alg\u00fan lugar, puede estar una familia que se enamore de ella.<br \/>\nEmail contacto: lancelotylinda@gmail.com<br \/>\nTel\u00e9fono contacto: 670558507<\/p>\n","protected":false},"excerpt":{"rendered":"<p style=\"text-align: justify;\"><span style=\"color: #33cccc;\"><strong>ADOPTADA.<\/strong> <\/span>Nunca sale de su jaula<\/p>\n","protected":false},"featured_media":1276,"template":"","meta":{"_acf_changed":false},"product_brand":[],"product_cat":[51],"product_tag":[],"class_list":{"0":"post-1275","1":"product","2":"type-product","3":"status-publish","4":"has-post-thumbnail","6":"product_cat-adoptados","7":"pa_chip-si","8":"pa_fecha_nacimiento-5-anos","9":"pa_fecha-alta-332","10":"pa_pelo-corto","11":"pa_provincia-castellon","12":"pa_tamano-c","14":"first","15":"instock","16":"taxable","17":"shipping-taxable","18":"product-type-simple"},"acf":[],"_links":{"self":[{"href":"https:\/\/www.wallamascotas.com\/web3\/wp-json\/wp\/v2\/product\/1275","targetHints":{"allow":["GET"]}}],"collection":[{"href":"https:\/\/www.wallamascotas.com\/web3\/wp-json\/wp\/v2\/product"}],"about":[{"href":"https:\/\/www.wallamascotas.com\/web3\/wp-json\/wp\/v2\/types\/product"}],"wp:featuredmedia":[{"embeddable":true,"href":"https:\/\/www.wallamascotas.com\/web3\/wp-json\/wp\/v2\/media\/1276"}],"wp:attachment":[{"href":"https:\/\/www.wallamascotas.com\/web3\/wp-json\/wp\/v2\/media?parent=1275"}],"wp:term":[{"taxonomy":"product_brand","embeddable":true,"href":"https:\/\/www.wallamascotas.com\/web3\/wp-json\/wp\/v2\/product_brand?post=1275"},{"taxonomy":"product_cat","embeddable":true,"href":"https:\/\/www.wallamascotas.com\/web3\/wp-json\/wp\/v2\/product_cat?post=1275"},{"taxonomy":"product_tag","embeddable":true,"href":"https:\/\/www.wallamascotas.com\/web3\/wp-json\/wp\/v2\/product_tag?post=1275"}],"curies":[{"name":"wp","href":"https:\/\/api.w.org\/{rel}","templated":true}]}}