{"id":12817,"date":"2020-01-27T13:46:42","date_gmt":"2020-01-27T13:46:42","guid":{"rendered":"http:\/\/www.wallamascotas.com\/web3\/?post_type=product&#038;p=12817"},"modified":"2026-03-25T18:20:09","modified_gmt":"2026-03-25T18:20:09","slug":"laina-4-meses-cadiz","status":"publish","type":"product","link":"https:\/\/www.wallamascotas.com\/web3\/mascota\/laina-4-meses-cadiz\/","title":{"rendered":"LAINA"},"content":{"rendered":"<p><a href=\"http:\/\/www.wallamascotas.com\/web3\/wp-content\/uploads\/2018\/10\/banner_publicidad_wallamascotas_colabora2-1.jpg\"><img loading=\"lazy\" decoding=\"async\" class=\"alignnone size-full wp-image-7248\" src=\"http:\/\/www.wallamascotas.com\/web3\/wp-content\/uploads\/2018\/10\/banner_publicidad_wallamascotas_colabora2-1.jpg\" alt=\"\" width=\"750\" height=\"220\" \/><\/a><\/p>\n<div class=\"fb-page\" data-href=\"https:\/\/www.facebook.com\/wallamascotas\" data-width=\"340\" data-hide-cover=\"false\" data-show-facepile=\"true\">\n<div dir=\"auto\">\n<div dir=\"auto\">\n<div dir=\"auto\">\n<p><span style=\"color: #33cccc; font-size: 130%;\"><strong>ADOPTADA<\/strong><\/span><\/p>\n<p>?LAINA?<\/p>\n<p>&nbsp;<\/p>\n<p>Y aqu\u00ed comienza una nueva historia, una historia que busca un bonito desenlace.<\/p>\n<p>Has pensado en alg\u00fan momento&#8230;que t\u00fa felicidad puede caber la posibilidad de que comience por una nariz h\u00fameda y termine con el movimiento de una colita???<\/p>\n<p>Puede ser que a\u00fan no seas conocedor\/a hasta que punto se pueda amar.<\/p>\n<p>Ella se convertir\u00e1 en tu palabra de amor, en t\u00fa sentimiento de 4 patas, pues la tendr\u00e1s siempre a t\u00fa lado, cuando m\u00e1s la necesites, llenando ese vac\u00edo que desconoc\u00edas.<\/p>\n<p>&nbsp;<\/p>\n<p>#DaUnHogar<\/p>\n<p>#OfreceAmor<\/p>\n<p>&nbsp;<\/p>\n<p>-Raza: Bodeguero.<\/p>\n<p>-Fecha de nacimiento: 25\/09\/19.<\/p>\n<p>-Peso actual : 4&#8217;800 kg.<\/p>\n<p>-Tama\u00f1o de adulta : medianita.<\/p>\n<p>-Peso de adulta : 10 kg aproximadamente.<\/p>\n<p>-Car\u00e1cter: cari\u00f1osa, sociable, bien con otros perros, gatos y le chifla los ni\u00f1os.<\/p>\n<p>-Situaci\u00f3n actual: se encuentra en Jerez (Cadiz).<\/p>\n<p>-Condiciones para adoptar : se entrega con contrato de adopci\u00f3n,<\/p>\n<p>vacuna, chip, pasaporte, compromiso de esterilizaci\u00f3n, seguimiento, desparasitada,se env\u00eda por todas las provincias de Espa\u00f1a excepto Canarias y Baleares.<\/p>\n<\/div>\n<\/div>\n<\/div>\n<\/div>\n","protected":false},"excerpt":{"rendered":"<p><span style=\"color: #33cccc;\"><strong>ADOPTADA<\/strong><\/span><\/p>\n","protected":false},"featured_media":0,"template":"","meta":{"_acf_changed":false},"product_brand":[],"product_cat":[51,1000],"product_tag":[],"class_list":{"0":"post-12817","1":"product","2":"type-product","3":"status-publish","5":"product_cat-adoptados","6":"product_cat-adoptar-perro-gato-adoptar-mascota-es","7":"pa_fecha-alta-27-01-2020","8":"pa_origen-asociacion-maskeperros","9":"pa_provincia-cadiz","10":"pa_sexo-hembra","11":"pa_tamano-c","13":"first","14":"instock","15":"taxable","16":"shipping-taxable","17":"product-type-simple"},"acf":[],"_links":{"self":[{"href":"https:\/\/www.wallamascotas.com\/web3\/wp-json\/wp\/v2\/product\/12817","targetHints":{"allow":["GET"]}}],"collection":[{"href":"https:\/\/www.wallamascotas.com\/web3\/wp-json\/wp\/v2\/product"}],"about":[{"href":"https:\/\/www.wallamascotas.com\/web3\/wp-json\/wp\/v2\/types\/product"}],"wp:attachment":[{"href":"https:\/\/www.wallamascotas.com\/web3\/wp-json\/wp\/v2\/media?parent=12817"}],"wp:term":[{"taxonomy":"product_brand","embeddable":true,"href":"https:\/\/www.wallamascotas.com\/web3\/wp-json\/wp\/v2\/product_brand?post=12817"},{"taxonomy":"product_cat","embeddable":true,"href":"https:\/\/www.wallamascotas.com\/web3\/wp-json\/wp\/v2\/product_cat?post=12817"},{"taxonomy":"product_tag","embeddable":true,"href":"https:\/\/www.wallamascotas.com\/web3\/wp-json\/wp\/v2\/product_tag?post=12817"}],"curies":[{"name":"wp","href":"https:\/\/api.w.org\/{rel}","templated":true}]}}