{"id":12856,"date":"2020-02-03T12:00:39","date_gmt":"2020-02-03T12:00:39","guid":{"rendered":"http:\/\/www.wallamascotas.com\/web3\/?post_type=product&#038;p=12856"},"modified":"2026-03-25T18:20:09","modified_gmt":"2026-03-25T18:20:09","slug":"hermanos-1-mes-cadiz","status":"publish","type":"product","link":"https:\/\/www.wallamascotas.com\/web3\/mascota\/hermanos-1-mes-cadiz\/","title":{"rendered":"HERMANOS"},"content":{"rendered":"<p><a href=\"http:\/\/www.wallamascotas.com\/web3\/wp-content\/uploads\/2018\/10\/banner_publicidad_wallamascotas_colabora2-1.jpg\"><img loading=\"lazy\" decoding=\"async\" class=\"alignnone size-full wp-image-7248\" src=\"http:\/\/www.wallamascotas.com\/web3\/wp-content\/uploads\/2018\/10\/banner_publicidad_wallamascotas_colabora2-1.jpg\" alt=\"\" width=\"750\" height=\"220\" \/><\/a><\/p>\n<div class=\"fb-page\" data-href=\"https:\/\/www.facebook.com\/wallamascotas\" data-width=\"340\" data-hide-cover=\"false\" data-show-facepile=\"true\">\n<div dir=\"auto\">\n<div dir=\"auto\">\n<div dir=\"auto\">\n<p><span style=\"font-size: 120%; color: #33cccc;\"><strong>ADOPTADOS<\/strong><\/span><\/p>\n<p>Os presentamos a estos granujillas que pintar\u00e1n vuestros atardeceres y llenar\u00e1n de huellas vuestro hogar.<\/p>\n<p>Con un futuro incierto es como lleg\u00f3 hasta nosotras y como siempre, intentamos, iluminar cada camino hasta llegar a sus metas.<\/p>\n<p>Nuestros rayitos de sol han llegado hasta aqu\u00ed con un solo prop\u00f3sito, ser y formar parte de alguien, aqu\u00ed comienzan una nueva vida.<\/p>\n<p>ASI QUE SIN M\u00c1S, ANIMAROS, EST\u00c1N ANSIOSOS DE HACER PLENAMENTE FELIZ A UN\/A HUMAN@?<\/p>\n<p>&nbsp;<\/p>\n<p>-Raza: cruce de Galgo.<\/p>\n<p>-Fecha de nacimiento: 29\/12\/19.<\/p>\n<p>-Tama\u00f1o de adulto : mediano.<\/p>\n<p>-Car\u00e1cter: cari\u00f1oso, sociable, bien con otros perros, gatos y gran compa\u00f1ero de los ni\u00f1os.<\/p>\n<p>-Situaci\u00f3n actual: se encuentra en Jerez (Cadiz).<\/p>\n<p>-Condiciones para adoptar : se entrega con contrato de adopci\u00f3n,<\/p>\n<p>vacuna, chip, pasaporte, compromiso de castraci\u00f3n, seguimiento, desparasitado, se env\u00eda por todas las provincias de Espa\u00f1a excepto Canarias y Baleares.<\/p>\n<\/div>\n<\/div>\n<\/div>\n<\/div>\n","protected":false},"excerpt":{"rendered":"<p><span style=\"color: #33cccc;\"><strong>ADOPTADOS<\/strong><\/span><\/p>\n","protected":false},"featured_media":0,"template":"","meta":{"_acf_changed":false},"product_brand":[],"product_cat":[51,1000],"product_tag":[],"class_list":{"0":"post-12856","1":"product","2":"type-product","3":"status-publish","5":"product_cat-adoptados","6":"product_cat-adoptar-perro-gato-adoptar-mascota-es","7":"pa_fecha-alta-03-02-2019","8":"pa_origen-asociacion-maskeperros","9":"pa_provincia-cadiz","10":"pa_sexo-macho","11":"pa_tamano-c","13":"first","14":"instock","15":"taxable","16":"shipping-taxable","17":"product-type-simple"},"acf":[],"_links":{"self":[{"href":"https:\/\/www.wallamascotas.com\/web3\/wp-json\/wp\/v2\/product\/12856","targetHints":{"allow":["GET"]}}],"collection":[{"href":"https:\/\/www.wallamascotas.com\/web3\/wp-json\/wp\/v2\/product"}],"about":[{"href":"https:\/\/www.wallamascotas.com\/web3\/wp-json\/wp\/v2\/types\/product"}],"wp:attachment":[{"href":"https:\/\/www.wallamascotas.com\/web3\/wp-json\/wp\/v2\/media?parent=12856"}],"wp:term":[{"taxonomy":"product_brand","embeddable":true,"href":"https:\/\/www.wallamascotas.com\/web3\/wp-json\/wp\/v2\/product_brand?post=12856"},{"taxonomy":"product_cat","embeddable":true,"href":"https:\/\/www.wallamascotas.com\/web3\/wp-json\/wp\/v2\/product_cat?post=12856"},{"taxonomy":"product_tag","embeddable":true,"href":"https:\/\/www.wallamascotas.com\/web3\/wp-json\/wp\/v2\/product_tag?post=12856"}],"curies":[{"name":"wp","href":"https:\/\/api.w.org\/{rel}","templated":true}]}}