{"id":12921,"date":"2020-02-23T18:49:49","date_gmt":"2020-02-23T18:49:49","guid":{"rendered":"http:\/\/www.wallamascotas.com\/web3\/?post_type=product&#038;p=12921"},"modified":"2026-03-25T18:20:09","modified_gmt":"2026-03-25T18:20:09","slug":"violet-cadiz","status":"publish","type":"product","link":"https:\/\/www.wallamascotas.com\/web3\/mascota\/violet-cadiz\/","title":{"rendered":"VIOLET"},"content":{"rendered":"<p><a href=\"http:\/\/www.wallamascotas.com\/web3\/wp-content\/uploads\/2018\/10\/banner_publicidad_wallamascotas_colabora2-1.jpg\"><img loading=\"lazy\" decoding=\"async\" class=\"alignnone size-full wp-image-7248\" src=\"http:\/\/www.wallamascotas.com\/web3\/wp-content\/uploads\/2018\/10\/banner_publicidad_wallamascotas_colabora2-1.jpg\" alt=\"\" width=\"750\" height=\"220\" \/><\/a><\/p>\n<div class=\"fb-page\" data-href=\"https:\/\/www.facebook.com\/wallamascotas\" data-width=\"340\" data-hide-cover=\"false\" data-show-facepile=\"true\">\n<div dir=\"auto\">\n<div dir=\"auto\">\n<div dir=\"auto\">\n<p>&nbsp;<\/p>\n<div dir=\"auto\">\n<div dir=\"auto\">\n<div dir=\"auto\">\n<p><span style=\"color: #33cccc; font-size: 130%;\"><strong>ADOPTADA<\/strong><\/span><\/p>\n<div dir=\"auto\"><\/div>\n<div dir=\"auto\">Ya est\u00e1 aqu\u00ed nuestra gamberrilla preparada para abrir su coraz\u00f3n a una sola familia.<\/div>\n<div dir=\"auto\">Ella junto a su hermana llegaron a nuestras manos en no muy buenas condiciones, llenas de par\u00e1sitos y muy delgadas.<\/div>\n<div dir=\"auto\">Pero tras unas semanas, como podr\u00e9is comprobar, est\u00e1 muy saludable ?<\/div>\n<div dir=\"auto\">Qui\u00e9n adopte a esta encantadora peque\u00f1ina se llevar\u00e1 el mayor de los tesoros pues con su car\u00e1cter feliz y lo simp\u00e1tica que es engatusa hasta el coraz\u00f3n m\u00e1s duro de roer.<\/div>\n<div dir=\"auto\">An\u00edmate, no lo pienses.<\/div>\n<div dir=\"auto\"><\/div>\n<div dir=\"auto\">#PonaMargaretEnTuVida<\/div>\n<div dir=\"auto\"><\/div>\n<div dir=\"auto\">-Raza: mestiza.<\/div>\n<div dir=\"auto\">-Fecha de nacimiento: 04\/12\/19.<\/div>\n<div dir=\"auto\">-Tama\u00f1o de adulta : peque\u00f1o.<\/div>\n<div dir=\"auto\">-Peso actual : 1&#8217;900 kg.<\/div>\n<div dir=\"auto\">-Peso de adulta : 6 kg aproximadamente.<\/div>\n<div dir=\"auto\">-Car\u00e1cter: cari\u00f1osa, sociable, bien con otros perros, gatos y le chifla los ni\u00f1os.<\/div>\n<div dir=\"auto\">-Situaci\u00f3n actual: se encuentra en Jerez (Cadiz).<\/div>\n<div dir=\"auto\">-Condiciones para adoptar : se entrega con contrato de adopci\u00f3n,<\/div>\n<div dir=\"auto\">vacuna,chip,pasaporte, compromiso de esterilizaci\u00f3n, seguimiento, desparasitada,se env\u00eda por todas las provincias de Espa\u00f1a excepto Canarias y Baleares.<\/div>\n<\/div>\n<\/div>\n<\/div>\n<\/div>\n<\/div>\n<\/div>\n<\/div>\n","protected":false},"excerpt":{"rendered":"<p><span style=\"color: #33cccc;\"><strong>ADOPTADA<\/strong><\/span><\/p>\n","protected":false},"featured_media":0,"template":"","meta":{"_acf_changed":false},"product_brand":[],"product_cat":[51,1000],"product_tag":[],"class_list":{"0":"post-12921","1":"product","2":"type-product","3":"status-publish","5":"product_cat-adoptados","6":"product_cat-adoptar-perro-gato-adoptar-mascota-es","7":"pa_fecha_nacimiento-04-12-19","8":"pa_fecha-alta-18-02-2020","9":"pa_origen-asociacion-maskeperros","10":"pa_provincia-cadiz","11":"pa_sexo-hembra","12":"pa_tamano-b","14":"first","15":"instock","16":"taxable","17":"shipping-taxable","18":"product-type-simple"},"acf":[],"_links":{"self":[{"href":"https:\/\/www.wallamascotas.com\/web3\/wp-json\/wp\/v2\/product\/12921","targetHints":{"allow":["GET"]}}],"collection":[{"href":"https:\/\/www.wallamascotas.com\/web3\/wp-json\/wp\/v2\/product"}],"about":[{"href":"https:\/\/www.wallamascotas.com\/web3\/wp-json\/wp\/v2\/types\/product"}],"wp:attachment":[{"href":"https:\/\/www.wallamascotas.com\/web3\/wp-json\/wp\/v2\/media?parent=12921"}],"wp:term":[{"taxonomy":"product_brand","embeddable":true,"href":"https:\/\/www.wallamascotas.com\/web3\/wp-json\/wp\/v2\/product_brand?post=12921"},{"taxonomy":"product_cat","embeddable":true,"href":"https:\/\/www.wallamascotas.com\/web3\/wp-json\/wp\/v2\/product_cat?post=12921"},{"taxonomy":"product_tag","embeddable":true,"href":"https:\/\/www.wallamascotas.com\/web3\/wp-json\/wp\/v2\/product_tag?post=12921"}],"curies":[{"name":"wp","href":"https:\/\/api.w.org\/{rel}","templated":true}]}}