{"id":1298,"date":"2017-11-03T12:29:00","date_gmt":"2017-11-03T12:29:00","guid":{"rendered":"http:\/\/www.wallamascotas.com\/web3\/?post_type=product&#038;p=1298"},"modified":"2026-03-25T18:20:09","modified_gmt":"2026-03-25T18:20:09","slug":"coco-3-anos-castellon","status":"publish","type":"product","link":"https:\/\/www.wallamascotas.com\/web3\/mascota\/coco-3-anos-castellon\/","title":{"rendered":"COCO \u2013 3 A\u00d1OS"},"content":{"rendered":"<p><span style=\"color: #33cccc; font-size: 130%;\"><strong>ADOPTADO<\/strong><\/span><\/p>\n<p style=\"text-align: justify;\">Coco ha sido entregado en servican(perrera), entrada: 14-08-2017. Coco es un mestizo de PPP, pero es un trocito de pan, solo buscaba caricias y dar besos, se le ve s\u00faper agradecido. Como ya sab\u00e9is los que ceden son los que peor lo pasan, porque de una casita pasan a una jaula, donde no conocen a nadie y est\u00e1n muy desorientados. No sirve para guardar ni terrenos, ni huertos ni nada, porque es mas bueno que el pan. As\u00ed que tiene que estar en familia y que le den muchos mimos y mucho cari\u00f1o. As\u00ed que solo tienes que ir a conocerlo, para ver lo buen perrito que es.<\/p>\n<p style=\"text-align: justify;\">Castell\u00f3n<\/p>\n","protected":false},"excerpt":{"rendered":"<p style=\"text-align: justify;\"><span style=\"color: #33cccc;\"><strong>ADOPTADO.<\/strong><\/span> Solo buscaba caricias y dar besos<\/p>\n","protected":false},"featured_media":1299,"template":"","meta":{"_acf_changed":false},"product_brand":[],"product_cat":[51,1000],"product_tag":[],"class_list":{"0":"post-1298","1":"product","2":"type-product","3":"status-publish","4":"has-post-thumbnail","6":"product_cat-adoptados","7":"product_cat-adoptar-perro-gato-adoptar-mascota-es","8":"pa_chip-si","9":"pa_fecha_nacimiento-5-anos","10":"pa_fecha-alta-359","11":"pa_pelo-corto","12":"pa_provincia-castellon","13":"pa_sexo-macho","14":"pa_tamano-c","16":"first","17":"instock","18":"taxable","19":"shipping-taxable","20":"product-type-simple"},"acf":[],"_links":{"self":[{"href":"https:\/\/www.wallamascotas.com\/web3\/wp-json\/wp\/v2\/product\/1298","targetHints":{"allow":["GET"]}}],"collection":[{"href":"https:\/\/www.wallamascotas.com\/web3\/wp-json\/wp\/v2\/product"}],"about":[{"href":"https:\/\/www.wallamascotas.com\/web3\/wp-json\/wp\/v2\/types\/product"}],"wp:featuredmedia":[{"embeddable":true,"href":"https:\/\/www.wallamascotas.com\/web3\/wp-json\/wp\/v2\/media\/1299"}],"wp:attachment":[{"href":"https:\/\/www.wallamascotas.com\/web3\/wp-json\/wp\/v2\/media?parent=1298"}],"wp:term":[{"taxonomy":"product_brand","embeddable":true,"href":"https:\/\/www.wallamascotas.com\/web3\/wp-json\/wp\/v2\/product_brand?post=1298"},{"taxonomy":"product_cat","embeddable":true,"href":"https:\/\/www.wallamascotas.com\/web3\/wp-json\/wp\/v2\/product_cat?post=1298"},{"taxonomy":"product_tag","embeddable":true,"href":"https:\/\/www.wallamascotas.com\/web3\/wp-json\/wp\/v2\/product_tag?post=1298"}],"curies":[{"name":"wp","href":"https:\/\/api.w.org\/{rel}","templated":true}]}}