{"id":13210,"date":"2020-03-27T10:38:55","date_gmt":"2020-03-27T10:38:55","guid":{"rendered":"http:\/\/www.wallamascotas.com\/web3\/?post_type=product&#038;p=13210"},"modified":"2026-03-25T18:20:09","modified_gmt":"2026-03-25T18:20:09","slug":"kiss-cadiz","status":"publish","type":"product","link":"https:\/\/www.wallamascotas.com\/web3\/mascota\/kiss-cadiz\/","title":{"rendered":"KISS"},"content":{"rendered":"<p><a href=\"http:\/\/www.wallamascotas.com\/web3\/wp-content\/uploads\/2018\/10\/banner_publicidad_wallamascotas_colabora2-1.jpg\"><img loading=\"lazy\" decoding=\"async\" class=\"alignnone size-full wp-image-7248\" src=\"http:\/\/www.wallamascotas.com\/web3\/wp-content\/uploads\/2018\/10\/banner_publicidad_wallamascotas_colabora2-1.jpg\" alt=\"\" width=\"750\" height=\"220\" \/><\/a><\/p>\n<div class=\"fb-page\" data-href=\"https:\/\/www.facebook.com\/wallamascotas\" data-width=\"340\" data-hide-cover=\"false\" data-show-facepile=\"true\">\n<div dir=\"auto\">\n<div dir=\"auto\">\n<div dir=\"auto\">\n<p>&nbsp;<\/p>\n<div dir=\"auto\">\n<div dir=\"auto\">\n<div dir=\"auto\">\n<p>ADOPTADA<\/p>\n<p>?KISS<\/p>\n<p>Ten\u00edamos adopcion para esta hermosura pero a causa de la situaci\u00f3n que estamos viviendo actualmente con el coronavirus y que su casa de acogida no podr\u00e1 tenerla por mucho m\u00e1s tiempo su adopci\u00f3n no se ha podido llevar a cabo.<br \/>\nSu adopci\u00f3n debe ser aqu\u00ed, en la provincia de Cadiz sin m\u00e1s remedio.<br \/>\nQui\u00e9n adopte a esta encantadora peque\u00f1ina se llevar\u00e1 el mayor de los tesoros, pues con su car\u00e1cter feliz y lo simp\u00e1tica que es engatusa hasta el coraz\u00f3n m\u00e1s duro de roer.<br \/>\nAn\u00edmate, no lo pienses.<\/p>\n<p>-Raza: Yorkshire.<br \/>\n-Fecha de nacimiento: 19\/02\/12.<br \/>\n-Tama\u00f1o : peque\u00f1o.<br \/>\n-Peso actual : 3&#8217;400 kg.<br \/>\n-Car\u00e1cter: cari\u00f1osa, sociable, bien con otros perros, gatos y le chifla los ni\u00f1os.<br \/>\n-Situaci\u00f3n actual: se encuentra en Jerez (Cadiz).<br \/>\n-Condiciones para adoptar : se entrega con contrato de adopci\u00f3n,<br \/>\nvacuna,chip,pasaporte, esterilizada, seguimiento, desparasitada, la adopci\u00f3n s\u00f3lo por la provincia de Cadiz.<\/p>\n","protected":false},"excerpt":{"rendered":"<p>  ADOPTADA<\/p>\n","protected":false},"featured_media":0,"template":"","meta":{"_acf_changed":false},"product_brand":[],"product_cat":[51,1000],"product_tag":[],"class_list":{"0":"post-13210","1":"product","2":"type-product","3":"status-publish","5":"product_cat-adoptados","6":"product_cat-adoptar-perro-gato-adoptar-mascota-es","7":"pa_chip-si","8":"pa_fecha_nacimiento-19-02-2012","9":"pa_fecha-alta-27-03-2020","10":"pa_origen-asociacion-maskeperros","11":"pa_provincia-cadiz","12":"pa_sexo-hembra","13":"pa_tamano-b","15":"first","16":"instock","17":"taxable","18":"shipping-taxable","19":"product-type-simple"},"acf":[],"_links":{"self":[{"href":"https:\/\/www.wallamascotas.com\/web3\/wp-json\/wp\/v2\/product\/13210","targetHints":{"allow":["GET"]}}],"collection":[{"href":"https:\/\/www.wallamascotas.com\/web3\/wp-json\/wp\/v2\/product"}],"about":[{"href":"https:\/\/www.wallamascotas.com\/web3\/wp-json\/wp\/v2\/types\/product"}],"wp:attachment":[{"href":"https:\/\/www.wallamascotas.com\/web3\/wp-json\/wp\/v2\/media?parent=13210"}],"wp:term":[{"taxonomy":"product_brand","embeddable":true,"href":"https:\/\/www.wallamascotas.com\/web3\/wp-json\/wp\/v2\/product_brand?post=13210"},{"taxonomy":"product_cat","embeddable":true,"href":"https:\/\/www.wallamascotas.com\/web3\/wp-json\/wp\/v2\/product_cat?post=13210"},{"taxonomy":"product_tag","embeddable":true,"href":"https:\/\/www.wallamascotas.com\/web3\/wp-json\/wp\/v2\/product_tag?post=13210"}],"curies":[{"name":"wp","href":"https:\/\/api.w.org\/{rel}","templated":true}]}}