{"id":13503,"date":"2020-05-23T09:44:41","date_gmt":"2020-05-23T09:44:41","guid":{"rendered":"http:\/\/www.wallamascotas.com\/web3\/?post_type=product&#038;p=13503"},"modified":"2021-05-12T09:00:36","modified_gmt":"2021-05-12T09:00:36","slug":"madrid-guadalajara-apamag","status":"publish","type":"product","link":"https:\/\/www.wallamascotas.com\/web3\/mascota\/madrid-guadalajara-apamag\/","title":{"rendered":"MADRID\/GUADALAJARA"},"content":{"rendered":"<p>APAMAG<\/p>\n<div>\n<p>Asociaci\u00f3n de Ayuda a Perros y gatos abandonados de Madrid GuadalajaraLa Asociaci\u00f3n Ayuda a Perr@s y gatos Abandonados Madrid-Guadalajara (APAMaG) es una entidad sin \u00e1nimo de lucro cuyo objetivo final es la protecci\u00f3n animal y el respeto hacia la vida animal. Derivados de este objetivo principal, APAMaG vela por:<\/p>\n<p>La sensibilizaci\u00f3n de la sociedad con respecto al trato hacia los animales, luchando contra el maltrato y abandono animal.<br \/>\nLa gesti\u00f3n de adopciones de perr@s abandonad@s tanto de perrera como de la calle.<br \/>\nEl fomento de la tenencia responsable de los animales de compa\u00f1\u00eda a trav\u00e9s de campa\u00f1as de informaci\u00f3n.<br \/>\nLa lucha por el sacrificio cero en los n\u00facleos zool\u00f3gicos municipales y mancomunados de su entorno, y por extensi\u00f3n de toda Espa\u00f1a.<br \/>\nAPAMaG se constituye como Asociaci\u00f3n en enero de 2012, aunque antes de ese momento parte de las personas integrantes de la actual Junta Directiva comenzaron con las actividades de rescate de animales para su posterior adopci\u00f3n.<\/p>\n<p>APAMaG lo formamos personas que realizamos de forma voluntaria todas las labores desarrolladas desde la Asociaci\u00f3n. Somos una protectora peque\u00f1a y no contamos con refugio donde tener albergados a los animales rescatados. Por ello necesitamos casas de acogida temporales y residencias de pago para poder tener atendidos a los animales hasta encontrarles una adopci\u00f3n responsable.<\/p>\n<p>APAMaG se centra en el rescate de animales de perrera y de la calle, y por ello no atendemos casos de perr@s con due\u00f1o de forma general, si bien es cierto que hay casos especiales como S\u00edndromes de No\u00e9, desahucios, etc. que atendemos en la medida de nuestras posibilidades.<\/p>\n<p>Email: info@apamag.org<br \/>\nTlf de contacto: 644490072<\/p>\n<p>Ten en cuenta que en APAMaG todos somos voluntarios, por ello, no podemos atender el tel\u00e9fono siempre. As\u00ed, te recomendamos que te pongas en contacto con nosotros por correo electr\u00f3nico como forma m\u00e1s fiable de comunicaci\u00f3n: info@apamag.org<\/p>\n<p>www.apamag.org<\/p>\n<\/div>\n<div><\/div>\n<div><span style=\"color: #555555;\">MADRID y GUADALAJARA<\/span><\/div>\n<a href=\"https:\/\/www.wallamascotas.com\/web3\/mascotas\/adoptargato\/?filter_origen=apamag\" class=\"button primary is-primary is-medium\"  >\n    <span>VER GATOS EN ADOPCI\u00d3N DE LA ASOCIACI\u00d3N<\/span>\n  <\/a>\n\n<a href=\"https:\/\/www.wallamascotas.com\/web3\/mascotas\/adoptar_perro_adoptar_mascota\/?filter_origen=apamag\" class=\"button primary is-primary is-medium\"  >\n    <span>VER PERROS EN ADOPCI\u00d3N DE LA ASOCIACI\u00d3N<\/span>\n  <\/a>\n\n<p>&nbsp;<\/p>\n<p><a href=\"http:\/\/www.wallamascotas.com\/web3\/wp-content\/uploads\/2018\/10\/banner_publicidad_wallamascotas_no_compres-1.jpg\"><img loading=\"lazy\" decoding=\"async\" class=\"alignnone size-full wp-image-7183\" src=\"http:\/\/www.wallamascotas.com\/web3\/wp-content\/uploads\/2018\/10\/banner_publicidad_wallamascotas_no_compres-1.jpg\" alt=\"\" width=\"750\" height=\"140\" srcset=\"https:\/\/www.wallamascotas.com\/web3\/wp-content\/uploads\/2018\/10\/banner_publicidad_wallamascotas_no_compres-1.jpg 750w, https:\/\/www.wallamascotas.com\/web3\/wp-content\/uploads\/2018\/10\/banner_publicidad_wallamascotas_no_compres-1-300x56.jpg 300w, https:\/\/www.wallamascotas.com\/web3\/wp-content\/uploads\/2018\/10\/banner_publicidad_wallamascotas_no_compres-1-600x112.jpg 600w\" sizes=\"auto, (max-width: 750px) 100vw, 750px\" \/><\/a><\/p>\n<p><a href=\"http:\/\/www.wallamascotas.com\/web3\/wp-content\/uploads\/2018\/10\/banner_colabora.jpg\"><img loading=\"lazy\" decoding=\"async\" class=\"alignnone size-full wp-image-7179\" src=\"http:\/\/www.wallamascotas.com\/web3\/wp-content\/uploads\/2018\/10\/banner_colabora.jpg\" alt=\"\" width=\"750\" height=\"140\" srcset=\"https:\/\/www.wallamascotas.com\/web3\/wp-content\/uploads\/2018\/10\/banner_colabora.jpg 750w, https:\/\/www.wallamascotas.com\/web3\/wp-content\/uploads\/2018\/10\/banner_colabora-300x56.jpg 300w, https:\/\/www.wallamascotas.com\/web3\/wp-content\/uploads\/2018\/10\/banner_colabora-600x112.jpg 600w\" sizes=\"auto, (max-width: 750px) 100vw, 750px\" \/><\/a><\/p>\n","protected":false},"excerpt":{"rendered":"<p>&nbsp;<\/p>\n<p>&nbsp;<\/p>\n","protected":false},"featured_media":0,"template":"","meta":{"_acf_changed":false},"product_brand":[],"product_cat":[1000,1798],"product_tag":[],"class_list":{"0":"post-13503","1":"product","2":"type-product","3":"status-publish","5":"product_cat-adoptar-perro-gato-adoptar-mascota-es","6":"product_cat-asociaciones","7":"pa_origen-apamag","8":"pa_pais-espana","9":"pa_provincia-guadalajara","10":"pa_provincia-madrid","12":"first","13":"instock","14":"taxable","15":"shipping-taxable","16":"product-type-simple"},"acf":[],"_links":{"self":[{"href":"https:\/\/www.wallamascotas.com\/web3\/wp-json\/wp\/v2\/product\/13503","targetHints":{"allow":["GET"]}}],"collection":[{"href":"https:\/\/www.wallamascotas.com\/web3\/wp-json\/wp\/v2\/product"}],"about":[{"href":"https:\/\/www.wallamascotas.com\/web3\/wp-json\/wp\/v2\/types\/product"}],"wp:attachment":[{"href":"https:\/\/www.wallamascotas.com\/web3\/wp-json\/wp\/v2\/media?parent=13503"}],"wp:term":[{"taxonomy":"product_brand","embeddable":true,"href":"https:\/\/www.wallamascotas.com\/web3\/wp-json\/wp\/v2\/product_brand?post=13503"},{"taxonomy":"product_cat","embeddable":true,"href":"https:\/\/www.wallamascotas.com\/web3\/wp-json\/wp\/v2\/product_cat?post=13503"},{"taxonomy":"product_tag","embeddable":true,"href":"https:\/\/www.wallamascotas.com\/web3\/wp-json\/wp\/v2\/product_tag?post=13503"}],"curies":[{"name":"wp","href":"https:\/\/api.w.org\/{rel}","templated":true}]}}