{"id":1424,"date":"2017-11-10T19:30:21","date_gmt":"2017-11-10T19:30:21","guid":{"rendered":"http:\/\/www.wallamascotas.com\/web3\/?post_type=product&#038;p=1424"},"modified":"2026-03-25T18:20:09","modified_gmt":"2026-03-25T18:20:09","slug":"rubi-6-anos-malaga","status":"publish","type":"product","link":"https:\/\/www.wallamascotas.com\/web3\/mascota\/rubi-6-anos-malaga\/","title":{"rendered":"RUBI \u2013 6 A\u00d1OS"},"content":{"rendered":"<p><span style=\"color: #33cccc;\"><strong>ADOPTADA<\/strong><\/span><\/p>\n<p style=\"text-align: justify;\">Hola, ella es Ruby. Por tema personal, necesitamos buscar un hogar a esta gatita. Es super tranquila muy lista, est\u00e1 castrada, no ara\u00f1a sabe usar su rascador exclusivamente sin ara\u00f1ar muebles ni nada, atiende a las indicaciones del lugar para ella. Es muy buena la verdad. ??? Pero necesitamos buscarle un buen hogar ya q estamos en contra del abandono doy gracias por esta p\u00e1gina. Un saludo de antemano. Contesto wasap . Gracias<\/p>\n","protected":false},"excerpt":{"rendered":"<p style=\"text-align: justify;\"><span style=\"color: #33cccc;\"><strong>ADOPTADA.<\/strong><\/span> Tranquila<\/p>\n","protected":false},"featured_media":0,"template":"","meta":{"_acf_changed":false},"product_brand":[],"product_cat":[51],"product_tag":[],"class_list":{"0":"post-1424","1":"product","2":"type-product","3":"status-publish","5":"product_cat-adoptados","6":"pa_chip-no","7":"pa_fecha_nacimiento-6-anos","8":"pa_fecha-alta-421","9":"pa_origen-particular","10":"pa_provincia-malaga","11":"pa_sexo-hembra","13":"first","14":"instock","15":"taxable","16":"shipping-taxable","17":"product-type-simple"},"acf":[],"_links":{"self":[{"href":"https:\/\/www.wallamascotas.com\/web3\/wp-json\/wp\/v2\/product\/1424","targetHints":{"allow":["GET"]}}],"collection":[{"href":"https:\/\/www.wallamascotas.com\/web3\/wp-json\/wp\/v2\/product"}],"about":[{"href":"https:\/\/www.wallamascotas.com\/web3\/wp-json\/wp\/v2\/types\/product"}],"wp:attachment":[{"href":"https:\/\/www.wallamascotas.com\/web3\/wp-json\/wp\/v2\/media?parent=1424"}],"wp:term":[{"taxonomy":"product_brand","embeddable":true,"href":"https:\/\/www.wallamascotas.com\/web3\/wp-json\/wp\/v2\/product_brand?post=1424"},{"taxonomy":"product_cat","embeddable":true,"href":"https:\/\/www.wallamascotas.com\/web3\/wp-json\/wp\/v2\/product_cat?post=1424"},{"taxonomy":"product_tag","embeddable":true,"href":"https:\/\/www.wallamascotas.com\/web3\/wp-json\/wp\/v2\/product_tag?post=1424"}],"curies":[{"name":"wp","href":"https:\/\/api.w.org\/{rel}","templated":true}]}}