{"id":1449,"date":"2017-11-13T09:41:23","date_gmt":"2017-11-13T09:41:23","guid":{"rendered":"http:\/\/www.wallamascotas.com\/web3\/?post_type=product&#038;p=1449"},"modified":"2026-03-25T18:20:09","modified_gmt":"2026-03-25T18:20:09","slug":"sultan-granada","status":"publish","type":"product","link":"https:\/\/www.wallamascotas.com\/web3\/mascota\/sultan-granada\/","title":{"rendered":"SULTAN"},"content":{"rendered":"<p><span style=\"color: #33cccc; font-size: 130%;\"><strong>ADOPTADO<\/strong><\/span><\/p>\n<p style=\"text-align: justify;\">La historia de Sult\u00e1n es bastante triste. Es un mast\u00edn de unos 7-8 meses que me encontr\u00e9 un d\u00eda en una carretera de un pueblo de Granada. Por lo visto llevaba un tiempo all\u00ed, posiblemente desde que lo abandonaron. Las personas que se desprendieron de el lo condenaron a una muerte segura. Pero a pesar de eso el segu\u00eda buscando el cari\u00f1o y la empatia ajena. En la zona a la que se acerco habia varios campos con perros y no se movi\u00f3 del sitio esperando en vano a que alguien le ofreciera alimento y refugio.<br \/>\nNo pude mirar hacia otro lado y en ausencia de casas de acogidas disponibles encontr\u00e9 un grupo de madrinas dispuestas a ayudar con sus gastos y lo llevamos a una residencia.<br \/>\nAll\u00ed es muy feliz pero necesita encontrar ya un hogar estable.<br \/>\nNo nos dejemos llevar por los prejuicios de la raza o el tama\u00f1o. Los mastines son perros muy tiernos, nobles y tranquilos. Se pueden adaptar perfectamente a la vida en una casa.<br \/>\nSult\u00e1n tiene un car\u00e1cter genial. Es cari\u00f1oso, d\u00f3cil y obediente. Muy sociable tanto con otros perros como con personas.<br \/>\nSe encuentra en Granada pero se puede enviar fuera.<br \/>\nAyudadme todos a encontrarle un hogar a esta belleza de perro. Se lo merece&#8230;.<\/p>\n","protected":false},"excerpt":{"rendered":"<p style=\"text-align: justify;\"><span style=\"color: #33cccc;\"><strong>ADOPTADO.<\/strong><\/span> Mast\u00edn en busca de hogar<\/p>\n","protected":false},"featured_media":0,"template":"","meta":{"_acf_changed":false},"product_brand":[],"product_cat":[51,1000],"product_tag":[],"class_list":{"0":"post-1449","1":"product","2":"type-product","3":"status-publish","5":"product_cat-adoptados","6":"product_cat-adoptar-perro-gato-adoptar-mascota-es","7":"pa_provincia-granada","8":"pa_sexo-macho","9":"pa_tamano-d","11":"first","12":"instock","13":"taxable","14":"shipping-taxable","15":"product-type-simple"},"acf":[],"_links":{"self":[{"href":"https:\/\/www.wallamascotas.com\/web3\/wp-json\/wp\/v2\/product\/1449","targetHints":{"allow":["GET"]}}],"collection":[{"href":"https:\/\/www.wallamascotas.com\/web3\/wp-json\/wp\/v2\/product"}],"about":[{"href":"https:\/\/www.wallamascotas.com\/web3\/wp-json\/wp\/v2\/types\/product"}],"wp:attachment":[{"href":"https:\/\/www.wallamascotas.com\/web3\/wp-json\/wp\/v2\/media?parent=1449"}],"wp:term":[{"taxonomy":"product_brand","embeddable":true,"href":"https:\/\/www.wallamascotas.com\/web3\/wp-json\/wp\/v2\/product_brand?post=1449"},{"taxonomy":"product_cat","embeddable":true,"href":"https:\/\/www.wallamascotas.com\/web3\/wp-json\/wp\/v2\/product_cat?post=1449"},{"taxonomy":"product_tag","embeddable":true,"href":"https:\/\/www.wallamascotas.com\/web3\/wp-json\/wp\/v2\/product_tag?post=1449"}],"curies":[{"name":"wp","href":"https:\/\/api.w.org\/{rel}","templated":true}]}}