{"id":1457,"date":"2017-11-13T11:37:33","date_gmt":"2017-11-13T11:37:33","guid":{"rendered":"http:\/\/www.wallamascotas.com\/web3\/?post_type=product&#038;p=1457"},"modified":"2026-03-25T18:20:09","modified_gmt":"2026-03-25T18:20:09","slug":"neo-valencia","status":"publish","type":"product","link":"https:\/\/www.wallamascotas.com\/web3\/mascota\/neo-valencia\/","title":{"rendered":"NEO"},"content":{"rendered":"<p><span style=\"color: #33cccc;\"><strong>ADOPTADO<\/strong><\/span><\/p>\n<p style=\"text-align: justify;\">El 8\/11\/17 encontre este bebe herido en cara y pata.<br \/>\nSe le est\u00e1n haciendo curas diarias en el veterinario, ten\u00eda un corte profundo y muy infectado en la pata. La evoluci\u00f3n es muy favorable. El vendaje es para evitar que se le infecte mas.<br \/>\nEst\u00e1 en protocolo veterinario en estos momentos me es muy complicado tenerlo aislado de mis gatos y no puedo dedicarle la atencion q se merece. Esta encerrado en la cocina.<br \/>\nEs muy cari\u00f1oso y agradecido.<br \/>\nBusco casa de acogida en alzira-valencia , por tema veterinario, (sin gatos) para q no pase la cuarentena solo o adopcion responsable<\/p>\n","protected":false},"excerpt":{"rendered":"<p style=\"text-align: justify;\"><span style=\"color: #33cccc;\"><strong>ADOPTADO.<\/strong><\/span> Busco casa de acogida en alzira-valencia<\/p>\n","protected":false},"featured_media":0,"template":"","meta":{"_acf_changed":false},"product_brand":[],"product_cat":[51,1000],"product_tag":[],"class_list":{"0":"post-1457","1":"product","2":"type-product","3":"status-publish","5":"product_cat-adoptados","6":"product_cat-adoptar-perro-gato-adoptar-mascota-es","7":"pa_origen-particular","8":"pa_provincia-valencia","9":"pa_sexo-macho","10":"pa_tamano-b","12":"first","13":"instock","14":"taxable","15":"shipping-taxable","16":"product-type-simple"},"acf":[],"_links":{"self":[{"href":"https:\/\/www.wallamascotas.com\/web3\/wp-json\/wp\/v2\/product\/1457","targetHints":{"allow":["GET"]}}],"collection":[{"href":"https:\/\/www.wallamascotas.com\/web3\/wp-json\/wp\/v2\/product"}],"about":[{"href":"https:\/\/www.wallamascotas.com\/web3\/wp-json\/wp\/v2\/types\/product"}],"wp:attachment":[{"href":"https:\/\/www.wallamascotas.com\/web3\/wp-json\/wp\/v2\/media?parent=1457"}],"wp:term":[{"taxonomy":"product_brand","embeddable":true,"href":"https:\/\/www.wallamascotas.com\/web3\/wp-json\/wp\/v2\/product_brand?post=1457"},{"taxonomy":"product_cat","embeddable":true,"href":"https:\/\/www.wallamascotas.com\/web3\/wp-json\/wp\/v2\/product_cat?post=1457"},{"taxonomy":"product_tag","embeddable":true,"href":"https:\/\/www.wallamascotas.com\/web3\/wp-json\/wp\/v2\/product_tag?post=1457"}],"curies":[{"name":"wp","href":"https:\/\/api.w.org\/{rel}","templated":true}]}}