{"id":15412,"date":"2021-01-07T16:52:33","date_gmt":"2021-01-07T16:52:33","guid":{"rendered":"https:\/\/www.wallamascotas.com\/web3\/?post_type=product&#038;p=15412"},"modified":"2021-01-07T17:16:32","modified_gmt":"2021-01-07T17:16:32","slug":"blanquita-perdida-castelldefels","status":"publish","type":"product","link":"https:\/\/www.wallamascotas.com\/web3\/mascota\/blanquita-perdida-castelldefels\/","title":{"rendered":"BLANQUITA \u2013 PERDIDA"},"content":{"rendered":"<p>Ayuda para encontrar a una perrita que se escap\u00f3 el dia 6\/11\/2020 de Can\u00f3polis, situado en el Parque del Garraf, en Castelldefels.<\/p>\n<p>678.663.735<\/p>\n<p>654.615.079<\/p>\n<ul class=\"wpuf_customs\">            <li class=\"wpuf-field-data wpuf-field-data-radio_field\">\n                                    <label>Origen:<\/label>\n                                Asociaci\u00f3n            <\/li>\n        <li><label>Fecha de publicaci\u00f3n:<\/label> 24\/12\/2020<\/li>            <li class=\"wpuf-field-data wpuf-field-data-email_address\">\n                                    <label>Direcci\u00f3n de correo:<\/label>\n                                <a href=\"mailto:adopcionesladridosvagabundos@gmail.com\">adopcionesladridosvagabundos@gmail.com<\/a>            <\/li>\n        <\/ul>","protected":false},"excerpt":{"rendered":"<p>Ayuda para encontrar a una perrita que se escap\u00f3 el dia 6\/11\/2020 de Can\u00f3polis, situado en el Parque del Garraf, en Castelldefels. 678.663.735 654.615.079 Origen: Asociaci\u00f3n Fecha de publicaci\u00f3n: 24\/12\/2020 Direcci\u00f3n de correo: adopcionesladridosvagabundos@gmail.com<\/p>\n","protected":false},"featured_media":0,"template":"","meta":{"_acf_changed":false},"product_brand":[],"product_cat":[1000],"product_tag":[],"class_list":{"0":"post-15412","1":"product","2":"type-product","3":"status-publish","5":"product_cat-adoptar-perro-gato-adoptar-mascota-es","6":"pa_origen-particular","7":"pa_provincia-barcelona","9":"first","10":"instock","11":"taxable","12":"shipping-taxable","13":"product-type-simple"},"acf":[],"_links":{"self":[{"href":"https:\/\/www.wallamascotas.com\/web3\/wp-json\/wp\/v2\/product\/15412","targetHints":{"allow":["GET"]}}],"collection":[{"href":"https:\/\/www.wallamascotas.com\/web3\/wp-json\/wp\/v2\/product"}],"about":[{"href":"https:\/\/www.wallamascotas.com\/web3\/wp-json\/wp\/v2\/types\/product"}],"wp:attachment":[{"href":"https:\/\/www.wallamascotas.com\/web3\/wp-json\/wp\/v2\/media?parent=15412"}],"wp:term":[{"taxonomy":"product_brand","embeddable":true,"href":"https:\/\/www.wallamascotas.com\/web3\/wp-json\/wp\/v2\/product_brand?post=15412"},{"taxonomy":"product_cat","embeddable":true,"href":"https:\/\/www.wallamascotas.com\/web3\/wp-json\/wp\/v2\/product_cat?post=15412"},{"taxonomy":"product_tag","embeddable":true,"href":"https:\/\/www.wallamascotas.com\/web3\/wp-json\/wp\/v2\/product_tag?post=15412"}],"curies":[{"name":"wp","href":"https:\/\/api.w.org\/{rel}","templated":true}]}}