{"id":1598,"date":"2017-11-21T19:27:31","date_gmt":"2017-11-21T19:27:31","guid":{"rendered":"http:\/\/www.wallamascotas.com\/web3\/?post_type=product&#038;p=1598"},"modified":"2026-03-25T18:20:09","modified_gmt":"2026-03-25T18:20:09","slug":"tuka-10-meses-granada","status":"publish","type":"product","link":"https:\/\/www.wallamascotas.com\/web3\/mascota\/tuka-10-meses-granada\/","title":{"rendered":"TUKA \u2013 10 MESES"},"content":{"rendered":"<p><span style=\"color: #33cccc; font-size: 130%;\"><strong>ADOPTADA<\/strong><\/span><\/p>\n<p style=\"text-align: justify;\">Tuka es una peque\u00f1a vaquita (por sus colores) rescatada de la perrera donde llevaba varios meses. Es una perra s\u00faper cari\u00f1osa y sumisa, juguetona porque es cachorra todav\u00eda y no habr\u00e1 tenido la oportunidad de serlo en su anterior vida. Ya est\u00e1 castrada, san\u00edsima y lista para encontrar a esa familia que la cuide para siempre. Convive con otros perros y le encanta jugar con ellos todo el d\u00eda. Es muy lista y obediente y aprende muy r\u00e1pido Si buscas una mascota que te entregue su amor incondicional no lo dudes y an\u00edmate a conocerla.<br \/>\nEmail contacto:\u00a0<a href=\"mailto:laraeslava@gmail.com\">laraeslava@gmail.com<\/a><br \/>\nTel\u00e9fono contacto: 697 290 984<\/p>\n","protected":false},"excerpt":{"rendered":"<p style=\"text-align: justify;\"><span style=\"color: #33cccc;\"><strong>ADOPTADA.<\/strong> <\/span>Es una perra s\u00faper cari\u00f1osa y sumisa<\/p>\n","protected":false},"featured_media":0,"template":"","meta":{"_acf_changed":false},"product_brand":[],"product_cat":[51,1000],"product_tag":[],"class_list":{"0":"post-1598","1":"product","2":"type-product","3":"status-publish","5":"product_cat-adoptados","6":"product_cat-adoptar-perro-gato-adoptar-mascota-es","7":"pa_fecha_nacimiento-10-meses","8":"pa_fecha-alta-484","9":"pa_origen-asociacion-peludisimos-granada","10":"pa_provincia-granada","11":"pa_tamano-b","13":"first","14":"instock","15":"taxable","16":"shipping-taxable","17":"product-type-simple"},"acf":[],"_links":{"self":[{"href":"https:\/\/www.wallamascotas.com\/web3\/wp-json\/wp\/v2\/product\/1598","targetHints":{"allow":["GET"]}}],"collection":[{"href":"https:\/\/www.wallamascotas.com\/web3\/wp-json\/wp\/v2\/product"}],"about":[{"href":"https:\/\/www.wallamascotas.com\/web3\/wp-json\/wp\/v2\/types\/product"}],"wp:attachment":[{"href":"https:\/\/www.wallamascotas.com\/web3\/wp-json\/wp\/v2\/media?parent=1598"}],"wp:term":[{"taxonomy":"product_brand","embeddable":true,"href":"https:\/\/www.wallamascotas.com\/web3\/wp-json\/wp\/v2\/product_brand?post=1598"},{"taxonomy":"product_cat","embeddable":true,"href":"https:\/\/www.wallamascotas.com\/web3\/wp-json\/wp\/v2\/product_cat?post=1598"},{"taxonomy":"product_tag","embeddable":true,"href":"https:\/\/www.wallamascotas.com\/web3\/wp-json\/wp\/v2\/product_tag?post=1598"}],"curies":[{"name":"wp","href":"https:\/\/api.w.org\/{rel}","templated":true}]}}