{"id":1780,"date":"2017-12-17T23:06:32","date_gmt":"2017-12-17T23:06:32","guid":{"rendered":"http:\/\/www.wallamascotas.com\/web3\/?post_type=product&#038;p=1780"},"modified":"2026-03-25T18:20:09","modified_gmt":"2026-03-25T18:20:09","slug":"rayo-18-meses-sevilla","status":"publish","type":"product","link":"https:\/\/www.wallamascotas.com\/web3\/mascota\/rayo-18-meses-sevilla\/","title":{"rendered":"RAYO \u2013 18 MESES"},"content":{"rendered":"<div><span style=\"color: #33cccc; font-size: 130%;\"><strong>ADOPTADO<\/strong><\/span><\/div>\n<div style=\"text-align: justify;\">En adopci\u00f3n macho de a\u00f1o y medio Labrador, pesa 22kg. &#8211; Se entrega: vacunado\/a, chipado\/a, desparasitado\/a, esterilizado y cartilla, se firma contrato de adopcion con seguimiento OBLIGATORIO. Apta con perros y ni\u00f1os, sin testar con gatos. Est\u00e1 en el refugio de Sevilla, cuando tenga adopci\u00f3n (toda Espa\u00f1a), viaja. Gastos veterinarios y viaje a cargo del adoptante. Puedes seguirnos en nuestra p\u00e1gina de facebook: Adopta Amores Incondicionales.<\/div>\n<div style=\"text-align: justify;\"><\/div>\n<div style=\"text-align: justify;\"><a href=\"mailto:adoptaamoresincondicionales@gmail.com\" rel=\"noreferrer\">adoptaamoresincondicionales@gmail.com<\/a>\u00a0\/\u00a0672125948<\/div>\n","protected":false},"excerpt":{"rendered":"<p style=\"text-align: justify;\"><strong><span style=\"color: #33cccc;\">ADOPTADO.<\/span><\/strong> En adopci\u00f3n macho de a\u00f1o y medio Labrador<\/p>\n","protected":false},"featured_media":0,"template":"","meta":{"_acf_changed":false},"product_brand":[],"product_cat":[51],"product_tag":[],"class_list":{"0":"post-1780","1":"product","2":"type-product","3":"status-publish","5":"product_cat-adoptados","6":"pa_fecha_nacimiento-18-meses","7":"pa_fecha-alta-573","8":"pa_origen-refugio-adopta-amores-incondicionales","9":"pa_provincia-sevilla","10":"pa_tamano-c","12":"first","13":"instock","14":"taxable","15":"shipping-taxable","16":"product-type-simple"},"acf":[],"_links":{"self":[{"href":"https:\/\/www.wallamascotas.com\/web3\/wp-json\/wp\/v2\/product\/1780","targetHints":{"allow":["GET"]}}],"collection":[{"href":"https:\/\/www.wallamascotas.com\/web3\/wp-json\/wp\/v2\/product"}],"about":[{"href":"https:\/\/www.wallamascotas.com\/web3\/wp-json\/wp\/v2\/types\/product"}],"wp:attachment":[{"href":"https:\/\/www.wallamascotas.com\/web3\/wp-json\/wp\/v2\/media?parent=1780"}],"wp:term":[{"taxonomy":"product_brand","embeddable":true,"href":"https:\/\/www.wallamascotas.com\/web3\/wp-json\/wp\/v2\/product_brand?post=1780"},{"taxonomy":"product_cat","embeddable":true,"href":"https:\/\/www.wallamascotas.com\/web3\/wp-json\/wp\/v2\/product_cat?post=1780"},{"taxonomy":"product_tag","embeddable":true,"href":"https:\/\/www.wallamascotas.com\/web3\/wp-json\/wp\/v2\/product_tag?post=1780"}],"curies":[{"name":"wp","href":"https:\/\/api.w.org\/{rel}","templated":true}]}}