{"id":1786,"date":"2017-12-19T20:16:37","date_gmt":"2017-12-19T20:16:37","guid":{"rendered":"http:\/\/www.wallamascotas.com\/web3\/?post_type=product&#038;p=1786"},"modified":"2026-03-25T18:20:09","modified_gmt":"2026-03-25T18:20:09","slug":"jager-18-meses-sevilla","status":"publish","type":"product","link":"https:\/\/www.wallamascotas.com\/web3\/mascota\/jager-18-meses-sevilla\/","title":{"rendered":"JAGER \u2013 18 MESES"},"content":{"rendered":"<p><span style=\"color: #33cccc; font-size: 130%;\"><strong>ADOPTADO<\/strong><\/span><\/p>\n<p style=\"text-align: justify;\">En adopci\u00f3n macho de a\u00f1o y medio mix Pincher \/ Bodeguero Andaluz de 15kg. &#8211; Se entrega: vacunado\/a, chipado\/a, desparasitado\/a, esterilizado y pasaporte europeo, se firma contrato de adopcion con seguimiento OBLIGATORIO. Apto con perros y ni\u00f1os, sin testar con gatos. Est\u00e1 en el refugio de Sevilla, cuando tenga adopci\u00f3n (toda Espa\u00f1a), viaja. Gastos veterinarios y viaje a cargo del adoptante. Puedes seguirnos en nuestra p\u00e1gina de facebook: Adopta Amores Incondicionales.<\/p>\n","protected":false},"excerpt":{"rendered":"<p style=\"text-align: justify;\"><span style=\"color: #33cccc;\"><strong>ADOPTADO.<\/strong><\/span> Macho muy cari\u00f1oso<\/p>\n","protected":false},"featured_media":0,"template":"","meta":{"_acf_changed":false},"product_brand":[],"product_cat":[51,1000],"product_tag":[],"class_list":{"0":"post-1786","1":"product","2":"type-product","3":"status-publish","5":"product_cat-adoptados","6":"product_cat-adoptar-perro-gato-adoptar-mascota-es","7":"pa_fecha_nacimiento-18-meses","8":"pa_fecha-alta-580","9":"pa_origen-refugio-adopta-amores-incondicionales","10":"pa_provincia-sevilla","11":"pa_tamano-b","13":"first","14":"instock","15":"taxable","16":"shipping-taxable","17":"product-type-simple"},"acf":[],"_links":{"self":[{"href":"https:\/\/www.wallamascotas.com\/web3\/wp-json\/wp\/v2\/product\/1786","targetHints":{"allow":["GET"]}}],"collection":[{"href":"https:\/\/www.wallamascotas.com\/web3\/wp-json\/wp\/v2\/product"}],"about":[{"href":"https:\/\/www.wallamascotas.com\/web3\/wp-json\/wp\/v2\/types\/product"}],"wp:attachment":[{"href":"https:\/\/www.wallamascotas.com\/web3\/wp-json\/wp\/v2\/media?parent=1786"}],"wp:term":[{"taxonomy":"product_brand","embeddable":true,"href":"https:\/\/www.wallamascotas.com\/web3\/wp-json\/wp\/v2\/product_brand?post=1786"},{"taxonomy":"product_cat","embeddable":true,"href":"https:\/\/www.wallamascotas.com\/web3\/wp-json\/wp\/v2\/product_cat?post=1786"},{"taxonomy":"product_tag","embeddable":true,"href":"https:\/\/www.wallamascotas.com\/web3\/wp-json\/wp\/v2\/product_tag?post=1786"}],"curies":[{"name":"wp","href":"https:\/\/api.w.org\/{rel}","templated":true}]}}