{"id":2012,"date":"2017-12-28T16:14:23","date_gmt":"2017-12-28T16:14:23","guid":{"rendered":"http:\/\/www.wallamascotas.com\/web3\/?post_type=product&#038;p=2012"},"modified":"2026-03-25T18:20:09","modified_gmt":"2026-03-25T18:20:09","slug":"zazu-3-meses-murcia","status":"publish","type":"product","link":"https:\/\/www.wallamascotas.com\/web3\/mascota\/zazu-3-meses-murcia\/","title":{"rendered":"ZAZU \u2013 3 MESES"},"content":{"rendered":"<p><span style=\"color: #33cccc; font-size: 130%;\"><strong>ADOPTADO<\/strong><\/span><\/p>\n<p style=\"text-align: justify;\">ZAZ\u00da &#8211; ABANDONADO EN BUSCA DE SU FAMILIA<\/p>\n<p>Fecha Nacimiento: Octubre 2017<br \/>\nZAZ\u00da y sus hermanitas Zira y Zoe estaba en una calle transitada donde una mujer lo meti\u00f3 en su patio para alimentarlo y encontrar una familia para \u00e9l, pero se va y se queda solito<\/p>\n<p>NO HA TENIDO SUERTE Y LA MUJER SE VA A SU PAIS<br \/>\nNo tiene d\u00f3nde ir!!<br \/>\nEs un beb\u00e9 de 3 mesecitos y muy cari\u00f1oso!!<\/p>\n<p>\u00bfTe animas a darle un hogar?<\/p>\n<p><a href=\"mailto:Gatosabandona2@gmail.com\">Gatosabandona2@gmail.com<\/a><br \/>\n633 54 38 98 (Whatsapp)<br \/>\nEmail contacto:\u00a0<a href=\"mailto:gatosabandona2@gmail.com\">gatosabandona2@gmail.com<\/a><br \/>\nTel\u00e9fono contacto: 633843898<\/p>\n","protected":false},"excerpt":{"rendered":"<p style=\"text-align: justify;\"><span style=\"color: #33cccc;\"><strong>ADOPTADO.<\/strong><\/span> ZAZ\u00da y sus hermanitas Zira y Zoe buscan un hogar<\/p>\n","protected":false},"featured_media":0,"template":"","meta":{"_acf_changed":false},"product_brand":[],"product_cat":[51,1000],"product_tag":[],"class_list":{"0":"post-2012","1":"product","2":"type-product","3":"status-publish","5":"product_cat-adoptados","6":"product_cat-adoptar-perro-gato-adoptar-mascota-es","7":"pa_fecha_nacimiento-3-meses","8":"pa_fecha-alta-659","9":"pa_origen-asociacion-gatos-abandonados-murcia","10":"pa_provincia-murcia","12":"first","13":"instock","14":"taxable","15":"shipping-taxable","16":"product-type-simple"},"acf":[],"_links":{"self":[{"href":"https:\/\/www.wallamascotas.com\/web3\/wp-json\/wp\/v2\/product\/2012","targetHints":{"allow":["GET"]}}],"collection":[{"href":"https:\/\/www.wallamascotas.com\/web3\/wp-json\/wp\/v2\/product"}],"about":[{"href":"https:\/\/www.wallamascotas.com\/web3\/wp-json\/wp\/v2\/types\/product"}],"wp:attachment":[{"href":"https:\/\/www.wallamascotas.com\/web3\/wp-json\/wp\/v2\/media?parent=2012"}],"wp:term":[{"taxonomy":"product_brand","embeddable":true,"href":"https:\/\/www.wallamascotas.com\/web3\/wp-json\/wp\/v2\/product_brand?post=2012"},{"taxonomy":"product_cat","embeddable":true,"href":"https:\/\/www.wallamascotas.com\/web3\/wp-json\/wp\/v2\/product_cat?post=2012"},{"taxonomy":"product_tag","embeddable":true,"href":"https:\/\/www.wallamascotas.com\/web3\/wp-json\/wp\/v2\/product_tag?post=2012"}],"curies":[{"name":"wp","href":"https:\/\/api.w.org\/{rel}","templated":true}]}}