{"id":2018,"date":"2017-12-29T11:31:24","date_gmt":"2017-12-29T11:31:24","guid":{"rendered":"http:\/\/www.wallamascotas.com\/web3\/?post_type=product&#038;p=2018"},"modified":"2026-03-25T18:20:09","modified_gmt":"2026-03-25T18:20:09","slug":"triana-1-ano-murcia","status":"publish","type":"product","link":"https:\/\/www.wallamascotas.com\/web3\/mascota\/triana-1-ano-murcia\/","title":{"rendered":"TRIANA \u2013 1 A\u00d1O"},"content":{"rendered":"<p><span style=\"color: #33cccc; font-size: 130%;\"><strong>ADOPTADA<\/strong><\/span><\/p>\n<p style=\"text-align: justify;\">TRIANA &#8211; ABANDONO POR EMBARAZO<\/p>\n<p style=\"text-align: justify;\">Triana era una gatita mimada dentro de una casa&#8230; ten\u00eda un hogar&#8230;<\/p>\n<p style=\"text-align: justify;\">Un hogar que, sin ella saberlo, ten\u00eda fecha de caducidad, pues un d\u00eda se qued\u00f3 embarazada.<\/p>\n<p style=\"text-align: justify;\">Su familia no pon\u00eda impedimentos para que ella se arriesgara cada d\u00eda saliendo y entrando de casa&#8230;<\/p>\n<p style=\"text-align: justify;\">El d\u00eda que vieron que esa tripita era demasiado grande para ser a causa de la comida&#8230;. fue su \u00daLTIMO D\u00cdA<\/p>\n<p style=\"text-align: justify;\">La llevaron en un trasportin, la soltaron en una empresa, y la abandonaron en pleno inicio de invierno&#8230;.<\/p>\n<p style=\"text-align: justify;\">Gracias a unos trabajadores que no dejaron que ella pasara hambre, Triana est\u00e1 ahora en una casa de acogida, a la espera de esa oportunidad que nunca lleg\u00f3 a tener&#8230;<\/p>\n<p style=\"text-align: justify;\">Triana es una gatita muy tranquila, agradecida y cari\u00f1osa<\/p>\n<p style=\"text-align: justify;\">\u00bfTe animas a adoptarla?<\/p>\n","protected":false},"excerpt":{"rendered":"<p style=\"text-align: justify;\"><span style=\"color: #33cccc;\"><strong>ADOPTADA.<\/strong><\/span> Muy cari\u00f1osa<\/p>\n","protected":false},"featured_media":0,"template":"","meta":{"_acf_changed":false},"product_brand":[],"product_cat":[51,1000],"product_tag":[],"class_list":{"0":"post-2018","1":"product","2":"type-product","3":"status-publish","5":"product_cat-adoptados","6":"product_cat-adoptar-perro-gato-adoptar-mascota-es","7":"pa_chip-si","8":"pa_origen-asociacion-gatos-abandonados-murcia","9":"pa_provincia-murcia","10":"pa_sexo-hembra","11":"pa_tamano-a","13":"first","14":"instock","15":"taxable","16":"shipping-taxable","17":"product-type-simple"},"acf":[],"_links":{"self":[{"href":"https:\/\/www.wallamascotas.com\/web3\/wp-json\/wp\/v2\/product\/2018","targetHints":{"allow":["GET"]}}],"collection":[{"href":"https:\/\/www.wallamascotas.com\/web3\/wp-json\/wp\/v2\/product"}],"about":[{"href":"https:\/\/www.wallamascotas.com\/web3\/wp-json\/wp\/v2\/types\/product"}],"wp:attachment":[{"href":"https:\/\/www.wallamascotas.com\/web3\/wp-json\/wp\/v2\/media?parent=2018"}],"wp:term":[{"taxonomy":"product_brand","embeddable":true,"href":"https:\/\/www.wallamascotas.com\/web3\/wp-json\/wp\/v2\/product_brand?post=2018"},{"taxonomy":"product_cat","embeddable":true,"href":"https:\/\/www.wallamascotas.com\/web3\/wp-json\/wp\/v2\/product_cat?post=2018"},{"taxonomy":"product_tag","embeddable":true,"href":"https:\/\/www.wallamascotas.com\/web3\/wp-json\/wp\/v2\/product_tag?post=2018"}],"curies":[{"name":"wp","href":"https:\/\/api.w.org\/{rel}","templated":true}]}}