{"id":2029,"date":"2017-12-29T11:12:17","date_gmt":"2017-12-29T11:12:17","guid":{"rendered":"http:\/\/www.wallamascotas.com\/web3\/?post_type=product&#038;p=2029"},"modified":"2026-03-25T18:20:09","modified_gmt":"2026-03-25T18:20:09","slug":"azabache-1-mes-murcia","status":"publish","type":"product","link":"https:\/\/www.wallamascotas.com\/web3\/mascota\/azabache-1-mes-murcia\/","title":{"rendered":"AZABACHE \u2013 1 MES"},"content":{"rendered":"<p><span style=\"color: #33cccc; font-size: 130%;\"><strong>ADOPTADO<\/strong><\/span><\/p>\n<p style=\"text-align: justify;\">AZABACHE&#8230; LA QUER\u00cdAN MATAR EN EL ALMAC\u00c9N DE UN BAR!!!<\/p>\n<p style=\"text-align: justify;\">Est\u00e1 panterita de 3 mesecitos es hermanita de Gussy, como su hermanito est\u00e1 pasando la cuarentena y a\u00fan est\u00e1 descubriendo lo que significa que el humano te vea como algo bueno y no como algo malo y perjudicial&#8230;<\/p>\n<p style=\"text-align: justify;\">LA QUER\u00cdAN ASESINAR POR EL SIMPLE HECHO DE HABER SIDO ABANDONADA ALL\u00cd POR SU MADRE Y HABER CRECIDO DEPENDIENDO DE LA LIMOSNA DE LOS CONTENEDORES DE COMIDA DEL BAR DONDE SE HALLABAN.<\/p>\n<p style=\"text-align: justify;\">Esta panterita busca hogar que sepa darle el cari\u00f1o que nunca ha recibido&#8230; Solo tiene acogida por Navidad y esperamos que los reyes magos le traigan esa Casita que tanto desea.<\/p>\n<p style=\"text-align: justify;\"><a href=\"mailto:Gatosabandona2@gmail.com\">Gatosabandona2@gmail.com<\/a><\/p>\n<p style=\"text-align: justify;\">633543898 (solo wassaps)<\/p>\n<p style=\"text-align: justify;\">Email contacto: <a href=\"mailto:gatosabandona2@gmail.com\">gatosabandona2@gmail.com<\/a> Tel\u00e9fono contacto: 633843898<\/p>\n","protected":false},"excerpt":{"rendered":"<p style=\"text-align: justify;\"><span style=\"color: #33cccc;\"><strong>ADOPTADO.<\/strong><\/span> Esta panterita busca hogar para dar amor<\/p>\n","protected":false},"featured_media":0,"template":"","meta":{"_acf_changed":false},"product_brand":[],"product_cat":[51,1000],"product_tag":[],"class_list":{"0":"post-2029","1":"product","2":"type-product","3":"status-publish","5":"product_cat-adoptados","6":"product_cat-adoptar-perro-gato-adoptar-mascota-es","7":"pa_chip-si","8":"pa_origen-asociacion-gatos-abandonados-murcia","9":"pa_provincia-murcia","10":"pa_sexo-hembra","11":"pa_tamano-a","13":"first","14":"instock","15":"taxable","16":"shipping-taxable","17":"product-type-simple"},"acf":[],"_links":{"self":[{"href":"https:\/\/www.wallamascotas.com\/web3\/wp-json\/wp\/v2\/product\/2029","targetHints":{"allow":["GET"]}}],"collection":[{"href":"https:\/\/www.wallamascotas.com\/web3\/wp-json\/wp\/v2\/product"}],"about":[{"href":"https:\/\/www.wallamascotas.com\/web3\/wp-json\/wp\/v2\/types\/product"}],"wp:attachment":[{"href":"https:\/\/www.wallamascotas.com\/web3\/wp-json\/wp\/v2\/media?parent=2029"}],"wp:term":[{"taxonomy":"product_brand","embeddable":true,"href":"https:\/\/www.wallamascotas.com\/web3\/wp-json\/wp\/v2\/product_brand?post=2029"},{"taxonomy":"product_cat","embeddable":true,"href":"https:\/\/www.wallamascotas.com\/web3\/wp-json\/wp\/v2\/product_cat?post=2029"},{"taxonomy":"product_tag","embeddable":true,"href":"https:\/\/www.wallamascotas.com\/web3\/wp-json\/wp\/v2\/product_tag?post=2029"}],"curies":[{"name":"wp","href":"https:\/\/api.w.org\/{rel}","templated":true}]}}