{"id":2136,"date":"2018-01-03T11:39:14","date_gmt":"2018-01-03T11:39:14","guid":{"rendered":"http:\/\/www.wallamascotas.com\/web3\/?post_type=product&#038;p=2136"},"modified":"2026-03-25T18:20:09","modified_gmt":"2026-03-25T18:20:09","slug":"nikko-5-anos-albacete","status":"publish","type":"product","link":"https:\/\/www.wallamascotas.com\/web3\/mascota\/nikko-5-anos-albacete\/","title":{"rendered":"NIKKO \u2013 5 A\u00d1OS"},"content":{"rendered":"<p><span style=\"color: #33cccc; font-size: 130%;\"><strong>ADOPTADO<\/strong><\/span><\/p>\n<p style=\"text-align: justify;\">Nikko es un precioso macho nacido el 01\/06\/2012 que fue rescatado de la perrera y llevado a residencia el 12\/08\/2013.. Lo que pensabamos que iba a ser temporal.. el pobre lleva m\u00e1s de 4 a\u00f1os en una triste jaula \u00bf Es justo ? \u00bf Si no est\u00e1 en peligro no merece ser feliz en familia ? Sabemos que no es de raza.. ni es peque\u00f1ito.. pero no por ello significa que no pueda ser feliz \ud83d\ude41 Ya empieza el invierno.. y el pobre seguir\u00e1 en una triste jaula, solo, pasando fr\u00edo.. viendo como sus compa\u00f1eros se van y \u00e9l sigue all\u00ed.. \ud83d\ude41 \u00bf Alguien le da una oportunidad por favor ?<\/p>\n<p style=\"text-align: justify;\">Es muy guapo, simp\u00e1tico, cari\u00f1oso y juguet\u00f3n. Le encanta recibir mimos y jugar con otros perritos. Se lleva bien con adultos, ni\u00f1os, perros.. y tambi\u00e9n lo han probado con gatos y es apto con ellos. Es un perrito adorable que est\u00e1 deseando tener una familia.<\/p>\n<p style=\"text-align: justify;\">Est\u00e1 en Albacete pero se podr\u00eda enviar a otras partes de Espa\u00f1a.<\/p>\n<p style=\"text-align: justify;\">Email contacto: <a href=\"mailto:aso.cuentaconmigo@gmail.com\">aso.cuentaconmigo@gmail.com<\/a> Tel\u00e9fono contacto: <a href=\"mailto:aso.cuentaconmigo@gmail.com\">aso.cuentaconmigo@gmail.com<\/a><\/p>\n","protected":false},"excerpt":{"rendered":"<p style=\"text-align: justify;\"><span style=\"color: #33cccc;\"><strong>ADOPTADO.<\/strong><\/span> Es muy guapo, simp\u00e1tico, cari\u00f1oso y juguet\u00f3n.<\/p>\n","protected":false},"featured_media":0,"template":"","meta":{"_acf_changed":false},"product_brand":[],"product_cat":[51,1000],"product_tag":[],"class_list":{"0":"post-2136","1":"product","2":"type-product","3":"status-publish","5":"product_cat-adoptados","6":"product_cat-adoptar-perro-gato-adoptar-mascota-es","7":"pa_chip-si","8":"pa_origen-asociacion-cuenta-conmigo","9":"pa_provincia-albacete","10":"pa_sexo-macho","11":"pa_tamano-c","13":"first","14":"instock","15":"taxable","16":"shipping-taxable","17":"product-type-simple"},"acf":[],"_links":{"self":[{"href":"https:\/\/www.wallamascotas.com\/web3\/wp-json\/wp\/v2\/product\/2136","targetHints":{"allow":["GET"]}}],"collection":[{"href":"https:\/\/www.wallamascotas.com\/web3\/wp-json\/wp\/v2\/product"}],"about":[{"href":"https:\/\/www.wallamascotas.com\/web3\/wp-json\/wp\/v2\/types\/product"}],"wp:attachment":[{"href":"https:\/\/www.wallamascotas.com\/web3\/wp-json\/wp\/v2\/media?parent=2136"}],"wp:term":[{"taxonomy":"product_brand","embeddable":true,"href":"https:\/\/www.wallamascotas.com\/web3\/wp-json\/wp\/v2\/product_brand?post=2136"},{"taxonomy":"product_cat","embeddable":true,"href":"https:\/\/www.wallamascotas.com\/web3\/wp-json\/wp\/v2\/product_cat?post=2136"},{"taxonomy":"product_tag","embeddable":true,"href":"https:\/\/www.wallamascotas.com\/web3\/wp-json\/wp\/v2\/product_tag?post=2136"}],"curies":[{"name":"wp","href":"https:\/\/api.w.org\/{rel}","templated":true}]}}