{"id":2175,"date":"2018-01-05T13:47:08","date_gmt":"2018-01-05T13:47:08","guid":{"rendered":"http:\/\/www.wallamascotas.com\/web3\/?post_type=product&#038;p=2175"},"modified":"2026-03-25T18:20:09","modified_gmt":"2026-03-25T18:20:09","slug":"pucca-1-mes-cadiz","status":"publish","type":"product","link":"https:\/\/www.wallamascotas.com\/web3\/mascota\/pucca-1-mes-cadiz\/","title":{"rendered":"PUCCA \u2013 1 MES"},"content":{"rendered":"<p><span style=\"color: #33cccc; font-size: 130%;\"><strong>ADOPTADO<\/strong><\/span><\/p>\n<p style=\"text-align: justify;\">Preciosa cachorra cruce de sharpei con golden retriever, nacida el 24-11-17. Muy cari\u00f1osa, sociable. Actualmente convive con ni\u00f1os, perros y gatos. Se entrega con contrato de adopci\u00f3n, vacunas, chip, desparasitada, contrato de castraci\u00f3n. Esta en el Puerto de Santa Mar\u00eda, pero puede viajar a cualquier provincia de Espa\u00f1a.<\/p>\n<p style=\"text-align: justify;\">Email contacto: <a href=\"mailto:ccreus3@xtec.cat\">ccreus3@xtec.cat<\/a><\/p>\n<p style=\"text-align: justify;\">Tel\u00e9fono contacto: 687345385<\/p>\n","protected":false},"excerpt":{"rendered":"<p style=\"text-align: justify;\"><span style=\"color: #33cccc;\"><strong>ADOPTADO.<\/strong> <\/span>Actualmente convive con ni\u00f1os, perros y gatos<\/p>\n","protected":false},"featured_media":0,"template":"","meta":{"_acf_changed":false},"product_brand":[],"product_cat":[51],"product_tag":[],"class_list":{"0":"post-2175","1":"product","2":"type-product","3":"status-publish","5":"product_cat-adoptados","6":"pa_chip-si","7":"pa_origen-asociacion-maskeperros","8":"pa_provincia-cadiz","9":"pa_sexo-hembra","10":"pa_tamano-c","12":"first","13":"instock","14":"taxable","15":"shipping-taxable","16":"product-type-simple"},"acf":[],"_links":{"self":[{"href":"https:\/\/www.wallamascotas.com\/web3\/wp-json\/wp\/v2\/product\/2175","targetHints":{"allow":["GET"]}}],"collection":[{"href":"https:\/\/www.wallamascotas.com\/web3\/wp-json\/wp\/v2\/product"}],"about":[{"href":"https:\/\/www.wallamascotas.com\/web3\/wp-json\/wp\/v2\/types\/product"}],"wp:attachment":[{"href":"https:\/\/www.wallamascotas.com\/web3\/wp-json\/wp\/v2\/media?parent=2175"}],"wp:term":[{"taxonomy":"product_brand","embeddable":true,"href":"https:\/\/www.wallamascotas.com\/web3\/wp-json\/wp\/v2\/product_brand?post=2175"},{"taxonomy":"product_cat","embeddable":true,"href":"https:\/\/www.wallamascotas.com\/web3\/wp-json\/wp\/v2\/product_cat?post=2175"},{"taxonomy":"product_tag","embeddable":true,"href":"https:\/\/www.wallamascotas.com\/web3\/wp-json\/wp\/v2\/product_tag?post=2175"}],"curies":[{"name":"wp","href":"https:\/\/api.w.org\/{rel}","templated":true}]}}