{"id":2187,"date":"2018-01-05T19:41:30","date_gmt":"2018-01-05T19:41:30","guid":{"rendered":"http:\/\/www.wallamascotas.com\/web3\/?post_type=product&#038;p=2187"},"modified":"2026-03-25T18:20:09","modified_gmt":"2026-03-25T18:20:09","slug":"nino-5-anos-madrid","status":"publish","type":"product","link":"https:\/\/www.wallamascotas.com\/web3\/mascota\/nino-5-anos-madrid\/","title":{"rendered":"NINO \u2013 5 A\u00d1OS"},"content":{"rendered":"<p><span style=\"color: #33cccc; font-size: 130%;\"><strong>ADOPTADO<\/strong><\/span><\/p>\n<p style=\"text-align: justify;\">Nino ha sufrido el abandono de su due\u00f1a al que estaba muy apegado. Sufre de epilepsia, por lo dem\u00e1s es un perrito que necesita cari\u00f1o y estabilidad.<\/p>\n","protected":false},"excerpt":{"rendered":"<p style=\"text-align: justify;\"><span style=\"color: #33cccc;\"><strong>ADOPTADO.<\/strong><\/span> Ha sufrido el abandono<\/p>\n","protected":false},"featured_media":0,"template":"","meta":{"_acf_changed":false},"product_brand":[],"product_cat":[51,1000],"product_tag":[],"class_list":{"0":"post-2187","1":"product","2":"type-product","3":"status-publish","5":"product_cat-adoptados","6":"product_cat-adoptar-perro-gato-adoptar-mascota-es","7":"pa_fecha_nacimiento-5-anos","8":"pa_fecha-alta-715","9":"pa_origen-asociacion-sos-volver-a-nacer","10":"pa_provincia-madrid","11":"pa_tamano-b","13":"first","14":"instock","15":"taxable","16":"shipping-taxable","17":"product-type-simple"},"acf":[],"_links":{"self":[{"href":"https:\/\/www.wallamascotas.com\/web3\/wp-json\/wp\/v2\/product\/2187","targetHints":{"allow":["GET"]}}],"collection":[{"href":"https:\/\/www.wallamascotas.com\/web3\/wp-json\/wp\/v2\/product"}],"about":[{"href":"https:\/\/www.wallamascotas.com\/web3\/wp-json\/wp\/v2\/types\/product"}],"wp:attachment":[{"href":"https:\/\/www.wallamascotas.com\/web3\/wp-json\/wp\/v2\/media?parent=2187"}],"wp:term":[{"taxonomy":"product_brand","embeddable":true,"href":"https:\/\/www.wallamascotas.com\/web3\/wp-json\/wp\/v2\/product_brand?post=2187"},{"taxonomy":"product_cat","embeddable":true,"href":"https:\/\/www.wallamascotas.com\/web3\/wp-json\/wp\/v2\/product_cat?post=2187"},{"taxonomy":"product_tag","embeddable":true,"href":"https:\/\/www.wallamascotas.com\/web3\/wp-json\/wp\/v2\/product_tag?post=2187"}],"curies":[{"name":"wp","href":"https:\/\/api.w.org\/{rel}","templated":true}]}}