{"id":21899,"date":"2022-08-11T15:15:24","date_gmt":"2022-08-11T15:15:24","guid":{"rendered":"https:\/\/www.wallamascotas.com\/web3\/?post_type=product&#038;p=21899"},"modified":"2022-08-28T18:28:05","modified_gmt":"2022-08-28T18:28:05","slug":"ayudale-hoy","status":"publish","type":"product","link":"https:\/\/www.wallamascotas.com\/web3\/mascota\/ayudale-hoy\/","title":{"rendered":"AYUDALE HOY"},"content":{"rendered":"<p>AYUDALE HOY<\/p>\n<p>AY\u00daDALE HOY da a conocer el trabajo de varias asociaciones y particulares rescatistas, que sin ayuda de ninguna Administraci\u00f3n y sin apenas voluntarios, ponen todo su esfuerzo cada d\u00eda en rescatar, cuidar y recuperar a animales que necesitan ayuda. Cuando \u00e9stos ya est\u00e1n preparados les buscamos un hogar donde compartir su vida para siempre<\/p>\n<p><span style=\"color: #333333; font-size: 14.4px;\">E-mail: <a href=\"mailto:ayudalehoy@gmail.com.\">ayudalehoy@gmail.com.<\/a><\/span><\/p>\n<div><\/div>\n<div><\/div>\n<div><\/div>\n<a href=\"https:\/\/www.wallamascotas.com\/web3\/mascotas\/adoptar_perro_adoptar_mascota\/?filter_origen=ayudale-hoy\" class=\"button primary is-primary is-medium\"  >\n    <span>VER ANIMALES EN ADOPCI\u00d3N DE LA ASOCIACI\u00d3N<\/span>\n  <\/a>\n\n","protected":false},"excerpt":{"rendered":"<p>&nbsp;<\/p>\n<p>&nbsp;<\/p>\n","protected":false},"featured_media":0,"template":"","meta":{"_acf_changed":false},"product_brand":[],"product_cat":[1000,1798],"product_tag":[],"class_list":{"0":"post-21899","1":"product","2":"type-product","3":"status-publish","5":"product_cat-adoptar-perro-gato-adoptar-mascota-es","6":"product_cat-asociaciones","7":"pa_origen-ayudale-hoy","8":"pa_pais-espana","10":"first","11":"instock","12":"taxable","13":"shipping-taxable","14":"product-type-simple"},"acf":[],"_links":{"self":[{"href":"https:\/\/www.wallamascotas.com\/web3\/wp-json\/wp\/v2\/product\/21899","targetHints":{"allow":["GET"]}}],"collection":[{"href":"https:\/\/www.wallamascotas.com\/web3\/wp-json\/wp\/v2\/product"}],"about":[{"href":"https:\/\/www.wallamascotas.com\/web3\/wp-json\/wp\/v2\/types\/product"}],"wp:attachment":[{"href":"https:\/\/www.wallamascotas.com\/web3\/wp-json\/wp\/v2\/media?parent=21899"}],"wp:term":[{"taxonomy":"product_brand","embeddable":true,"href":"https:\/\/www.wallamascotas.com\/web3\/wp-json\/wp\/v2\/product_brand?post=21899"},{"taxonomy":"product_cat","embeddable":true,"href":"https:\/\/www.wallamascotas.com\/web3\/wp-json\/wp\/v2\/product_cat?post=21899"},{"taxonomy":"product_tag","embeddable":true,"href":"https:\/\/www.wallamascotas.com\/web3\/wp-json\/wp\/v2\/product_tag?post=21899"}],"curies":[{"name":"wp","href":"https:\/\/api.w.org\/{rel}","templated":true}]}}