{"id":2206,"date":"2018-01-08T09:30:13","date_gmt":"2018-01-08T09:30:13","guid":{"rendered":"http:\/\/www.wallamascotas.com\/web3\/?post_type=product&#038;p=2206"},"modified":"2026-03-25T18:20:09","modified_gmt":"2026-03-25T18:20:09","slug":"laky-6-anos-granada","status":"publish","type":"product","link":"https:\/\/www.wallamascotas.com\/web3\/mascota\/laky-6-anos-granada\/","title":{"rendered":"LAKY \u2013 6 A\u00d1OS"},"content":{"rendered":"<p style=\"text-align: justify;\"><span style=\"color: #33cccc; font-size: 130%;\"><strong>ADOPTADA<\/strong><\/span><\/p>\n<p style=\"text-align: justify;\">Aqu\u00ed os presentamos al bomb\u00f3n de Laky es muy cari\u00f1oso, obediente y se lleva bien con perros y gatos.<br \/>\nEmail contacto:\u00a0<a href=\"mailto:yaky886@hotmail.com\">yaky886@hotmail.com<\/a><br \/>\nTel\u00e9fono contacto: 656 59 46 23<\/p>\n","protected":false},"excerpt":{"rendered":"<p style=\"text-align: justify;\"><span style=\"color: #33cccc;\"><strong>ADOPTADA.<\/strong><\/span>\u00a0Laky es muy cari\u00f1oso y obediente<\/p>\n","protected":false},"featured_media":0,"template":"","meta":{"_acf_changed":false},"product_brand":[],"product_cat":[51,1000],"product_tag":[],"class_list":{"0":"post-2206","1":"product","2":"type-product","3":"status-publish","5":"product_cat-adoptados","6":"product_cat-adoptar-perro-gato-adoptar-mascota-es","7":"pa_fecha_nacimiento-6-anos","8":"pa_fecha-alta-729","9":"pa_origen-asociacion-angeles-de-4-patas","10":"pa_provincia-granada","11":"pa_tamano-a","13":"first","14":"instock","15":"taxable","16":"shipping-taxable","17":"product-type-simple"},"acf":[],"_links":{"self":[{"href":"https:\/\/www.wallamascotas.com\/web3\/wp-json\/wp\/v2\/product\/2206","targetHints":{"allow":["GET"]}}],"collection":[{"href":"https:\/\/www.wallamascotas.com\/web3\/wp-json\/wp\/v2\/product"}],"about":[{"href":"https:\/\/www.wallamascotas.com\/web3\/wp-json\/wp\/v2\/types\/product"}],"wp:attachment":[{"href":"https:\/\/www.wallamascotas.com\/web3\/wp-json\/wp\/v2\/media?parent=2206"}],"wp:term":[{"taxonomy":"product_brand","embeddable":true,"href":"https:\/\/www.wallamascotas.com\/web3\/wp-json\/wp\/v2\/product_brand?post=2206"},{"taxonomy":"product_cat","embeddable":true,"href":"https:\/\/www.wallamascotas.com\/web3\/wp-json\/wp\/v2\/product_cat?post=2206"},{"taxonomy":"product_tag","embeddable":true,"href":"https:\/\/www.wallamascotas.com\/web3\/wp-json\/wp\/v2\/product_tag?post=2206"}],"curies":[{"name":"wp","href":"https:\/\/api.w.org\/{rel}","templated":true}]}}