{"id":2221,"date":"2018-01-08T10:40:47","date_gmt":"2018-01-08T10:40:47","guid":{"rendered":"http:\/\/www.wallamascotas.com\/web3\/?post_type=product&#038;p=2221"},"modified":"2026-03-25T18:20:09","modified_gmt":"2026-03-25T18:20:09","slug":"jonhy-nieve-22-meses","status":"publish","type":"product","link":"https:\/\/www.wallamascotas.com\/web3\/mascota\/jonhy-nieve-22-meses\/","title":{"rendered":"JONHY NIEVE \u2013 22 MESES"},"content":{"rendered":"<p><strong><span style=\"font-size: 130%; color: #33cccc;\">ADOPTADO<\/span><\/strong><\/p>\n<p style=\"text-align: justify;\">Jonhy nieve es un gato que naci\u00f3 en la calle y tuvo un accidente que le postr\u00f3 en una jaula durante 3 meses mientras se recuperaba de su operaci\u00f3n de patita<br \/>\nYa est\u00e1 recuperado y vive en villa o&#8217;malley (mi casa) desde hace dos semanas<br \/>\nAunque no sale mucho de debajo de mi cama, es muy cari\u00f1oso. Te llama para pedir mimos y te los da hasta que te cansas<br \/>\nNaci\u00f3 en marzo del 2016 pero es un bebe precioso<\/p>\n","protected":false},"excerpt":{"rendered":"<p style=\"text-align: justify;\"><span style=\"color: #33cccc;\"><strong>ADOPTADO.<\/strong><\/span> Busca un hogar para hacerte feliz<\/p>\n","protected":false},"featured_media":0,"template":"","meta":{"_acf_changed":false},"product_brand":[],"product_cat":[51,1000],"product_tag":[],"class_list":{"0":"post-2221","1":"product","2":"type-product","3":"status-publish","5":"product_cat-adoptados","6":"product_cat-adoptar-perro-gato-adoptar-mascota-es","7":"pa_fecha_nacimiento-22-meses","8":"pa_fecha-alta-729","9":"pa_origen-particular","11":"first","12":"instock","13":"taxable","14":"shipping-taxable","15":"product-type-simple"},"acf":[],"_links":{"self":[{"href":"https:\/\/www.wallamascotas.com\/web3\/wp-json\/wp\/v2\/product\/2221","targetHints":{"allow":["GET"]}}],"collection":[{"href":"https:\/\/www.wallamascotas.com\/web3\/wp-json\/wp\/v2\/product"}],"about":[{"href":"https:\/\/www.wallamascotas.com\/web3\/wp-json\/wp\/v2\/types\/product"}],"wp:attachment":[{"href":"https:\/\/www.wallamascotas.com\/web3\/wp-json\/wp\/v2\/media?parent=2221"}],"wp:term":[{"taxonomy":"product_brand","embeddable":true,"href":"https:\/\/www.wallamascotas.com\/web3\/wp-json\/wp\/v2\/product_brand?post=2221"},{"taxonomy":"product_cat","embeddable":true,"href":"https:\/\/www.wallamascotas.com\/web3\/wp-json\/wp\/v2\/product_cat?post=2221"},{"taxonomy":"product_tag","embeddable":true,"href":"https:\/\/www.wallamascotas.com\/web3\/wp-json\/wp\/v2\/product_tag?post=2221"}],"curies":[{"name":"wp","href":"https:\/\/api.w.org\/{rel}","templated":true}]}}