{"id":2337,"date":"2018-01-12T13:44:33","date_gmt":"2018-01-12T13:44:33","guid":{"rendered":"http:\/\/www.wallamascotas.com\/web3\/?post_type=product&#038;p=2337"},"modified":"2026-03-25T18:20:09","modified_gmt":"2026-03-25T18:20:09","slug":"alan-2-anos-murcia","status":"publish","type":"product","link":"https:\/\/www.wallamascotas.com\/web3\/mascota\/alan-2-anos-murcia\/","title":{"rendered":"ALAN \u2013 2 A\u00d1OS"},"content":{"rendered":"<p><span style=\"color: #33cccc; font-size: 130%;\"><strong>ADOPTADO<\/strong><\/span><\/p>\n<p style=\"text-align: justify;\">Alan es un perro s\u00faper noble y cari\u00f1oso. Alg\u00fan desaprensivo le corto con unas tijeras sus peque\u00f1as orejas y cola cuando era un beb\u00e9. Alan necesita una familia. Pasea bien con correa y en casa se porta muy bien.<br \/>\nEmail contacto: apapbullas@gmail.com<br \/>\nTel\u00e9fono contacto: 690218494<\/p>\n","protected":false},"excerpt":{"rendered":"<p style=\"text-align: justify;\"><span style=\"color: #33cccc;\"><strong>ADOPTADO.<\/strong><\/span> Alan es un perro s\u00faper noble y cari\u00f1oso<\/p>\n","protected":false},"featured_media":2338,"template":"","meta":{"_acf_changed":false},"product_brand":[],"product_cat":[51,1000],"product_tag":[],"class_list":{"0":"post-2337","1":"product","2":"type-product","3":"status-publish","4":"has-post-thumbnail","6":"product_cat-adoptados","7":"product_cat-adoptar-perro-gato-adoptar-mascota-es","8":"pa_chip-si","9":"pa_origen-asociacion-paticas-apap","10":"pa_provincia-murcia","11":"pa_sexo-macho","12":"pa_tamano-c","14":"first","15":"instock","16":"taxable","17":"shipping-taxable","18":"product-type-simple"},"acf":[],"_links":{"self":[{"href":"https:\/\/www.wallamascotas.com\/web3\/wp-json\/wp\/v2\/product\/2337","targetHints":{"allow":["GET"]}}],"collection":[{"href":"https:\/\/www.wallamascotas.com\/web3\/wp-json\/wp\/v2\/product"}],"about":[{"href":"https:\/\/www.wallamascotas.com\/web3\/wp-json\/wp\/v2\/types\/product"}],"wp:featuredmedia":[{"embeddable":true,"href":"https:\/\/www.wallamascotas.com\/web3\/wp-json\/wp\/v2\/media\/2338"}],"wp:attachment":[{"href":"https:\/\/www.wallamascotas.com\/web3\/wp-json\/wp\/v2\/media?parent=2337"}],"wp:term":[{"taxonomy":"product_brand","embeddable":true,"href":"https:\/\/www.wallamascotas.com\/web3\/wp-json\/wp\/v2\/product_brand?post=2337"},{"taxonomy":"product_cat","embeddable":true,"href":"https:\/\/www.wallamascotas.com\/web3\/wp-json\/wp\/v2\/product_cat?post=2337"},{"taxonomy":"product_tag","embeddable":true,"href":"https:\/\/www.wallamascotas.com\/web3\/wp-json\/wp\/v2\/product_tag?post=2337"}],"curies":[{"name":"wp","href":"https:\/\/api.w.org\/{rel}","templated":true}]}}