{"id":2478,"date":"2018-01-16T16:22:31","date_gmt":"2018-01-16T16:22:31","guid":{"rendered":"http:\/\/www.wallamascotas.com\/web3\/?post_type=product&#038;p=2478"},"modified":"2026-03-25T18:20:09","modified_gmt":"2026-03-25T18:20:09","slug":"mia-6-meses-valencia","status":"publish","type":"product","link":"https:\/\/www.wallamascotas.com\/web3\/mascota\/mia-6-meses-valencia\/","title":{"rendered":"MIA \u2013 6 MESES"},"content":{"rendered":"<p><span style=\"font-size: 130%;\"><strong><span style=\"color: #33cccc;\">ADOPTADA<\/span><\/strong><\/span><\/p>\n<p style=\"text-align: justify;\">Mia es un bomb\u00f3n de gata, s\u00faper cari\u00f1osa y juguetona. \u00a0Igual que su hermano F\u00e9lix (negro) tambi\u00e9n en adopci\u00f3n en esta pagina.<br \/>\nMia ya est\u00e1 esterilizada.<br \/>\nNos gustar\u00eda una adopci\u00f3n conjunta con su hermano F\u00e9lix pues desde que nacieron est\u00e1n juntos.<br \/>\nEmail contacto:\u00a0<a href=\"mailto:animalshelp15@gmail.com\">animalshelp15@gmail.com<\/a><br \/>\nTel\u00e9fono contacto: 661290360<\/p>\n","protected":false},"excerpt":{"rendered":"<p style=\"text-align: justify;\"><span style=\"color: #33cccc;\"><strong>ADOPTADA.<\/strong><\/span> Mia es un bomb\u00f3n de gata<\/p>\n","protected":false},"featured_media":2479,"template":"","meta":{"_acf_changed":false},"product_brand":[],"product_cat":[51,1000],"product_tag":[],"class_list":{"0":"post-2478","1":"product","2":"type-product","3":"status-publish","4":"has-post-thumbnail","6":"product_cat-adoptados","7":"product_cat-adoptar-perro-gato-adoptar-mascota-es","8":"pa_chip-no","9":"pa_fecha_nacimiento-6-meses","10":"pa_fecha-alta-811","11":"pa_origen-asociacion-animals-help","12":"pa_provincia-valencia","14":"first","15":"instock","16":"taxable","17":"shipping-taxable","18":"product-type-simple"},"acf":[],"_links":{"self":[{"href":"https:\/\/www.wallamascotas.com\/web3\/wp-json\/wp\/v2\/product\/2478","targetHints":{"allow":["GET"]}}],"collection":[{"href":"https:\/\/www.wallamascotas.com\/web3\/wp-json\/wp\/v2\/product"}],"about":[{"href":"https:\/\/www.wallamascotas.com\/web3\/wp-json\/wp\/v2\/types\/product"}],"wp:featuredmedia":[{"embeddable":true,"href":"https:\/\/www.wallamascotas.com\/web3\/wp-json\/wp\/v2\/media\/2479"}],"wp:attachment":[{"href":"https:\/\/www.wallamascotas.com\/web3\/wp-json\/wp\/v2\/media?parent=2478"}],"wp:term":[{"taxonomy":"product_brand","embeddable":true,"href":"https:\/\/www.wallamascotas.com\/web3\/wp-json\/wp\/v2\/product_brand?post=2478"},{"taxonomy":"product_cat","embeddable":true,"href":"https:\/\/www.wallamascotas.com\/web3\/wp-json\/wp\/v2\/product_cat?post=2478"},{"taxonomy":"product_tag","embeddable":true,"href":"https:\/\/www.wallamascotas.com\/web3\/wp-json\/wp\/v2\/product_tag?post=2478"}],"curies":[{"name":"wp","href":"https:\/\/api.w.org\/{rel}","templated":true}]}}