{"id":26644,"date":"2023-04-10T18:50:39","date_gmt":"2023-04-10T18:50:39","guid":{"rendered":"https:\/\/www.wallamascotas.com\/web3\/?post_type=product&#038;p=26644"},"modified":"2024-02-19T18:52:09","modified_gmt":"2024-02-19T18:52:09","slug":"asociacion-viva-la-vida-perra-cadiz","status":"publish","type":"product","link":"https:\/\/www.wallamascotas.com\/web3\/mascota\/asociacion-viva-la-vida-perra-cadiz\/","title":{"rendered":"ASOCIACION VIVA LA VIDA PERRA"},"content":{"rendered":"<p>ASOCIACION VIVA LA VIDA PERRA<\/p>\n<div>\n<div>Acogida, recogida y rescate de perros en situaci\u00f3n de abandono o desamparo. Busc\u00e1ndoles adoptantes<\/div>\n<div>Educaci\u00f3n y adiestramiento de mascotas para que cumplan funciones de asistencia, terapia asistida, y compa\u00f1\u00eda sobre personas de colectivos vulnerables en general.<\/div>\n<div>Recuperaci\u00f3n f\u00edsica y ps\u00edquica de perros.<\/div>\n<div><\/div>\n<div>Tel\u00e9fono: 686833729<\/div>\n<div>Email: <a href=\"mailto:direccion@asociacionvivalavidaperra.com\" rel=\"noreferrer\">direccion@asociacionvivalavidaperra.com<\/a><\/div>\n<div><a href=\"http:\/\/www.asociacionvivalavidaperra.com\/\" target=\"_blank\" rel=\"noopener noreferrer\">Web: www.asociacionvivalavidaperra.com<\/a><\/div>\n<\/div>\n<div>\n<p>\u00a0<span style=\"color: #333333;\">CADIZ<\/span><\/p>\n<\/div>\n<div><\/div>\n<div><\/div>\n<p>&nbsp;<\/p>\n<a href=\"https:\/\/www.wallamascotas.com\/web3\/mascotas\/adoptar-perro-gato-adoptar-mascota-es\/adoptar_perro_adoptar_mascota\/?filter_provincia=&#038;filter_origen=asociacion-viva-la-vida-perra\" class=\"button primary is-primary is-medium\"  >\n    <span>VER ANIMALES EN ADOPCI\u00d3N DE LA ASOCIACI\u00d3N - PERROS<\/span>\n  <\/a>\n\n","protected":false},"excerpt":{"rendered":"<p>&nbsp;<\/p>\n<p>&nbsp;<\/p>\n","protected":false},"featured_media":26645,"template":"","meta":{"_acf_changed":false},"product_brand":[],"product_cat":[1000,1798],"product_tag":[],"class_list":{"0":"post-26644","1":"product","2":"type-product","3":"status-publish","4":"has-post-thumbnail","6":"product_cat-adoptar-perro-gato-adoptar-mascota-es","7":"product_cat-asociaciones","8":"pa_origen-asociacion-viva-la-vida-perra","9":"pa_pais-espana","10":"pa_provincia-cadiz","12":"first","13":"instock","14":"taxable","15":"shipping-taxable","16":"product-type-simple"},"acf":[],"_links":{"self":[{"href":"https:\/\/www.wallamascotas.com\/web3\/wp-json\/wp\/v2\/product\/26644","targetHints":{"allow":["GET"]}}],"collection":[{"href":"https:\/\/www.wallamascotas.com\/web3\/wp-json\/wp\/v2\/product"}],"about":[{"href":"https:\/\/www.wallamascotas.com\/web3\/wp-json\/wp\/v2\/types\/product"}],"wp:featuredmedia":[{"embeddable":true,"href":"https:\/\/www.wallamascotas.com\/web3\/wp-json\/wp\/v2\/media\/26645"}],"wp:attachment":[{"href":"https:\/\/www.wallamascotas.com\/web3\/wp-json\/wp\/v2\/media?parent=26644"}],"wp:term":[{"taxonomy":"product_brand","embeddable":true,"href":"https:\/\/www.wallamascotas.com\/web3\/wp-json\/wp\/v2\/product_brand?post=26644"},{"taxonomy":"product_cat","embeddable":true,"href":"https:\/\/www.wallamascotas.com\/web3\/wp-json\/wp\/v2\/product_cat?post=26644"},{"taxonomy":"product_tag","embeddable":true,"href":"https:\/\/www.wallamascotas.com\/web3\/wp-json\/wp\/v2\/product_tag?post=26644"}],"curies":[{"name":"wp","href":"https:\/\/api.w.org\/{rel}","templated":true}]}}