{"id":2723,"date":"2018-01-29T09:06:36","date_gmt":"2018-01-29T09:06:36","guid":{"rendered":"http:\/\/www.wallamascotas.com\/web3\/?post_type=product&#038;p=2723"},"modified":"2026-03-25T18:20:09","modified_gmt":"2026-03-25T18:20:09","slug":"elvis-3-anos-sevilla","status":"publish","type":"product","link":"https:\/\/www.wallamascotas.com\/web3\/mascota\/elvis-3-anos-sevilla\/","title":{"rendered":"ELVIS \u2013 3 A\u00d1OS"},"content":{"rendered":"<p><span style=\"color: #33cccc; font-size: 130%;\"><strong>ADOPTADO<\/strong><\/span><\/p>\n<p style=\"text-align: justify;\">Elvis es un amor de perrito, es muy tranquilo, cari\u00f1oso y obediente en casa. Por desgracia de cachorro le atacaron algunos perros varias veces y desde entonces es bastante inseguro con ellos y tiende a ladrarles por miedo, hasta que los conoce pasado un rato y ve que no pasa nada. No tiene problemas con el ba\u00f1o ni con el cepillado, no le dan miedo los petardos. Es muy coqueto y le encanta que se le ponga ropita o cualquier cosa de adorno. Su anterior due\u00f1o falleci\u00f3 ya que era una persona mayor y no encontramos a quien le pueda dedicar el cari\u00f1o y el tiempo que se merece. \u00a1Suerte Elvis!<\/p>\n","protected":false},"excerpt":{"rendered":"<p style=\"text-align: justify;\"><span style=\"color: #33cccc;\"><strong>ADOPTADO.<\/strong><\/span> Muy tranquilo<\/p>\n","protected":false},"featured_media":0,"template":"","meta":{"_acf_changed":false},"product_brand":[],"product_cat":[51,1000],"product_tag":[],"class_list":{"0":"post-2723","1":"product","2":"type-product","3":"status-publish","5":"product_cat-adoptados","6":"product_cat-adoptar-perro-gato-adoptar-mascota-es","7":"pa_chip-no","8":"pa_origen-particular","9":"pa_pais-espana","10":"pa_pelo-largo","11":"pa_provincia-sevilla","12":"pa_sexo-macho","13":"pa_tamano-b","15":"first","16":"instock","17":"taxable","18":"shipping-taxable","19":"product-type-simple"},"acf":[],"_links":{"self":[{"href":"https:\/\/www.wallamascotas.com\/web3\/wp-json\/wp\/v2\/product\/2723","targetHints":{"allow":["GET"]}}],"collection":[{"href":"https:\/\/www.wallamascotas.com\/web3\/wp-json\/wp\/v2\/product"}],"about":[{"href":"https:\/\/www.wallamascotas.com\/web3\/wp-json\/wp\/v2\/types\/product"}],"wp:attachment":[{"href":"https:\/\/www.wallamascotas.com\/web3\/wp-json\/wp\/v2\/media?parent=2723"}],"wp:term":[{"taxonomy":"product_brand","embeddable":true,"href":"https:\/\/www.wallamascotas.com\/web3\/wp-json\/wp\/v2\/product_brand?post=2723"},{"taxonomy":"product_cat","embeddable":true,"href":"https:\/\/www.wallamascotas.com\/web3\/wp-json\/wp\/v2\/product_cat?post=2723"},{"taxonomy":"product_tag","embeddable":true,"href":"https:\/\/www.wallamascotas.com\/web3\/wp-json\/wp\/v2\/product_tag?post=2723"}],"curies":[{"name":"wp","href":"https:\/\/api.w.org\/{rel}","templated":true}]}}