{"id":2970,"date":"2018-02-05T10:00:43","date_gmt":"2018-02-05T10:00:43","guid":{"rendered":"http:\/\/www.wallamascotas.com\/web3\/?post_type=product&#038;p=2970"},"modified":"2026-03-25T18:20:09","modified_gmt":"2026-03-25T18:20:09","slug":"hans-mes-medio-cadiz","status":"publish","type":"product","link":"https:\/\/www.wallamascotas.com\/web3\/mascota\/hans-mes-medio-cadiz\/","title":{"rendered":"HANS \u2013 MES Y MEDIO"},"content":{"rendered":"<p><span style=\"color: #33cccc; font-size: 130%;\"><strong>ADOPTADO<\/strong><\/span><\/p>\n<p style=\"text-align: justify;\">Este cachorrito es un amor, muy cari\u00f1oso y sociable, convive perfectamente con ni\u00f1os, perros y gatos.<br \/>\nEsta en jerez (c\u00e1diz) se entrega con contrato de adopci\u00f3n, vacunas, chip, desparasitado, vacunas, compromiso de castraci\u00f3n, puede viajar a cualquier provincia de espa\u00f1a.<br \/>\nSi deseas adoptarlo env\u00edanos un correo electr\u00f3nico con tus datos y el nombre del perrito<\/p>\n","protected":false},"excerpt":{"rendered":"<p style=\"text-align: justify;\"><span style=\"color: #33cccc;\"><strong>ADOPTADO.<\/strong><\/span> Muy cari\u00f1oso y sociable<\/p>\n","protected":false},"featured_media":0,"template":"","meta":{"_acf_changed":false},"product_brand":[],"product_cat":[51],"product_tag":[],"class_list":{"0":"post-2970","1":"product","2":"type-product","3":"status-publish","5":"product_cat-adoptados","6":"pa_fecha_nacimiento-mes-y-medio","7":"pa_fecha-alta-1024","8":"pa_origen-asociacion-maskeperros","9":"pa_pais-espana","10":"pa_provincia-cadiz","11":"pa_tamano-c","13":"first","14":"instock","15":"taxable","16":"shipping-taxable","17":"product-type-simple"},"acf":[],"_links":{"self":[{"href":"https:\/\/www.wallamascotas.com\/web3\/wp-json\/wp\/v2\/product\/2970","targetHints":{"allow":["GET"]}}],"collection":[{"href":"https:\/\/www.wallamascotas.com\/web3\/wp-json\/wp\/v2\/product"}],"about":[{"href":"https:\/\/www.wallamascotas.com\/web3\/wp-json\/wp\/v2\/types\/product"}],"wp:attachment":[{"href":"https:\/\/www.wallamascotas.com\/web3\/wp-json\/wp\/v2\/media?parent=2970"}],"wp:term":[{"taxonomy":"product_brand","embeddable":true,"href":"https:\/\/www.wallamascotas.com\/web3\/wp-json\/wp\/v2\/product_brand?post=2970"},{"taxonomy":"product_cat","embeddable":true,"href":"https:\/\/www.wallamascotas.com\/web3\/wp-json\/wp\/v2\/product_cat?post=2970"},{"taxonomy":"product_tag","embeddable":true,"href":"https:\/\/www.wallamascotas.com\/web3\/wp-json\/wp\/v2\/product_tag?post=2970"}],"curies":[{"name":"wp","href":"https:\/\/api.w.org\/{rel}","templated":true}]}}