{"id":2992,"date":"2018-02-05T13:28:49","date_gmt":"2018-02-05T13:28:49","guid":{"rendered":"http:\/\/www.wallamascotas.com\/web3\/?post_type=product&#038;p=2992"},"modified":"2026-03-25T18:20:09","modified_gmt":"2026-03-25T18:20:09","slug":"lufi-ano-medio-granada","status":"publish","type":"product","link":"https:\/\/www.wallamascotas.com\/web3\/mascota\/lufi-ano-medio-granada\/","title":{"rendered":"LUFI \u2013 A\u00d1O Y MEDIO"},"content":{"rendered":"<p><span style=\"color: #33cccc; font-size: 130%;\"><strong>ADOPTADA<\/strong><\/span><\/p>\n<p style=\"text-align: justify;\">Hoy os tenemos que contar la triste historia de nuestro querido, amigo, Lufi.<br \/>\nA Lufi lo recogimos porque nos dieron el aviso de su abandono, y sin pensar en nada fuimos a por \u00e9l para que no estuviese en la calle ni pasara frio, hambre ni sed.<br \/>\nCuando Lufi se encontraba a salvo, empezamos a observar que solo quer\u00eda comer, y que claro cre\u00edamos que sus v\u00f3mitos eran por sus ansias con la comida. Pero poco a poco, cuando fuimos conoci\u00e9ndolo pudimos ver que Lufi ten\u00eda algo m\u00e1s, que vomitaba pero ya era un vomito con sangre o hacia heces con mucha cantidad de sangre.<br \/>\nDesde estos momentos, comenzamos a preocuparnos y decidimos llevarlo al veterinario, donde nos dijo que podr\u00eda ser que tuviera algo en el est\u00f3mago que estaba ocasion\u00e1ndole estos episodios. Por tanto, se hace una ecograf\u00eda, en la cual, no se aparenta nada preocupante pero si un poco de hinchaz\u00f3n en el est\u00f3mago. Nos mandan dieta blanda durante una semana para ver como evoluciona, ya que a ra\u00edz de esta prueba su diagn\u00f3stico es una GASTROENTIRITIS.<br \/>\nPasa la semana, y Lufi sigue igual por lo que lo llevamos de nuevo al veterinario y nos dicen que lo mejor es intervenirle, es decir, operar a ver si as\u00ed vemos algo, pero nada, Lufi no tiene nada. Nuestro veterinario nos aconseja de hacerle otra prueba en una cl\u00ednica especializada como es la endoescopia y la biopsia, las cuales, tardan unos tres d\u00edas los resultados, donde nos dicen que no hay nada grave pero s\u00ed que Lufi padece de GASTRISTIS, que es algo que puede calmarse con un pienso en bajo en grasa y con latas espec\u00edficas para ello.<\/p>\n","protected":false},"excerpt":{"rendered":"<p style=\"text-align: justify;\"><span style=\"color: #33cccc;\"><strong>ADOPTADA.<\/strong><\/span> Est\u00e1 esperando un hogar<\/p>\n","protected":false},"featured_media":0,"template":"","meta":{"_acf_changed":false},"product_brand":[],"product_cat":[51,1000],"product_tag":[],"class_list":{"0":"post-2992","1":"product","2":"type-product","3":"status-publish","5":"product_cat-adoptados","6":"product_cat-adoptar-perro-gato-adoptar-mascota-es","7":"pa_fecha_nacimiento-ano-y-medio","8":"pa_fecha-alta-1024","9":"pa_origen-particular","10":"pa_pais-espana","11":"pa_provincia-granada","12":"pa_tamano-b","14":"first","15":"instock","16":"taxable","17":"shipping-taxable","18":"product-type-simple"},"acf":[],"_links":{"self":[{"href":"https:\/\/www.wallamascotas.com\/web3\/wp-json\/wp\/v2\/product\/2992","targetHints":{"allow":["GET"]}}],"collection":[{"href":"https:\/\/www.wallamascotas.com\/web3\/wp-json\/wp\/v2\/product"}],"about":[{"href":"https:\/\/www.wallamascotas.com\/web3\/wp-json\/wp\/v2\/types\/product"}],"wp:attachment":[{"href":"https:\/\/www.wallamascotas.com\/web3\/wp-json\/wp\/v2\/media?parent=2992"}],"wp:term":[{"taxonomy":"product_brand","embeddable":true,"href":"https:\/\/www.wallamascotas.com\/web3\/wp-json\/wp\/v2\/product_brand?post=2992"},{"taxonomy":"product_cat","embeddable":true,"href":"https:\/\/www.wallamascotas.com\/web3\/wp-json\/wp\/v2\/product_cat?post=2992"},{"taxonomy":"product_tag","embeddable":true,"href":"https:\/\/www.wallamascotas.com\/web3\/wp-json\/wp\/v2\/product_tag?post=2992"}],"curies":[{"name":"wp","href":"https:\/\/api.w.org\/{rel}","templated":true}]}}