{"id":30514,"date":"2023-12-03T20:12:41","date_gmt":"2023-12-03T20:12:41","guid":{"rendered":"https:\/\/www.wallamascotas.com\/web3\/?post_type=product&#038;p=30514"},"modified":"2024-01-30T21:45:55","modified_gmt":"2024-01-30T21:45:55","slug":"adoptado-818","status":"publish","type":"product","link":"https:\/\/www.wallamascotas.com\/web3\/mascota\/adoptado-818\/","title":{"rendered":"FLO"},"content":{"rendered":"<p><a href=\"http:\/\/www.wallamascotas.com\/web3\/wp-content\/uploads\/2024\/01\/524e91cb-15b3-4518-8f09-8d62a946cc07.jpeg\"><img decoding=\"async\" class=\"attachment-thumbnail size-thumbnail\" src=\"http:\/\/www.wallamascotas.com\/web3\/wp-content\/uploads\/2024\/01\/524e91cb-15b3-4518-8f09-8d62a946cc07-150x150.jpeg\" alt=\"\" \/><\/a><\/p>\n<p>da en adopci\u00f3n cachorro de perro de agua espa\u00f1ol tiene 9 meses es macho\u00a0<\/p>\n<ul class=\"wpuf_customs\">            <li class=\"wpuf-field-data wpuf-field-data-radio_field\">\n                                    <label>Se env\u00eda la mascota:<\/label>\n                                NO            <\/li>\n                    <li class=\"wpuf-field-data wpuf-field-data-radio_field\">\n                                    <label>Origen:<\/label>\n                                Particular            <\/li>\n        <li><label>Fecha de publicaci\u00f3n:<\/label> <\/li>            <li class=\"wpuf-field-data wpuf-field-data-radio_field\">\n                                    <label>La mascota ha sido adoptada:<\/label>\n                                SI            <\/li>\n                    <li class=\"wpuf-field-data wpuf-field-data-email_address\">\n                                    <label>Direcci\u00f3n de correo:<\/label>\n                                <a href=\"mailto:natalia.tona84@gmail.com\">natalia.tona84@gmail.com<\/a>            <\/li>\n        <\/ul>","protected":false},"excerpt":{"rendered":"<p>da en adopci\u00f3n cachorro de perro de agua espa\u00f1ol tiene 9 meses es macho\u00a0 Se env\u00eda la mascota: NO Origen: Particular Fecha de publicaci\u00f3n: La mascota ha sido adoptada: SI Direcci\u00f3n de correo: natalia.tona84@gmail.com<\/p>\n","protected":false},"featured_media":0,"template":"","meta":{"_acf_changed":false},"product_brand":[],"product_cat":[1000],"product_tag":[],"class_list":{"0":"post-30514","1":"product","2":"type-product","3":"status-publish","5":"product_cat-adoptar-perro-gato-adoptar-mascota-es","6":"pa_chip-si","7":"pa_edad-a","8":"pa_fecha-nacimiento-ano-3460","9":"pa_fecha-nacimiento-mes-03-marzo","10":"pa_provincia-cadiz","11":"pa_raza-perro-de-aguas-espanol","12":"pa_sexo-macho","13":"pa_tamano-c","15":"first","16":"instock","17":"taxable","18":"shipping-taxable","19":"product-type-simple"},"acf":[],"_links":{"self":[{"href":"https:\/\/www.wallamascotas.com\/web3\/wp-json\/wp\/v2\/product\/30514","targetHints":{"allow":["GET"]}}],"collection":[{"href":"https:\/\/www.wallamascotas.com\/web3\/wp-json\/wp\/v2\/product"}],"about":[{"href":"https:\/\/www.wallamascotas.com\/web3\/wp-json\/wp\/v2\/types\/product"}],"wp:attachment":[{"href":"https:\/\/www.wallamascotas.com\/web3\/wp-json\/wp\/v2\/media?parent=30514"}],"wp:term":[{"taxonomy":"product_brand","embeddable":true,"href":"https:\/\/www.wallamascotas.com\/web3\/wp-json\/wp\/v2\/product_brand?post=30514"},{"taxonomy":"product_cat","embeddable":true,"href":"https:\/\/www.wallamascotas.com\/web3\/wp-json\/wp\/v2\/product_cat?post=30514"},{"taxonomy":"product_tag","embeddable":true,"href":"https:\/\/www.wallamascotas.com\/web3\/wp-json\/wp\/v2\/product_tag?post=30514"}],"curies":[{"name":"wp","href":"https:\/\/api.w.org\/{rel}","templated":true}]}}