{"id":3186,"date":"2018-02-19T07:38:45","date_gmt":"2018-02-19T07:38:45","guid":{"rendered":"http:\/\/www.wallamascotas.com\/web3\/?post_type=product&#038;p=3186"},"modified":"2026-03-25T18:20:09","modified_gmt":"2026-03-25T18:20:09","slug":"nika-25-anos-guadalajara","status":"publish","type":"product","link":"https:\/\/www.wallamascotas.com\/web3\/mascota\/nika-25-anos-guadalajara\/","title":{"rendered":"NIKA \u2013 2,5 A\u00d1OS"},"content":{"rendered":"<p><strong><span style=\"font-size: 130%; color: #33cccc;\">ADOPTADA<\/span><\/strong><\/p>\n<p style=\"text-align: justify;\">Nika es una bodeguera que vino de C\u00f3rdoba. Estaba abandonada en un pueblo donde no la quer\u00edan y la echaban a palos los vecinos.<br \/>\nEs muy cari\u00f1osa y simp\u00e1tica con personas, le encantan los ni\u00f1os. Convive con perros, es algo desconfiada con ellos al principio, pero con paciencia y cari\u00f1o lo supera sin problema.<br \/>\nSe entrega castrada, desparasitada, vacunada, con pasaporte y microchip. Gastos veterinarios a cargo del adoptante.<br \/>\nContrato de adopci\u00f3n y seguimiento.<\/p>\n","protected":false},"excerpt":{"rendered":"<p style=\"text-align: justify;\"><strong><span style=\"color: #33cccc;\">ADOPTADA.<\/span><\/strong> Es muy cari\u00f1osa y simp\u00e1tica con personas<\/p>\n","protected":false},"featured_media":0,"template":"","meta":{"_acf_changed":false},"product_brand":[],"product_cat":[51,1000],"product_tag":[],"class_list":{"0":"post-3186","1":"product","2":"type-product","3":"status-publish","5":"product_cat-adoptados","6":"product_cat-adoptar-perro-gato-adoptar-mascota-es","7":"pa_fecha_nacimiento-dos-anos-y-medio","8":"pa_fecha-alta-19-02-18","9":"pa_origen-a-p-a-sonando-feliz","10":"pa_pais-espana","11":"pa_provincia-guadalajara","12":"pa_tamano-c","14":"first","15":"instock","16":"taxable","17":"shipping-taxable","18":"product-type-simple"},"acf":[],"_links":{"self":[{"href":"https:\/\/www.wallamascotas.com\/web3\/wp-json\/wp\/v2\/product\/3186","targetHints":{"allow":["GET"]}}],"collection":[{"href":"https:\/\/www.wallamascotas.com\/web3\/wp-json\/wp\/v2\/product"}],"about":[{"href":"https:\/\/www.wallamascotas.com\/web3\/wp-json\/wp\/v2\/types\/product"}],"wp:attachment":[{"href":"https:\/\/www.wallamascotas.com\/web3\/wp-json\/wp\/v2\/media?parent=3186"}],"wp:term":[{"taxonomy":"product_brand","embeddable":true,"href":"https:\/\/www.wallamascotas.com\/web3\/wp-json\/wp\/v2\/product_brand?post=3186"},{"taxonomy":"product_cat","embeddable":true,"href":"https:\/\/www.wallamascotas.com\/web3\/wp-json\/wp\/v2\/product_cat?post=3186"},{"taxonomy":"product_tag","embeddable":true,"href":"https:\/\/www.wallamascotas.com\/web3\/wp-json\/wp\/v2\/product_tag?post=3186"}],"curies":[{"name":"wp","href":"https:\/\/api.w.org\/{rel}","templated":true}]}}