{"id":3219,"date":"2018-02-19T13:24:34","date_gmt":"2018-02-19T13:24:34","guid":{"rendered":"http:\/\/www.wallamascotas.com\/web3\/?post_type=product&#038;p=3219"},"modified":"2026-03-25T18:20:09","modified_gmt":"2026-03-25T18:20:09","slug":"linda-4-anos-guadalajara","status":"publish","type":"product","link":"https:\/\/www.wallamascotas.com\/web3\/mascota\/linda-4-anos-guadalajara\/","title":{"rendered":"LINDA \u2013 4 A\u00d1OS"},"content":{"rendered":"<p><span style=\"color: #33cccc; font-size: 130%;\"><strong>ADOPTADA<\/strong><\/span><\/p>\n<p style=\"text-align: justify;\">Linda es una preciosa perrita que apareci\u00f3 abandonada embarazada en una aldea de Galicia. All\u00ed la llevaron a la perrera, donde tuvo a sus 7 beb\u00e9s, y nos los trajimos a todos a nuestra asociaci\u00f3n para buscarles un buen hogar.<\/p>\n<p style=\"text-align: justify;\">Sus beb\u00e9s ya han sido adoptados, ella est\u00e1 esperando su oportunidad, es algo t\u00edmida, pero con un car\u00e1cter noble y bueno. Convive con otros perros sin problema.<\/p>\n<p style=\"text-align: justify;\">Se entrega castrada, desparasitada, vacunada, con pasaporte y microchip.<\/p>\n<p style=\"text-align: justify;\">Gastos veterinarios a cargo del adoptante.<\/p>\n<p style=\"text-align: justify;\">Contrato de adopci\u00f3n y seguimiento.<\/p>\n","protected":false},"excerpt":{"rendered":"<p style=\"text-align: justify;\"><span style=\"color: #33cccc;\"><strong>ADOPTADA.<\/strong><\/span> Es algo t\u00edmida<\/p>\n","protected":false},"featured_media":0,"template":"","meta":{"_acf_changed":false},"product_brand":[],"product_cat":[51,1000],"product_tag":[],"class_list":{"0":"post-3219","1":"product","2":"type-product","3":"status-publish","5":"product_cat-adoptados","6":"product_cat-adoptar-perro-gato-adoptar-mascota-es","7":"pa_chip-si","8":"pa_origen-a-p-a-sonando-feliz","9":"pa_pais-espana","10":"pa_pelo-corto","11":"pa_provincia-guadalajara","12":"pa_sexo-hembra","13":"pa_tamano-c","15":"first","16":"instock","17":"taxable","18":"shipping-taxable","19":"product-type-simple"},"acf":[],"_links":{"self":[{"href":"https:\/\/www.wallamascotas.com\/web3\/wp-json\/wp\/v2\/product\/3219","targetHints":{"allow":["GET"]}}],"collection":[{"href":"https:\/\/www.wallamascotas.com\/web3\/wp-json\/wp\/v2\/product"}],"about":[{"href":"https:\/\/www.wallamascotas.com\/web3\/wp-json\/wp\/v2\/types\/product"}],"wp:attachment":[{"href":"https:\/\/www.wallamascotas.com\/web3\/wp-json\/wp\/v2\/media?parent=3219"}],"wp:term":[{"taxonomy":"product_brand","embeddable":true,"href":"https:\/\/www.wallamascotas.com\/web3\/wp-json\/wp\/v2\/product_brand?post=3219"},{"taxonomy":"product_cat","embeddable":true,"href":"https:\/\/www.wallamascotas.com\/web3\/wp-json\/wp\/v2\/product_cat?post=3219"},{"taxonomy":"product_tag","embeddable":true,"href":"https:\/\/www.wallamascotas.com\/web3\/wp-json\/wp\/v2\/product_tag?post=3219"}],"curies":[{"name":"wp","href":"https:\/\/api.w.org\/{rel}","templated":true}]}}